{"id":7287,"date":"2022-03-16T13:39:03","date_gmt":"2022-03-16T11:39:03","guid":{"rendered":"https:\/\/cig-icg.gr\/product\/membres-institutionnels\/"},"modified":"2025-01-21T14:09:31","modified_gmt":"2025-01-21T12:09:31","slug":"institutional-membership","status":"publish","type":"product","link":"https:\/\/www.cig-icg.gr\/fr\/produit\/institutional-membership\/","title":{"rendered":"Membres institutionnels"},"content":{"rendered":"<p>L\u2019Institut canadien en Gr\u00e8ce offre trois cat\u00e9gories de membres institutionnels. Chaque cat\u00e9gorie conf\u00e8re de divers aux institutions adh\u00e9rentes, \u00e0 leur corps professoral ainsi qu\u2019\u00e0 leurs \u00e9tudiants. \u00c0 titre d\u2019exemple, les membres de la cat\u00e9gorie A, le niveau d\u2019adh\u00e9sion le plus complet, ont la possibilit\u00e9 de jouer un r\u00f4le pr\u00e9pond\u00e9rant dans les discussions portant sur les orientations futures de l\u2019ICG.<\/p>\n<p><a href=\"https:\/\/www.cig-icg.gr\/wp-content\/uploads\/2024\/11\/Institutional_Membership_benefits.pdf\">Benefits of Institutional Membership<\/a><\/p>\n<p><strong>Cat\u00e9gorie A<\/strong><\/p>\n<ul>\n<li>Universit\u00e9 Acadia : <a href=\"https:\/\/history.acadiau.ca\/home.html\" target=\"_blank\" rel=\"noopener\">D\u00e9partement d\u2019histoire et de lettres classiques<\/a><\/li>\n<li>Universit\u00e9 d\u2019Alberta : <a href=\"https:\/\/www.historyandclassics.ualberta.ca\/\" target=\"_blank\" rel=\"noopener\">D\u00e9partement d\u2019histoire, de lettres classiques et de religion<\/a><\/li>\n<li>Universit\u00e9 de Colombie-Britannique: <a href=\"https:\/\/amne.ubc.ca\/\" target=\"_blank\" rel=\"noopener\">D\u00e9partement d&rsquo;\u00e9tudes de la M\u00e9diterran\u00e9e ancienne et du Proche-Orient<\/a><\/li>\n<li>Universit\u00e9 Brock: <a href=\"https:\/\/www.brocku.ca\/humanities\/departments-and-centres\/classics\" target=\"_blank\" rel=\"noopener\">D\u00e9partement de lettres classiques et d\u2019arch\u00e9ologie<\/a><\/li>\n<li>Universit\u00e9 de Calgary: <a href=\"https:\/\/clare.ucalgary.ca\/\" target=\"_blank\" rel=\"noopener\">D\u00e9partement de lettres classiques et de religion<\/a><\/li>\n<li>Universit\u00e9 Carleton: <a href=\"https:\/\/carleton.ca\/grs\/\" target=\"_blank\" rel=\"noopener\">D\u00e9partement d\u2019\u00e9tudes grecques et romaines<\/a><\/li>\n<li>Universit\u00e9 Concordia: <a href=\"https:\/\/www.concordia.ca\/artsci\/cmll.html\" target=\"_blank\" rel=\"noopener\">D\u00e9partement de lettres classiques, langues modernes et linguistique<\/a><\/li>\n<li>Universit\u00e9 Dalhousie: <a href=\"https:\/\/www.dal.ca\/faculty\/arts\/classics.html\" target=\"_blank\" rel=\"noopener\">D\u00e9partement de lettres classiques<\/a><\/li>\n<li>Universit\u00e9 de Manitoba: <a href=\"https:\/\/umanitoba.ca\/classics\/\" target=\"_blank\" rel=\"noopener\">D\u00e9partement de lettres classiques<\/a><\/li>\n<li>Universit\u00e9 McGill: <a href=\"https:\/\/mcgill.ca\/classics\/\" target=\"_blank\" rel=\"noopener\">d\u00e9partement d\u2019\u00e9tudes classiques<\/a><\/li>\n<li>Universit\u00e9 McMaster: <a href=\"https:\/\/www.humanities.mcmaster.ca\/~classics\/\" target=\"_blank\" rel=\"noopener\">D\u00e9partement d\u2019\u00e9tudes grecques et romaines<\/a><\/li>\n<li>Universit\u00e9 de Montr\u00e9al: <a href=\"https:\/\/cetcl.umontreal.ca\/accueil\/\" target=\"_blank\" rel=\"noopener\">Centre \u2019\u00e9tudes classiques<\/a><\/li>\n<li>Universit\u00e9 de Nouveau-Brunswick: <a href=\"https:\/\/www.unb.ca\/fredericton\/arts\/departments\/classics\/\" target=\"_blank\" rel=\"noopener\">D\u00e9partement de lettres classiques et d\u2019histoire ancienne<\/a><\/li>\n<li>Universit\u00e9 d&rsquo;Ottawa: <a href=\"https:\/\/www.uottawa.ca\/faculty-arts\/classics-religious-studies\" target=\"_blank\" rel=\"noopener\">D\u00e9partement d&rsquo;\u00e9tudes classiques et religieuses<\/a><\/li>\n<li>Universit\u00e9 Queen&rsquo;s: <a href=\"https:\/\/www.queensu.ca\/classics\/\" target=\"_blank\" rel=\"noopener\">D\u00e9partement de lettres classiques et d\u2019arch\u00e9ologie<\/li>\n<li>Universit\u00e9 Simon Fraser: <a href=\"https:\/\/www.sfu.ca\/snfchs.html\" target=\"_blank\" rel=\"noopener\">Stavros Niarchos Foundation Centre for Hellenic Studies<\/a><\/li>\n<li>Universit\u00e9 de Toronto: <a href=\"https:\/\/www.classics.utoronto.ca\/\" target=\"_blank\" rel=\"noopener\">D\u00e9partement de lettres classiques<\/a> et <a href=\"https:\/\/arthistory.utoronto.ca\/\" target=\"_blank\" rel=\"noopener\">D\u00e9partement d\u2019histoire de l\u2019art<\/a><\/li>\n<li>Universit\u00e9 de Victoria: <a href=\"https:\/\/www.uvic.ca\/humanities\/greekroman\/\" target=\"_blank\" rel=\"noopener\">D\u00e9partement d\u2019\u00e9tudes grecques et romaines<\/a><\/li>\n<li>Universit\u00e9 de Waterloo: <a href=\"https:\/\/uwaterloo.ca\/classical-studies\/\" target=\"_blank\" rel=\"noopener\">D\u00e9partement d\u2019\u00e9tudes classiques<\/a> et <a href=\"https:\/\/uwaterloo.ca\/anthropology\/\" target=\"_blank\" rel=\"noopener\">D\u00e9partement d\u2019anthropologie<\/a><\/li>\n<li>Universit\u00e9 Western: <a href=\"https:\/\/www.uwo.ca\/classics\/\" target=\"_blank\" rel=\"noopener\">D\u00e9partement d\u2019\u00e9tudes classiques<\/a><\/li>\n<li>Universit\u00e9 Wilfrid Laurier: <a href=\"https:\/\/students.wlu.ca\/programs\/arts\/archaeology-and-heritage-studies\/index.html\" target=\"_blank\" rel=\"noopener\">D\u00e9partement d\u2019arch\u00e9ologie et d&rsquo;\u00e9tudes patrimoniales<\/a><\/li>\n<li><a href=\"https:\/\/www.yorku.ca\/web\/index.htm\" target=\"_blank\" rel=\"noopener\">Universit\u00e9 York<\/a><\/li>\n<li><a href=\"https:\/\/www.cac-scec.ca\/fr\/home-francais\/\" target=\"_blank\" rel=\"noopener\">Soci\u00e9t\u00e9 canadienne des \u00e9tudes classiques<\/a><\/li>\n<li><a href=\"https:\/\/www.international.gc.ca\/country-pays\/greece-grece\/athens-athenes.aspx?lang=fra\" target=\"_blank\" rel=\"noopener\">Ambassade du Canada en Gr\u00e8ce<\/a><\/li>\n<\/ul>\n","protected":false},"excerpt":{"rendered":"<p>L\u2019Institut canadien en Gr\u00e8ce offre trois cat\u00e9gories de membres institutionnels. Chaque cat\u00e9gorie conf\u00e8re de divers aux institutions adh\u00e9rentes, \u00e0 leur corps professoral ainsi qu\u2019\u00e0 leurs \u00e9tudiants. \u00c0 titre d\u2019exemple, les membres de la cat\u00e9gorie A, le niveau d\u2019adh\u00e9sion<\/p>\n","protected":false},"featured_media":6521,"template":"","meta":{"_EventAllDay":false,"_EventTimezone":"","_EventStartDate":"","_EventEndDate":"","_EventStartDateUTC":"","_EventEndDateUTC":"","_EventShowMap":false,"_EventShowMapLink":false,"_EventURL":"","_EventCost":"","_EventCostDescription":"","_EventCurrencySymbol":"","_EventCurrencyCode":"","_EventCurrencyPosition":"","_EventDateTimeSeparator":"","_EventTimeRangeSeparator":"","_EventOrganizerID":[],"_EventVenueID":[],"_OrganizerEmail":"","_OrganizerPhone":"","_OrganizerWebsite":"","_VenueAddress":"","_VenueCity":"","_VenueCountry":"","_VenueProvince":"","_VenueState":"","_VenueZip":"","_VenuePhone":"","_VenueURL":"","_VenueStateProvince":"","_VenueLat":"","_VenueLng":"","_VenueShowMap":false,"_VenueShowMapLink":false},"product_brand":[],"product_cat":[143],"product_tag":[],"class_list":{"0":"post-7287","1":"product","2":"type-product","3":"status-publish","4":"has-post-thumbnail","6":"product_cat-devenir-membre","8":"first","9":"instock","10":"shipping-taxable","11":"purchasable","12":"product-type-variable"},"_links":{"self":[{"href":"https:\/\/www.cig-icg.gr\/fr\/wp-json\/wp\/v2\/product\/7287","targetHints":{"allow":["GET"]}}],"collection":[{"href":"https:\/\/www.cig-icg.gr\/fr\/wp-json\/wp\/v2\/product"}],"about":[{"href":"https:\/\/www.cig-icg.gr\/fr\/wp-json\/wp\/v2\/types\/product"}],"wp:featuredmedia":[{"embeddable":true,"href":"https:\/\/www.cig-icg.gr\/fr\/wp-json\/wp\/v2\/media\/6521"}],"wp:attachment":[{"href":"https:\/\/www.cig-icg.gr\/fr\/wp-json\/wp\/v2\/media?parent=7287"}],"wp:term":[{"taxonomy":"product_brand","embeddable":true,"href":"https:\/\/www.cig-icg.gr\/fr\/wp-json\/wp\/v2\/product_brand?post=7287"},{"taxonomy":"product_cat","embeddable":true,"href":"https:\/\/www.cig-icg.gr\/fr\/wp-json\/wp\/v2\/product_cat?post=7287"},{"taxonomy":"product_tag","embeddable":true,"href":"https:\/\/www.cig-icg.gr\/fr\/wp-json\/wp\/v2\/product_tag?post=7287"}],"curies":[{"name":"wp","href":"https:\/\/api.w.org\/{rel}","templated":true}]}}