{"id":7175,"date":"2022-03-28T15:34:30","date_gmt":"2022-03-28T15:34:30","guid":{"rendered":"https:\/\/cig-icg.gr\/product\/carte-dacces-aux-musees-et-sites\/"},"modified":"2025-08-01T01:13:54","modified_gmt":"2025-07-31T22:13:54","slug":"museum-site-passes","status":"publish","type":"product","link":"https:\/\/www.cig-icg.gr\/fr\/produit\/museum-site-passes\/","title":{"rendered":"Carte d&rsquo;acc\u00e8s aux mus\u00e9es et sites"},"content":{"rendered":"<p>Les laissez-passer permettant l\u2019acc\u00e8s gratuit aux sites arch\u00e9ologiques et aux mus\u00e9es dans toute la Gr\u00e8ce sont d\u00e9livr\u00e9s par le minist\u00e8re grec de la culture. Il s&rsquo;agit d&rsquo;un privil\u00e8ge accord\u00e9 par le minist\u00e8re aux membres de l&rsquo;Institut canadien en Gr\u00e8ce.<\/p>\n<p>Pour que l&rsquo;Institut puisse demander un laissez-passer en votre nom, envoyez par courriel une preuve d&rsquo;adh\u00e9sion et une photo (de type passeport, c&rsquo;est-\u00e0-dire t\u00eate et \u00e9paules, de face, sur fond uni ; jpg \u00e0 bonne r\u00e9solution) \u00e0 <a href=\"mailto:info@cig-icg.gr\">info@cig-icg.gr.<\/a> <strong>Les demandes doivent normalement \u00eatre soumises au moins huit semaines avant la date pour laquelle le laissez-passer est requis<\/strong> .<\/p>\n<p>Les cartes peuvent \u00eatre r\u00e9cup\u00e9r\u00e9es dans les bureaux de l\u2019ICG \u00e0 Ath\u00e8nes aux heures normales d&rsquo;ouverture. Si vous pr\u00e9f\u00e9rez que votre laissez-passer vous soit envoy\u00e9 par la poste, veuillez ajouter 3C$ pour les frais de port et de manutention.<\/p>\n<p>Pour plus d&rsquo;informations, veuillez contacter le Directeur adjoint : <a href=\"mailto:ad@cig-icg.gr\">ad@cig-icg.gr<\/a><\/p>\n","protected":false},"excerpt":{"rendered":"<p>Les laissez-passer permettant l\u2019acc\u00e8s gratuit aux sites arch\u00e9ologiques et aux mus\u00e9es dans toute la Gr\u00e8ce sont d\u00e9livr\u00e9s par le minist\u00e8re grec de la culture. Il s&rsquo;agit d&rsquo;un privil\u00e8ge accord\u00e9 par le minist\u00e8re aux membres de l&rsquo;Institut canadien en<\/p>\n","protected":false},"featured_media":11909,"template":"","meta":{"_EventAllDay":false,"_EventTimezone":"","_EventStartDate":"","_EventEndDate":"","_EventStartDateUTC":"","_EventEndDateUTC":"","_EventShowMap":false,"_EventShowMapLink":false,"_EventURL":"","_EventCost":"","_EventCostDescription":"","_EventCurrencySymbol":"","_EventCurrencyCode":"","_EventCurrencyPosition":"","_EventDateTimeSeparator":"","_EventTimeRangeSeparator":"","_EventOrganizerID":[],"_EventVenueID":[],"_OrganizerEmail":"","_OrganizerPhone":"","_OrganizerWebsite":"","_VenueAddress":"","_VenueCity":"","_VenueCountry":"","_VenueProvince":"","_VenueState":"","_VenueZip":"","_VenuePhone":"","_VenueURL":"","_VenueStateProvince":"","_VenueLat":"","_VenueLng":"","_VenueShowMap":false,"_VenueShowMapLink":false},"product_brand":[],"product_cat":[139],"product_tag":[],"class_list":{"0":"post-7175","1":"product","2":"type-product","3":"status-publish","4":"has-post-thumbnail","6":"product_cat-carte-dacces-aux-musees-et-sites","8":"first","9":"instock","10":"shipping-taxable","11":"purchasable","12":"product-type-variable"},"_links":{"self":[{"href":"https:\/\/www.cig-icg.gr\/fr\/wp-json\/wp\/v2\/product\/7175","targetHints":{"allow":["GET"]}}],"collection":[{"href":"https:\/\/www.cig-icg.gr\/fr\/wp-json\/wp\/v2\/product"}],"about":[{"href":"https:\/\/www.cig-icg.gr\/fr\/wp-json\/wp\/v2\/types\/product"}],"wp:featuredmedia":[{"embeddable":true,"href":"https:\/\/www.cig-icg.gr\/fr\/wp-json\/wp\/v2\/media\/11909"}],"wp:attachment":[{"href":"https:\/\/www.cig-icg.gr\/fr\/wp-json\/wp\/v2\/media?parent=7175"}],"wp:term":[{"taxonomy":"product_brand","embeddable":true,"href":"https:\/\/www.cig-icg.gr\/fr\/wp-json\/wp\/v2\/product_brand?post=7175"},{"taxonomy":"product_cat","embeddable":true,"href":"https:\/\/www.cig-icg.gr\/fr\/wp-json\/wp\/v2\/product_cat?post=7175"},{"taxonomy":"product_tag","embeddable":true,"href":"https:\/\/www.cig-icg.gr\/fr\/wp-json\/wp\/v2\/product_tag?post=7175"}],"curies":[{"name":"wp","href":"https:\/\/api.w.org\/{rel}","templated":true}]}}