{"id":12087,"date":"2024-02-19T09:58:43","date_gmt":"2024-02-19T07:58:43","guid":{"rendered":"https:\/\/cig-icg.gr\/product\/argilos-4-les-defenses-de-la-grece-du-nord\/"},"modified":"2024-02-19T09:58:43","modified_gmt":"2024-02-19T07:58:43","slug":"argilos-4-les-defenses-de-la-grece-du-nord","status":"publish","type":"product","link":"https:\/\/www.cig-icg.gr\/fr\/produit\/argilos-4-les-defenses-de-la-grece-du-nord\/","title":{"rendered":"Argilos 4. Les d\u00e9fenses de la Gr\u00e8ce du Nord"},"content":{"rendered":"<p><strong>Argilos 4. Les d\u00e9fenses de la Gr\u00e8ce du Nord : architecture, g\u00e9ographie, histoire et ph\u00e9nom\u00e8nes r\u00e9gionaux aux p\u00e9riodes archa\u00efque, classique et hell\u00e9nistique<\/strong><br \/>\nKeven Ouellet<\/p>\n<p>Publications de l&rsquo;Institut canadien en Gr\u00e8ce, n\u00b0 14<br \/>\n2024<\/p>\n<p><a href=\"https:\/\/cig-icg.gr\/wp-content\/uploads\/2024\/02\/Argilos4.pdf\">Table des mati\u00e8res<\/a><\/p>\n","protected":false},"excerpt":{"rendered":"<p>Argilos 4. Les d\u00e9fenses de la Gr\u00e8ce du Nord : architecture, g\u00e9ographie, histoire et ph\u00e9nom\u00e8nes r\u00e9gionaux aux p\u00e9riodes archa\u00efque, classique et hell\u00e9nistique Keven Ouellet Publications de l&rsquo;Institut canadien en Gr\u00e8ce, n\u00b0 14 2024 Table des mati\u00e8res<\/p>\n","protected":false},"featured_media":12085,"template":"","meta":{"_EventAllDay":false,"_EventTimezone":"","_EventStartDate":"","_EventEndDate":"","_EventStartDateUTC":"","_EventEndDateUTC":"","_EventShowMap":false,"_EventShowMapLink":false,"_EventURL":"","_EventCost":"","_EventCostDescription":"","_EventCurrencySymbol":"","_EventCurrencyCode":"","_EventCurrencyPosition":"","_EventDateTimeSeparator":"","_EventTimeRangeSeparator":"","_EventOrganizerID":[],"_EventVenueID":[],"_OrganizerEmail":"","_OrganizerPhone":"","_OrganizerWebsite":"","_VenueAddress":"","_VenueCity":"","_VenueCountry":"","_VenueProvince":"","_VenueState":"","_VenueZip":"","_VenuePhone":"","_VenueURL":"","_VenueStateProvince":"","_VenueLat":"","_VenueLng":"","_VenueShowMap":false,"_VenueShowMapLink":false},"product_brand":[],"product_cat":[141],"product_tag":[],"class_list":{"0":"post-12087","1":"product","2":"type-product","3":"status-publish","4":"has-post-thumbnail","6":"product_cat-monographies","8":"first","9":"instock","10":"shipping-taxable","11":"purchasable","12":"product-type-variable"},"_links":{"self":[{"href":"https:\/\/www.cig-icg.gr\/fr\/wp-json\/wp\/v2\/product\/12087","targetHints":{"allow":["GET"]}}],"collection":[{"href":"https:\/\/www.cig-icg.gr\/fr\/wp-json\/wp\/v2\/product"}],"about":[{"href":"https:\/\/www.cig-icg.gr\/fr\/wp-json\/wp\/v2\/types\/product"}],"wp:featuredmedia":[{"embeddable":true,"href":"https:\/\/www.cig-icg.gr\/fr\/wp-json\/wp\/v2\/media\/12085"}],"wp:attachment":[{"href":"https:\/\/www.cig-icg.gr\/fr\/wp-json\/wp\/v2\/media?parent=12087"}],"wp:term":[{"taxonomy":"product_brand","embeddable":true,"href":"https:\/\/www.cig-icg.gr\/fr\/wp-json\/wp\/v2\/product_brand?post=12087"},{"taxonomy":"product_cat","embeddable":true,"href":"https:\/\/www.cig-icg.gr\/fr\/wp-json\/wp\/v2\/product_cat?post=12087"},{"taxonomy":"product_tag","embeddable":true,"href":"https:\/\/www.cig-icg.gr\/fr\/wp-json\/wp\/v2\/product_tag?post=12087"}],"curies":[{"name":"wp","href":"https:\/\/api.w.org\/{rel}","templated":true}]}}