{"id":7663,"date":"2022-05-30T21:32:26","date_gmt":"2022-05-30T18:32:26","guid":{"rendered":"https:\/\/cig-icg.gr\/devenir-membre\/"},"modified":"2025-11-25T14:01:40","modified_gmt":"2025-11-25T12:01:40","slug":"devenir-membre","status":"publish","type":"page","link":"https:\/\/www.cig-icg.gr\/fr\/devenir-membre\/","title":{"rendered":"Devenir membre"},"content":{"rendered":"<p><div class=\"fusion-fullwidth fullwidth-box fusion-builder-row-1 fusion-flex-container nonhundred-percent-fullwidth non-hundred-percent-height-scrolling\" style=\"--awb-border-radius-top-left:0px;--awb-border-radius-top-right:0px;--awb-border-radius-bottom-right:0px;--awb-border-radius-bottom-left:0px;--awb-flex-wrap:wrap;\" ><div class=\"fusion-builder-row fusion-row fusion-flex-align-items-flex-start fusion-flex-content-wrap\" style=\"max-width:1216.8px;margin-left: calc(-4% \/ 2 );margin-right: calc(-4% \/ 2 );\"><div class=\"fusion-layout-column fusion_builder_column fusion-builder-column-0 fusion_builder_column_1_1 1_1 fusion-flex-column\" style=\"--awb-bg-size:cover;--awb-width-large:100%;--awb-margin-top-large:0px;--awb-spacing-right-large:1.92%;--awb-margin-bottom-large:20px;--awb-spacing-left-large:1.92%;--awb-width-medium:100%;--awb-order-medium:0;--awb-spacing-right-medium:1.92%;--awb-spacing-left-medium:1.92%;--awb-width-small:100%;--awb-order-small:0;--awb-spacing-right-small:1.92%;--awb-spacing-left-small:1.92%;\"><div class=\"fusion-column-wrapper fusion-column-has-shadow fusion-flex-justify-content-flex-start fusion-content-layout-column\"><div class=\"fusion-text fusion-text-1\"><p>L&rsquo;ICG est ouvert \u00e0 tous ceux qui s&rsquo;int\u00e9ressent au riche h\u00e9ritage de la Gr\u00e8ce. Les demandes d&rsquo;adh\u00e9sions pour les membres individuels sont disponibles pour les adultes qui souhaitent contribuer \u00e0 la mission et aux objectifs de l&rsquo;Institut, ou pour ceux qui voudraient b\u00e9n\u00e9ficier des services offerts par l&rsquo;ICG et de ses locaux. Les Canadiens \u00e9tudiant toute discipline rattach\u00e9e au monde grec et \u00e0 son h\u00e9ritage culturel sont tout particuli\u00e8rement encourag\u00e9s \u00e0 faire une demande d&rsquo;adh\u00e9sion. L&rsquo;adh\u00e9sion est un atout pour les adultes int\u00e9ress\u00e9s par les \u00e9tudes grecques, mais elle est tout particuli\u00e8rement avantageuse pour ceux qui ont l&rsquo;intention de visiter la Gr\u00e8ce et y effectuer des recherches.<\/p>\n<p>Toutes les autres personnes int\u00e9ress\u00e9es par la Gr\u00e8ce et par le travail de l&rsquo;Institut sont cordialement invit\u00e9s \u00e0 rejoindre le cercle des Amis de l&rsquo;ICG, en Gr\u00e8ce ou au Canada, et de contribuer ainsi de plus pr\u00e8s au bon d\u00e9roulement du travail de l&rsquo;Institut et au support de sa communaut\u00e9.<\/p>\n<p>Les institutions situ\u00e9es au Canada peuvent aussi devenir membres de l&rsquo;ICG. L&rsquo;adh\u00e9sion institutionnelle n&rsquo;est pas seulement b\u00e9n\u00e9fique au personnel et \u00e9tudiants de l&rsquo;institution, mais permet aussi \u00e0 l&rsquo;institution de participer \u00e0 l&rsquo;\u00e9laboration des futures lignes directrices de l&rsquo;Institut.<\/p>\n<\/div><\/div><\/div><\/div><\/div><div class=\"fusion-fullwidth fullwidth-box fusion-builder-row-2 fusion-flex-container has-pattern-background has-mask-background nonhundred-percent-fullwidth non-hundred-percent-height-scrolling\" style=\"--awb-border-radius-top-left:0px;--awb-border-radius-top-right:0px;--awb-border-radius-bottom-right:0px;--awb-border-radius-bottom-left:0px;--awb-flex-wrap:wrap;\" ><div class=\"fusion-builder-row fusion-row fusion-flex-align-items-flex-start fusion-flex-content-wrap\" style=\"max-width:1216.8px;margin-left: calc(-4% \/ 2 );margin-right: calc(-4% \/ 2 );\"><div class=\"fusion-layout-column fusion_builder_column fusion-builder-column-1 fusion_builder_column_1_2 1_2 fusion-flex-column\" style=\"--awb-bg-size:cover;--awb-width-large:50%;--awb-margin-top-large:0px;--awb-spacing-right-large:3.84%;--awb-margin-bottom-large:20px;--awb-spacing-left-large:3.84%;--awb-width-medium:50%;--awb-order-medium:0;--awb-spacing-right-medium:3.84%;--awb-spacing-left-medium:3.84%;--awb-width-small:100%;--awb-order-small:0;--awb-spacing-right-small:1.92%;--awb-spacing-left-small:1.92%;\"><div class=\"fusion-column-wrapper fusion-column-has-shadow fusion-flex-justify-content-flex-start fusion-content-layout-column\"><div class=\"fusion-image-element awb-imageframe-style awb-imageframe-style-above awb-imageframe-style-1\" style=\"--awb-aspect-ratio:1 \/ 1;--awb-caption-title-font-family:var(--h2_typography-font-family);--awb-caption-title-font-weight:var(--h2_typography-font-weight);--awb-caption-title-font-style:var(--h2_typography-font-style);--awb-caption-title-size:var(--h2_typography-font-size);--awb-caption-title-transform:var(--h2_typography-text-transform);--awb-caption-title-line-height:var(--h2_typography-line-height);--awb-caption-title-letter-spacing:var(--h2_typography-letter-spacing);\"><div class=\"awb-imageframe-caption-container\" style=\"text-align:center;\"><div class=\"awb-imageframe-caption\"><h2 class=\"awb-imageframe-caption-title\">Membres individuels<\/h2><\/div><\/div><span class=\" fusion-imageframe imageframe-none imageframe-1 hover-type-none has-aspect-ratio\"><a class=\"fusion-no-lightbox\" href=\"https:\/\/www.cig-icg.gr\/individual-membership\/\" target=\"_blank\" aria-label=\"individual_membership_small_WO\" rel=\"noopener noreferrer\"><img decoding=\"async\" width=\"300\" height=\"210\" src=\"https:\/\/www.cig-icg.gr\/wp-content\/uploads\/2025\/11\/individual_membership_small_WO.jpg\" data-orig-src=\"https:\/\/www.cig-icg.gr\/wp-content\/uploads\/2025\/11\/individual_membership_small_WO-300x210.jpg\" class=\"lazyload img-responsive wp-image-16105 img-with-aspect-ratio\" data-parent-fit=\"cover\" data-parent-container=\".fusion-image-element\" alt srcset=\"data:image\/svg+xml,%3Csvg%20xmlns%3D%27http%3A%2F%2Fwww.w3.org%2F2000%2Fsvg%27%20width%3D%27800%27%20height%3D%27559%27%20viewBox%3D%270%200%20800%20559%27%3E%3Crect%20width%3D%27800%27%20height%3D%27559%27%20fill-opacity%3D%220%22%2F%3E%3C%2Fsvg%3E\" data-srcset=\"https:\/\/www.cig-icg.gr\/wp-content\/uploads\/2025\/11\/individual_membership_small_WO-200x140.jpg 200w, https:\/\/www.cig-icg.gr\/wp-content\/uploads\/2025\/11\/individual_membership_small_WO-400x280.jpg 400w, https:\/\/www.cig-icg.gr\/wp-content\/uploads\/2025\/11\/individual_membership_small_WO-600x419.jpg 600w, https:\/\/www.cig-icg.gr\/wp-content\/uploads\/2025\/11\/individual_membership_small_WO.jpg 800w\" data-sizes=\"auto\" data-orig-sizes=\"(max-width: 640px) 100vw, 600px\" \/><\/a><\/span><\/div><div class=\"fusion-separator fusion-full-width-sep\" style=\"align-self: center;margin-left: auto;margin-right: auto;margin-bottom:50px;width:100%;\"><\/div><div style=\"text-align:center;\"><a class=\"fusion-button button-flat fusion-button-default-size button-default fusion-button-default button-1 fusion-button-default-span fusion-button-default-type\" style=\"--awb-margin-bottom:50px;\" target=\"_blank\" rel=\"noopener noreferrer\" href=\"https:\/\/www.cig-icg.gr\/individual-membership\/\"><span class=\"fusion-button-text awb-button__text awb-button__text--default\">Devenir membre<\/span><\/a><\/div><\/div><\/div><div class=\"fusion-layout-column fusion_builder_column fusion-builder-column-2 fusion_builder_column_1_2 1_2 fusion-flex-column fusion-column-inner-bg-wrapper\" style=\"--awb-inner-bg-size:cover;--awb-width-large:50%;--awb-margin-top-large:0px;--awb-spacing-right-large:3.84%;--awb-margin-bottom-large:20px;--awb-spacing-left-large:3.84%;--awb-width-medium:50%;--awb-order-medium:0;--awb-spacing-right-medium:3.84%;--awb-spacing-left-medium:3.84%;--awb-width-small:100%;--awb-order-small:0;--awb-spacing-right-small:1.92%;--awb-spacing-left-small:1.92%;\" data-scroll-devices=\"small-visibility,medium-visibility,large-visibility\"><span class=\"fusion-column-inner-bg hover-type-none\"><a class=\"fusion-column-anchor\" href=\"https:\/\/www.cig-icg.gr\/institutional-membership\/\" rel=\"noopener noreferrer\" target=\"_blank\"><span class=\"fusion-column-inner-bg-image\"><\/span><\/a><\/span><div class=\"fusion-column-wrapper fusion-column-has-shadow fusion-flex-justify-content-flex-start fusion-content-layout-column\"><div class=\"fusion-image-element awb-imageframe-style awb-imageframe-style-above awb-imageframe-style-2\" style=\"--awb-aspect-ratio:1 \/ 1;--awb-caption-title-font-family:var(--h2_typography-font-family);--awb-caption-title-font-weight:var(--h2_typography-font-weight);--awb-caption-title-font-style:var(--h2_typography-font-style);--awb-caption-title-size:var(--h2_typography-font-size);--awb-caption-title-transform:var(--h2_typography-text-transform);--awb-caption-title-line-height:var(--h2_typography-line-height);--awb-caption-title-letter-spacing:var(--h2_typography-letter-spacing);\"><div class=\"awb-imageframe-caption-container\" style=\"text-align:center;\"><div class=\"awb-imageframe-caption\"><h2 class=\"awb-imageframe-caption-title\">Membres institutionnels<\/h2><\/div><\/div><span class=\" fusion-imageframe imageframe-none imageframe-2 hover-type-none has-aspect-ratio\"><img decoding=\"async\" width=\"300\" height=\"246\" title=\"traditional-whitewashed-windmill-in-the-port-of-ai-2025-02-09-07-12-23-utc_SMALL_WO\" src=\"https:\/\/www.cig-icg.gr\/wp-content\/uploads\/2025\/11\/traditional-whitewashed-windmill-in-the-port-of-ai-2025-02-09-07-12-23-utc_SMALL_WO.jpg\" data-orig-src=\"https:\/\/www.cig-icg.gr\/wp-content\/uploads\/2025\/11\/traditional-whitewashed-windmill-in-the-port-of-ai-2025-02-09-07-12-23-utc_SMALL_WO-300x246.jpg\" class=\"lazyload img-responsive wp-image-16102 img-with-aspect-ratio\" data-parent-fit=\"cover\" data-parent-container=\".fusion-image-element\" alt srcset=\"data:image\/svg+xml,%3Csvg%20xmlns%3D%27http%3A%2F%2Fwww.w3.org%2F2000%2Fsvg%27%20width%3D%27800%27%20height%3D%27655%27%20viewBox%3D%270%200%20800%20655%27%3E%3Crect%20width%3D%27800%27%20height%3D%27655%27%20fill-opacity%3D%220%22%2F%3E%3C%2Fsvg%3E\" data-srcset=\"https:\/\/www.cig-icg.gr\/wp-content\/uploads\/2025\/11\/traditional-whitewashed-windmill-in-the-port-of-ai-2025-02-09-07-12-23-utc_SMALL_WO-200x164.jpg 200w, https:\/\/www.cig-icg.gr\/wp-content\/uploads\/2025\/11\/traditional-whitewashed-windmill-in-the-port-of-ai-2025-02-09-07-12-23-utc_SMALL_WO-400x328.jpg 400w, https:\/\/www.cig-icg.gr\/wp-content\/uploads\/2025\/11\/traditional-whitewashed-windmill-in-the-port-of-ai-2025-02-09-07-12-23-utc_SMALL_WO-600x491.jpg 600w, https:\/\/www.cig-icg.gr\/wp-content\/uploads\/2025\/11\/traditional-whitewashed-windmill-in-the-port-of-ai-2025-02-09-07-12-23-utc_SMALL_WO.jpg 800w\" data-sizes=\"auto\" data-orig-sizes=\"(max-width: 640px) 100vw, 600px\" \/><\/span><\/div><div class=\"fusion-separator fusion-full-width-sep\" style=\"align-self: center;margin-left: auto;margin-right: auto;margin-bottom:50px;width:100%;\"><\/div><div style=\"text-align:center;\"><a class=\"fusion-button button-flat fusion-button-default-size button-default fusion-button-default button-2 fusion-button-default-span fusion-button-default-type\" style=\"--awb-margin-bottom:50px;\" target=\"_blank\" rel=\"noopener noreferrer\" href=\"https:\/\/www.cig-icg.gr\/institutional-membership\/\"><span class=\"fusion-button-text awb-button__text awb-button__text--default\">Devenir membre<\/span><\/a><\/div><\/div><\/div><\/div><\/div><\/p>\n","protected":false},"excerpt":{"rendered":"","protected":false},"author":1,"featured_media":16059,"parent":0,"menu_order":0,"comment_status":"closed","ping_status":"closed","template":"","meta":{"_EventAllDay":false,"_EventTimezone":"","_EventStartDate":"","_EventEndDate":"","_EventStartDateUTC":"","_EventEndDateUTC":"","_EventShowMap":false,"_EventShowMapLink":false,"_EventURL":"","_EventCost":"","_EventCostDescription":"","_EventCurrencySymbol":"","_EventCurrencyCode":"","_EventCurrencyPosition":"","_EventDateTimeSeparator":"","_EventTimeRangeSeparator":"","_EventOrganizerID":[],"_EventVenueID":[],"_OrganizerEmail":"","_OrganizerPhone":"","_OrganizerWebsite":"","_VenueAddress":"","_VenueCity":"","_VenueCountry":"","_VenueProvince":"","_VenueState":"","_VenueZip":"","_VenuePhone":"","_VenueURL":"","_VenueStateProvince":"","_VenueLat":"","_VenueLng":"","_VenueShowMap":false,"_VenueShowMapLink":false,"footnotes":""},"class_list":["post-7663","page","type-page","status-publish","has-post-thumbnail","hentry"],"_links":{"self":[{"href":"https:\/\/www.cig-icg.gr\/fr\/wp-json\/wp\/v2\/pages\/7663","targetHints":{"allow":["GET"]}}],"collection":[{"href":"https:\/\/www.cig-icg.gr\/fr\/wp-json\/wp\/v2\/pages"}],"about":[{"href":"https:\/\/www.cig-icg.gr\/fr\/wp-json\/wp\/v2\/types\/page"}],"author":[{"embeddable":true,"href":"https:\/\/www.cig-icg.gr\/fr\/wp-json\/wp\/v2\/users\/1"}],"replies":[{"embeddable":true,"href":"https:\/\/www.cig-icg.gr\/fr\/wp-json\/wp\/v2\/comments?post=7663"}],"version-history":[{"count":0,"href":"https:\/\/www.cig-icg.gr\/fr\/wp-json\/wp\/v2\/pages\/7663\/revisions"}],"wp:featuredmedia":[{"embeddable":true,"href":"https:\/\/www.cig-icg.gr\/fr\/wp-json\/wp\/v2\/media\/16059"}],"wp:attachment":[{"href":"https:\/\/www.cig-icg.gr\/fr\/wp-json\/wp\/v2\/media?parent=7663"}],"curies":[{"name":"wp","href":"https:\/\/api.w.org\/{rel}","templated":true}]}}