{"id":7495,"date":"2022-03-14T13:45:48","date_gmt":"2022-03-14T11:45:48","guid":{"rendered":"https:\/\/cig-icg.gr\/permis\/"},"modified":"2025-10-30T14:46:50","modified_gmt":"2025-10-30T12:46:50","slug":"permis","status":"publish","type":"page","link":"https:\/\/www.cig-icg.gr\/fr\/permis\/","title":{"rendered":"Permis"},"content":{"rendered":"<div class=\"fusion-fullwidth fullwidth-box fusion-builder-row-1 fusion-flex-container nonhundred-percent-fullwidth non-hundred-percent-height-scrolling\" style=\"--link_hover_color: var(--awb-color5);--link_color: var(--awb-color4);--awb-border-radius-top-left:0px;--awb-border-radius-top-right:0px;--awb-border-radius-bottom-right:0px;--awb-border-radius-bottom-left:0px;--awb-flex-wrap:wrap;\" ><div class=\"fusion-builder-row fusion-row fusion-flex-align-items-flex-start fusion-flex-content-wrap\" style=\"max-width:1216.8px;margin-left: calc(-4% \/ 2 );margin-right: calc(-4% \/ 2 );\"><div class=\"fusion-layout-column fusion_builder_column fusion-builder-column-0 fusion_builder_column_1_1 1_1 fusion-flex-column\" style=\"--awb-bg-size:cover;--awb-width-large:100%;--awb-margin-top-large:0px;--awb-spacing-right-large:1.92%;--awb-margin-bottom-large:20px;--awb-spacing-left-large:1.92%;--awb-width-medium:100%;--awb-order-medium:0;--awb-spacing-right-medium:1.92%;--awb-spacing-left-medium:1.92%;--awb-width-small:100%;--awb-order-small:0;--awb-spacing-right-small:1.92%;--awb-spacing-left-small:1.92%;\"><div class=\"fusion-column-wrapper fusion-column-has-shadow fusion-flex-justify-content-flex-start fusion-content-layout-column\"><div class=\"fusion-text fusion-text-1\"><h3>Permis d&rsquo;\u00e9tudes pour particuliers<\/h3>\n<p>Les particuliers souhaitant \u00e9tudier du mat\u00e9riel arch\u00e9ologique situ\u00e9s dans un mus\u00e9e grec ou des apoth\u00e8ques de fouilles doivent obtenir au pr\u00e9alable une autorisation aupr\u00e8s des autorit\u00e9s concern\u00e9es au sein du Minist\u00e8re Hell\u00e9nique de la Culture. Pour les chercheurs Canadiens, la demande de permis aupr\u00e8s du Minist\u00e8re doit normalement \u00eatre plac\u00e9e de leur part par l&rsquo;ICG.<\/p>\n<p>Les membres de l&rsquo;ICG ont donc la possibilit\u00e9 de faire une demande de permis d&rsquo;\u00e9tude par le biais de l&rsquo;Institut. Les candidatures doivent \u00eatre d\u00e9pos\u00e9es directement \u00e0 l&rsquo;Institut Canadien en Gr\u00e8ce pas plus tard que trois mois avant le d\u00e9but de la p\u00e9riode d&rsquo;\u00e9tude, bien qu&rsquo;il soit recommand\u00e9 de s&rsquo;y prendre six mois \u00e0 l&rsquo;avance. Un montant de 250C$ est payable lors du d\u00e9p\u00f4t de la demande; ces frais peuvent n\u00e9anmoins \u00eatre r\u00e9duits ou annul\u00e9s \u00e0 la discr\u00e9tion du Directeur.<\/p>\n<p>Pour plus d&rsquo;informations, veuillez contacter le Directeur adjoint : <a href=\"mailto:ad@cig-icg.gr\">ad@cig-icg.gr<\/a><\/p>\n<h3>Permis de fouilles<\/h3>\n<p>En tant qu&rsquo;institut arch\u00e9ologique \u00e9tranger reconnu, l&rsquo;ICG peut soumettre chaque ann\u00e9e jusqu&rsquo;\u00e0 six demandes de permis pour travaux arch\u00e9ologiques aupr\u00e8s du Minist\u00e8re Hell\u00e9nique de la Culture. Ceux-ci incluent trois permis pour fouilles arch\u00e9ologiques et\/ou prospections arch\u00e9ologiques, et trois permis pour fouilles et\/ou prospections en collaboration avec le Service Arch\u00e9ologique Grec.<\/p>\n<p>Les membres peuvent d\u00e9poser une demande pour un permis en particulier, selon les r\u00e8gles et r\u00e8glementations de l&rsquo;ICG et du Minist\u00e8re Hell\u00e9nique de la Culture. Les demandes de permis doivent \u00eatre soumises au Comit\u00e9 des Permis jusqu&rsquo;au 15 septembre de l&rsquo;ann\u00e9e pr\u00e9c\u00e9dant celle durant laquelle le projet est pr\u00e9vu. Avant de soumettre une demande de permis, les membres doivent consulter attentivement les documents suivants :<\/p>\n<ul>\n<li> <a href=\"https:\/\/cdn.shopify.com\/s\/files\/1\/0611\/1136\/9986\/files\/CIG_permits_guide.pdf?v=1643742234\">Guides des permis ICG<\/a><\/li>\n<li><a href=\"https:\/\/cig-icg.gr\/wp-content\/uploads\/2022\/03\/2018_Circular.pdf\">Termes et conditions concernant la recherche arch\u00e9ologique en Gr\u00e8ce<\/a><\/li>\n<\/ul>\n<p>Pour plus d&rsquo;informations, veuillez contacter le Pr\u00e9sident du Comit\u00e9 des Permis de l&rsquo;ICG, <a href=\"mailto:sgallimore@wlu.ca\">Dr Scott Gallimore.<\/a><\/p>\n<\/div><\/div><\/div><\/div><\/div>\n","protected":false},"excerpt":{"rendered":"","protected":false},"author":1,"featured_media":6411,"parent":0,"menu_order":0,"comment_status":"closed","ping_status":"closed","template":"","meta":{"_EventAllDay":false,"_EventTimezone":"","_EventStartDate":"","_EventEndDate":"","_EventStartDateUTC":"","_EventEndDateUTC":"","_EventShowMap":false,"_EventShowMapLink":false,"_EventURL":"","_EventCost":"","_EventCostDescription":"","_EventCurrencySymbol":"","_EventCurrencyCode":"","_EventCurrencyPosition":"","_EventDateTimeSeparator":"","_EventTimeRangeSeparator":"","_EventOrganizerID":[],"_EventVenueID":[],"_OrganizerEmail":"","_OrganizerPhone":"","_OrganizerWebsite":"","_VenueAddress":"","_VenueCity":"","_VenueCountry":"","_VenueProvince":"","_VenueState":"","_VenueZip":"","_VenuePhone":"","_VenueURL":"","_VenueStateProvince":"","_VenueLat":"","_VenueLng":"","_VenueShowMap":false,"_VenueShowMapLink":false,"footnotes":""},"class_list":["post-7495","page","type-page","status-publish","has-post-thumbnail","hentry"],"_links":{"self":[{"href":"https:\/\/www.cig-icg.gr\/fr\/wp-json\/wp\/v2\/pages\/7495","targetHints":{"allow":["GET"]}}],"collection":[{"href":"https:\/\/www.cig-icg.gr\/fr\/wp-json\/wp\/v2\/pages"}],"about":[{"href":"https:\/\/www.cig-icg.gr\/fr\/wp-json\/wp\/v2\/types\/page"}],"author":[{"embeddable":true,"href":"https:\/\/www.cig-icg.gr\/fr\/wp-json\/wp\/v2\/users\/1"}],"replies":[{"embeddable":true,"href":"https:\/\/www.cig-icg.gr\/fr\/wp-json\/wp\/v2\/comments?post=7495"}],"version-history":[{"count":0,"href":"https:\/\/www.cig-icg.gr\/fr\/wp-json\/wp\/v2\/pages\/7495\/revisions"}],"wp:featuredmedia":[{"embeddable":true,"href":"https:\/\/www.cig-icg.gr\/fr\/wp-json\/wp\/v2\/media\/6411"}],"wp:attachment":[{"href":"https:\/\/www.cig-icg.gr\/fr\/wp-json\/wp\/v2\/media?parent=7495"}],"curies":[{"name":"wp","href":"https:\/\/api.w.org\/{rel}","templated":true}]}}