{"id":6982,"date":"2022-03-13T22:03:51","date_gmt":"2022-03-13T20:03:51","guid":{"rendered":"https:\/\/cig-icg.gr\/mission\/"},"modified":"2024-01-28T13:15:09","modified_gmt":"2024-01-28T11:15:09","slug":"mission","status":"publish","type":"page","link":"https:\/\/www.cig-icg.gr\/fr\/mission\/","title":{"rendered":"Mission"},"content":{"rendered":"<p><div class=\"fusion-fullwidth fullwidth-box fusion-builder-row-1 fusion-flex-container nonhundred-percent-fullwidth non-hundred-percent-height-scrolling\" style=\"--awb-border-radius-top-left:0px;--awb-border-radius-top-right:0px;--awb-border-radius-bottom-right:0px;--awb-border-radius-bottom-left:0px;--awb-margin-top:-50px;--awb-flex-wrap:wrap;\" ><div class=\"fusion-builder-row fusion-row fusion-flex-align-items-flex-start fusion-flex-content-wrap\" style=\"max-width:1216.8px;margin-left: calc(-4% \/ 2 );margin-right: calc(-4% \/ 2 );\"><div class=\"fusion-layout-column fusion_builder_column fusion-builder-column-0 fusion_builder_column_1_1 1_1 fusion-flex-column\" style=\"--awb-bg-size:cover;--awb-width-large:100%;--awb-margin-top-large:0px;--awb-spacing-right-large:1.92%;--awb-margin-bottom-large:20px;--awb-spacing-left-large:1.92%;--awb-width-medium:100%;--awb-order-medium:0;--awb-spacing-right-medium:1.92%;--awb-spacing-left-medium:1.92%;--awb-width-small:100%;--awb-order-small:0;--awb-spacing-right-small:1.92%;--awb-spacing-left-small:1.92%;\"><div class=\"fusion-column-wrapper fusion-column-has-shadow fusion-flex-justify-content-flex-start fusion-content-layout-column\"><div class=\"fusion-text fusion-text-1\"><h3 style=\"text-align: center;\">L\u2019Institut canadien en Gr\u00e8ce (ICG) est une organisation \u00e0 but non-lucratif enregistr\u00e9e au Canada dont la mission vise \u00e0 promouvoir la recherche canadienne et l\u2019\u00e9ducation dans les domaines relatifs au patrimoine de la Gr\u00e8ce.<\/h3>\n<p style=\"text-align: left;\"><span style=\"background-color: rgba(255, 255, 255, 0); color: var(--body_typography-color); font-family: var(--body_typography-font-family); font-size: var(--body_typography-font-size); font-style: var(--body_typography-font-style,normal); font-weight: var(--body_typography-font-weight); letter-spacing: var(--body_typography-letter-spacing);\">L\u2019Institut cherche \u00e0 enrichir les connaissances actuelles sur la Gr\u00e8ce en parrainant des travaux de recherche arch\u00e9ologiques, en mettant \u00e0 disposition des ressources utiles pour la recherche scientifique et en participant activement \u00e0 la diffusion des r\u00e9sultats. L\u2019Institut est officiellement charg\u00e9 par le minist\u00e8re de la Culture grec de la responsabilit\u00e9 de tout ce qui concerne les projets de fouilles canadiens ainsi que de la conservation et de la pr\u00e9sentation du patrimoine culturel de la Gr\u00e8ce.<\/span><\/p>\n<\/div><\/div><\/div><\/div><\/div><div class=\"fusion-fullwidth fullwidth-box fusion-builder-row-2 fusion-flex-container nonhundred-percent-fullwidth non-hundred-percent-height-scrolling\" style=\"--awb-border-radius-top-left:0px;--awb-border-radius-top-right:0px;--awb-border-radius-bottom-right:0px;--awb-border-radius-bottom-left:0px;--awb-margin-bottom:-3em;--awb-flex-wrap:wrap;\" ><div class=\"fusion-builder-row fusion-row fusion-flex-align-items-flex-start fusion-flex-content-wrap\" style=\"max-width:1216.8px;margin-left: calc(-4% \/ 2 );margin-right: calc(-4% \/ 2 );\"><div class=\"fusion-layout-column fusion_builder_column fusion-builder-column-1 fusion_builder_column_1_2 1_2 fusion-flex-column\" style=\"--awb-bg-size:cover;--awb-width-large:50%;--awb-margin-top-large:0px;--awb-spacing-right-large:3.84%;--awb-margin-bottom-large:20px;--awb-spacing-left-large:3.84%;--awb-width-medium:50%;--awb-order-medium:0;--awb-spacing-right-medium:3.84%;--awb-spacing-left-medium:3.84%;--awb-width-small:100%;--awb-order-small:0;--awb-spacing-right-small:1.92%;--awb-spacing-left-small:1.92%;\"><div class=\"fusion-column-wrapper fusion-column-has-shadow fusion-flex-justify-content-flex-start fusion-content-layout-column\"><div class=\"fusion-image-element \" style=\"--awb-caption-title-font-family:var(--h2_typography-font-family);--awb-caption-title-font-weight:var(--h2_typography-font-weight);--awb-caption-title-font-style:var(--h2_typography-font-style);--awb-caption-title-size:var(--h2_typography-font-size);--awb-caption-title-transform:var(--h2_typography-text-transform);--awb-caption-title-line-height:var(--h2_typography-line-height);--awb-caption-title-letter-spacing:var(--h2_typography-letter-spacing);\"><span class=\" fusion-imageframe imageframe-none imageframe-1 hover-type-none\"><img decoding=\"async\" width=\"2000\" height=\"1500\" title=\"mission\" src=\"https:\/\/www.cig-icg.gr\/wp-content\/uploads\/2022\/03\/mission.jpg\" data-orig-src=\"https:\/\/cig-icg.gr\/wp-content\/uploads\/2022\/03\/mission.jpg\" alt class=\"lazyload img-responsive wp-image-6431\" srcset=\"data:image\/svg+xml,%3Csvg%20xmlns%3D%27http%3A%2F%2Fwww.w3.org%2F2000%2Fsvg%27%20width%3D%272000%27%20height%3D%271500%27%20viewBox%3D%270%200%202000%201500%27%3E%3Crect%20width%3D%272000%27%20height%3D%271500%27%20fill-opacity%3D%220%22%2F%3E%3C%2Fsvg%3E\" data-srcset=\"https:\/\/www.cig-icg.gr\/wp-content\/uploads\/2022\/03\/mission-200x150.jpg 200w, https:\/\/www.cig-icg.gr\/wp-content\/uploads\/2022\/03\/mission-400x300.jpg 400w, https:\/\/www.cig-icg.gr\/wp-content\/uploads\/2022\/03\/mission-600x450.jpg 600w, https:\/\/www.cig-icg.gr\/wp-content\/uploads\/2022\/03\/mission-800x600.jpg 800w, https:\/\/www.cig-icg.gr\/wp-content\/uploads\/2022\/03\/mission-1200x900.jpg 1200w, https:\/\/www.cig-icg.gr\/wp-content\/uploads\/2022\/03\/mission.jpg 2000w\" data-sizes=\"auto\" data-orig-sizes=\"(max-width: 640px) 100vw, 600px\" \/><\/span><\/div><\/div><\/div><div class=\"fusion-layout-column fusion_builder_column fusion-builder-column-2 fusion_builder_column_1_2 1_2 fusion-flex-column\" style=\"--awb-bg-size:cover;--awb-width-large:50%;--awb-margin-top-large:0px;--awb-spacing-right-large:3.84%;--awb-margin-bottom-large:20px;--awb-spacing-left-large:3.84%;--awb-width-medium:50%;--awb-order-medium:0;--awb-spacing-right-medium:3.84%;--awb-spacing-left-medium:3.84%;--awb-width-small:100%;--awb-order-small:0;--awb-spacing-right-small:1.92%;--awb-spacing-left-small:1.92%;\"><div class=\"fusion-column-wrapper fusion-column-has-shadow fusion-flex-justify-content-flex-start fusion-content-layout-column\"><div class=\"fusion-text fusion-text-2\"><div>\n<p>L\u2019Institut encourage aussi la recherche portant sur tous les domaines de la Gr\u00e8ce &#8211; antique, byzantine et moderne \u2013 \u00e0 savoir les lettres classiques, l\u2019histoire, l\u2019histoire de l&rsquo;art, l\u2019anthropologie et les beaux-arts. Afin de mener \u00e0 bien cette mission, l\u2019ICG s\u2019engage \u00e0:<\/p>\n<\/div>\n<ul>\n<li>organiser et accueillir divers \u00e9v\u00e9nements \u00e0 caract\u00e8re scientifique et culturel (s\u00e9minaires, colloques, conf\u00e9rences, expositions, etc.);<\/li>\n<li>offrir des services essentiels \u00e0 ses membres s\u00e9journant ou travaillant en Gr\u00e8ce (ce qui comprend de l\u2019information ponctuelle sur le pays et les activit\u00e9s de l\u2019Institut; l\u2019h\u00e9bergement; l\u2019acc\u00e8s \u00e0 la biblioth\u00e8que; les demandes de permis, etc.);<\/li>\n<li>offrir des bourses d\u2019\u00e9tudes sup\u00e9rieures pour les doctorants et les post-doctorants n\u00e9cessitant un s\u00e9jour de travail en Gr\u00e8ce et des stages pour les \u00e9tudiants de premier cycle et de cycles sup\u00e9rieurs souhaitant acqu\u00e9rir une exp\u00e9rience acad\u00e9mique et de vie en Gr\u00e8ce.<\/li>\n<\/ul>\n<p>L\u2019Institut soutient \u00e9galement toutes les activit\u00e9s culturelles canadiennes organis\u00e9es en Gr\u00e8ce.<\/p>\n<\/div><\/div><\/div><\/div><\/div><\/p>\n","protected":false},"excerpt":{"rendered":"","protected":false},"author":1,"featured_media":6317,"parent":0,"menu_order":0,"comment_status":"closed","ping_status":"closed","template":"","meta":{"_EventAllDay":false,"_EventTimezone":"","_EventStartDate":"","_EventEndDate":"","_EventStartDateUTC":"","_EventEndDateUTC":"","_EventShowMap":false,"_EventShowMapLink":false,"_EventURL":"","_EventCost":"","_EventCostDescription":"","_EventCurrencySymbol":"","_EventCurrencyCode":"","_EventCurrencyPosition":"","_EventDateTimeSeparator":"","_EventTimeRangeSeparator":"","_EventOrganizerID":[],"_EventVenueID":[],"_OrganizerEmail":"","_OrganizerPhone":"","_OrganizerWebsite":"","_VenueAddress":"","_VenueCity":"","_VenueCountry":"","_VenueProvince":"","_VenueState":"","_VenueZip":"","_VenuePhone":"","_VenueURL":"","_VenueStateProvince":"","_VenueLat":"","_VenueLng":"","_VenueShowMap":false,"_VenueShowMapLink":false,"footnotes":""},"class_list":["post-6982","page","type-page","status-publish","has-post-thumbnail","hentry"],"_links":{"self":[{"href":"https:\/\/www.cig-icg.gr\/fr\/wp-json\/wp\/v2\/pages\/6982","targetHints":{"allow":["GET"]}}],"collection":[{"href":"https:\/\/www.cig-icg.gr\/fr\/wp-json\/wp\/v2\/pages"}],"about":[{"href":"https:\/\/www.cig-icg.gr\/fr\/wp-json\/wp\/v2\/types\/page"}],"author":[{"embeddable":true,"href":"https:\/\/www.cig-icg.gr\/fr\/wp-json\/wp\/v2\/users\/1"}],"replies":[{"embeddable":true,"href":"https:\/\/www.cig-icg.gr\/fr\/wp-json\/wp\/v2\/comments?post=6982"}],"version-history":[{"count":0,"href":"https:\/\/www.cig-icg.gr\/fr\/wp-json\/wp\/v2\/pages\/6982\/revisions"}],"wp:featuredmedia":[{"embeddable":true,"href":"https:\/\/www.cig-icg.gr\/fr\/wp-json\/wp\/v2\/media\/6317"}],"wp:attachment":[{"href":"https:\/\/www.cig-icg.gr\/fr\/wp-json\/wp\/v2\/media?parent=6982"}],"curies":[{"name":"wp","href":"https:\/\/api.w.org\/{rel}","templated":true}]}}