{"id":6970,"date":"2022-03-14T00:06:31","date_gmt":"2022-03-13T22:06:31","guid":{"rendered":"https:\/\/cig-icg.gr\/bibliotheque-et-archives\/"},"modified":"2025-10-30T14:31:28","modified_gmt":"2025-10-30T12:31:28","slug":"bibliotheque-et-archives","status":"publish","type":"page","link":"https:\/\/www.cig-icg.gr\/fr\/bibliotheque-et-archives\/","title":{"rendered":"Biblioth\u00e8que et archives"},"content":{"rendered":"<p><div class=\"fusion-fullwidth fullwidth-box fusion-builder-row-1 fusion-flex-container nonhundred-percent-fullwidth non-hundred-percent-height-scrolling\" style=\"--awb-border-radius-top-left:0px;--awb-border-radius-top-right:0px;--awb-border-radius-bottom-right:0px;--awb-border-radius-bottom-left:0px;--awb-flex-wrap:wrap;\" ><div class=\"fusion-builder-row fusion-row fusion-flex-align-items-flex-start fusion-flex-content-wrap\" style=\"max-width:1216.8px;margin-left: calc(-4% \/ 2 );margin-right: calc(-4% \/ 2 );\"><div class=\"fusion-layout-column fusion_builder_column fusion-builder-column-0 fusion_builder_column_1_1 1_1 fusion-flex-column\" style=\"--awb-bg-size:cover;--awb-width-large:100%;--awb-margin-top-large:0px;--awb-spacing-right-large:1.92%;--awb-margin-bottom-large:20px;--awb-spacing-left-large:1.92%;--awb-width-medium:100%;--awb-order-medium:0;--awb-spacing-right-medium:1.92%;--awb-spacing-left-medium:1.92%;--awb-width-small:100%;--awb-order-small:0;--awb-spacing-right-small:1.92%;--awb-spacing-left-small:1.92%;\"><div class=\"fusion-column-wrapper fusion-column-has-shadow fusion-flex-justify-content-flex-start fusion-content-layout-column\"><div class=\"fusion-text fusion-text-1\"><h2 class=\"fusion-responsive-typography-calculated\" style=\"--fontsize: 25; line-height: 1.35; text-align: center;\" data-fontsize=\"25\" data-lineheight=\"33.75px\">Biblioth\u00e8que<\/h2>\n<p>L&rsquo;Institut canadien est dot\u00e9 d&rsquo;une biblioth\u00e8que comprenant environ 6,000 ouvrages sp\u00e9cialis\u00e9s en anthropologie, arch\u00e9ologie, environnement, histoire et litt\u00e9rature m\u00e9diterran\u00e9enne, grecque en particulier. La collection organis\u00e9e de la m\u00eame mani\u00e8re que celle de la Biblioth\u00e8que du Congr\u00e8s Am\u00e9ricain.<\/p>\n<p>La biblioth\u00e8que est accessible aux membres de l&rsquo;ICG, aux chercheurs et \u00e9tudiants grecs ainsi qu&rsquo;aux membres des autres \u00c9coles et Instituts de recherches arch\u00e9ologiques \u00e9trangers en Ath\u00e8nes, sur la pr\u00e9sentation d&rsquo;une carte de membre valide. Les membres de l&rsquo;ICG peuvent aussi b\u00e9n\u00e9ficier des ressources offertes par les biblioth\u00e8ques des autres \u00e9tablissements arch\u00e9ologiques \u00e0 Ath\u00e8nes.<\/p>\n<p>Heures d\u2019ouverture<br \/>Lundi: 09:00 \u2013 13:00<br \/>Mardi: 09:00 \u2013 13:00<br \/>Mercredi: 09:00 \u2013 13:00<br \/>Jeudi: 09:00 \u2013 13:00<br \/>Vendredi: 09:00 \u2013 13:00<\/p>\n<p>En tant qu\u2019unique institut de recherche canadien en M\u00e9diterran\u00e9e, l\u2019ICG a pour objectif de devenir un centre de r\u00e9f\u00e9rence incontournable pour tout ce qui concerne les recherches canadiennes portant sur le monde hell\u00e9nique et m\u00e9diterran\u00e9en. Les chercheurs canadiens sont chaleureusement invit\u00e9s \u00e0 nous faire parvenir des copies de leurs publications (livres, ouvrages collectifs, monographies et tir\u00e9s \u00e0 part) afin de les int\u00e9grer dans la biblioth\u00e8que.<\/p>\n<\/div><\/div><\/div><\/div><\/div><div class=\"fusion-fullwidth fullwidth-box fusion-builder-row-2 fusion-flex-container nonhundred-percent-fullwidth non-hundred-percent-height-scrolling\" style=\"--awb-border-radius-top-left:0px;--awb-border-radius-top-right:0px;--awb-border-radius-bottom-right:0px;--awb-border-radius-bottom-left:0px;--awb-flex-wrap:wrap;\" ><div class=\"fusion-builder-row fusion-row fusion-flex-align-items-flex-start fusion-flex-content-wrap\" style=\"max-width:1216.8px;margin-left: calc(-4% \/ 2 );margin-right: calc(-4% \/ 2 );\"><div class=\"fusion-layout-column fusion_builder_column fusion-builder-column-1 fusion_builder_column_1_2 1_2 fusion-flex-column\" style=\"--awb-bg-size:cover;--awb-width-large:50%;--awb-margin-top-large:0px;--awb-spacing-right-large:3.84%;--awb-margin-bottom-large:20px;--awb-spacing-left-large:3.84%;--awb-width-medium:50%;--awb-order-medium:0;--awb-spacing-right-medium:3.84%;--awb-spacing-left-medium:3.84%;--awb-width-small:100%;--awb-order-small:0;--awb-spacing-right-small:1.92%;--awb-spacing-left-small:1.92%;\"><div class=\"fusion-column-wrapper fusion-column-has-shadow fusion-flex-justify-content-flex-start fusion-content-layout-column\"><div class=\"fusion-image-element \" style=\"text-align:center;--awb-caption-title-font-family:var(--h2_typography-font-family);--awb-caption-title-font-weight:var(--h2_typography-font-weight);--awb-caption-title-font-style:var(--h2_typography-font-style);--awb-caption-title-size:var(--h2_typography-font-size);--awb-caption-title-transform:var(--h2_typography-text-transform);--awb-caption-title-line-height:var(--h2_typography-line-height);--awb-caption-title-letter-spacing:var(--h2_typography-letter-spacing);\"><span class=\" fusion-imageframe imageframe-none imageframe-1 hover-type-none\"><a class=\"fusion-no-lightbox\" href=\"https:\/\/www.cig-icg.gr\/fr\/livres-et-monographies\/\" target=\"_self\" aria-label=\"library1\"><img decoding=\"async\" width=\"500\" height=\"282\" alt=\"Livres &amp; monographies\" src=\"https:\/\/www.cig-icg.gr\/wp-content\/uploads\/2022\/03\/library1-2.jpg\" data-orig-src=\"https:\/\/www.cig-icg.gr\/wp-content\/uploads\/2022\/03\/library1-2.jpg\" class=\"lazyload img-responsive wp-image-6403\" srcset=\"data:image\/svg+xml,%3Csvg%20xmlns%3D%27http%3A%2F%2Fwww.w3.org%2F2000%2Fsvg%27%20width%3D%27500%27%20height%3D%27282%27%20viewBox%3D%270%200%20500%20282%27%3E%3Crect%20width%3D%27500%27%20height%3D%27282%27%20fill-opacity%3D%220%22%2F%3E%3C%2Fsvg%3E\" data-srcset=\"https:\/\/www.cig-icg.gr\/wp-content\/uploads\/2022\/03\/library1-2-200x113.jpg 200w, https:\/\/www.cig-icg.gr\/wp-content\/uploads\/2022\/03\/library1-2-400x226.jpg 400w, https:\/\/www.cig-icg.gr\/wp-content\/uploads\/2022\/03\/library1-2.jpg 500w\" data-sizes=\"auto\" data-orig-sizes=\"(max-width: 640px) 100vw, 500px\" \/><\/a><\/span><\/div><div style=\"text-align:center;\"><a class=\"fusion-button button-flat fusion-button-default-size button-default fusion-button-default button-1 fusion-button-default-span fusion-button-default-type\" style=\"--awb-margin-top:20px;\" target=\"_blank\" rel=\"noopener noreferrer\" href=\"https:\/\/www.cig-icg.gr\/fr\/livres-et-monographies\/\"><span class=\"fusion-button-text awb-button__text awb-button__text--default\">Livres &amp; monographies<\/span><\/a><\/div><\/div><\/div><div class=\"fusion-layout-column fusion_builder_column fusion-builder-column-2 fusion_builder_column_1_2 1_2 fusion-flex-column\" style=\"--awb-bg-size:cover;--awb-width-large:50%;--awb-margin-top-large:0px;--awb-spacing-right-large:3.84%;--awb-margin-bottom-large:20px;--awb-spacing-left-large:3.84%;--awb-width-medium:50%;--awb-order-medium:0;--awb-spacing-right-medium:3.84%;--awb-spacing-left-medium:3.84%;--awb-width-small:100%;--awb-order-small:0;--awb-spacing-right-small:1.92%;--awb-spacing-left-small:1.92%;\"><div class=\"fusion-column-wrapper fusion-column-has-shadow fusion-flex-justify-content-flex-start fusion-content-layout-column\"><div class=\"fusion-image-element \" style=\"text-align:center;--awb-caption-title-font-family:var(--h2_typography-font-family);--awb-caption-title-font-weight:var(--h2_typography-font-weight);--awb-caption-title-font-style:var(--h2_typography-font-style);--awb-caption-title-size:var(--h2_typography-font-size);--awb-caption-title-transform:var(--h2_typography-text-transform);--awb-caption-title-line-height:var(--h2_typography-line-height);--awb-caption-title-letter-spacing:var(--h2_typography-letter-spacing);\"><span class=\" fusion-imageframe imageframe-none imageframe-2 hover-type-none\"><a class=\"fusion-no-lightbox\" href=\"https:\/\/www.cig-icg.gr\/fr\/periodiques\/\" target=\"_self\"><img decoding=\"async\" alt=\"Livres &amp; monographies\" src=\"data:image\/gif;base64,R0lGODlhAQABAAAAACH5BAEKAAEALAAAAAABAAEAAAICTAEAOw==\" data-orig-src=\"https:\/\/cig-icg.gr\/wp-content\/uploads\/2022\/03\/library2-2.jpg\" class=\"lazyload img-responsive\"\/><\/a><\/span><\/div><div style=\"text-align:center;\"><a class=\"fusion-button button-flat fusion-button-default-size button-default fusion-button-default button-2 fusion-button-default-span fusion-button-default-type\" style=\"--awb-margin-top:20px;\" target=\"_blank\" rel=\"noopener noreferrer\" href=\"https:\/\/www.cig-icg.gr\/fr\/periodiques\/\"><span class=\"fusion-button-text awb-button__text awb-button__text--default\">P\u00e9riodiques<\/span><\/a><\/div><\/div><\/div><\/div><\/div><div class=\"fusion-fullwidth fullwidth-box fusion-builder-row-3 fusion-flex-container nonhundred-percent-fullwidth non-hundred-percent-height-scrolling\" style=\"--awb-border-radius-top-left:0px;--awb-border-radius-top-right:0px;--awb-border-radius-bottom-right:0px;--awb-border-radius-bottom-left:0px;--awb-margin-top:50px;--awb-flex-wrap:wrap;\" ><div class=\"fusion-builder-row fusion-row fusion-flex-align-items-flex-start fusion-flex-content-wrap\" style=\"max-width:1216.8px;margin-left: calc(-4% \/ 2 );margin-right: calc(-4% \/ 2 );\"><div class=\"fusion-layout-column fusion_builder_column fusion-builder-column-3 fusion_builder_column_1_1 1_1 fusion-flex-column\" style=\"--awb-bg-size:cover;--awb-width-large:100%;--awb-margin-top-large:0px;--awb-spacing-right-large:1.92%;--awb-margin-bottom-large:20px;--awb-spacing-left-large:1.92%;--awb-width-medium:100%;--awb-order-medium:0;--awb-spacing-right-medium:1.92%;--awb-spacing-left-medium:1.92%;--awb-width-small:100%;--awb-order-small:0;--awb-spacing-right-small:1.92%;--awb-spacing-left-small:1.92%;\"><div class=\"fusion-column-wrapper fusion-column-has-shadow fusion-flex-justify-content-flex-start fusion-content-layout-column\"><div class=\"fusion-text fusion-text-2\"><h3><\/h3>\n<h2 style=\"text-align: center;\">Archives<\/h2>\n<p>En compl\u00e9ment aux archives officielles de l\u2019Institut qui comprennent les correspondances, les rapports de mission, les \u00e9v\u00e9nements, etc., l\u2019ICG poss\u00e8de une collection de diapositives (num\u00e9ris\u00e9es) et de photographies (la collection Frederick E. Winter, en cours de num\u00e9risation) contenant plusieurs milliers d\u2019images provenant de sites arch\u00e9ologiques grecs et m\u00e9diterran\u00e9ens.<\/p>\n<\/div><\/div><\/div><\/div><\/div><div class=\"fusion-fullwidth fullwidth-box fusion-builder-row-4 fusion-flex-container nonhundred-percent-fullwidth non-hundred-percent-height-scrolling\" style=\"--awb-border-radius-top-left:0px;--awb-border-radius-top-right:0px;--awb-border-radius-bottom-right:0px;--awb-border-radius-bottom-left:0px;--awb-flex-wrap:wrap;\" ><div class=\"fusion-builder-row fusion-row fusion-flex-align-items-flex-start fusion-flex-content-wrap\" style=\"max-width:1216.8px;margin-left: calc(-4% \/ 2 );margin-right: calc(-4% \/ 2 );\"><div class=\"fusion-layout-column fusion_builder_column fusion-builder-column-4 fusion_builder_column_1_1 1_1 fusion-flex-column\" style=\"--awb-bg-size:cover;--awb-width-large:100%;--awb-margin-top-large:0px;--awb-spacing-right-large:1.92%;--awb-margin-bottom-large:20px;--awb-spacing-left-large:1.92%;--awb-width-medium:100%;--awb-order-medium:0;--awb-spacing-right-medium:1.92%;--awb-spacing-left-medium:1.92%;--awb-width-small:100%;--awb-order-small:0;--awb-spacing-right-small:1.92%;--awb-spacing-left-small:1.92%;\"><div class=\"fusion-column-wrapper fusion-column-has-shadow fusion-flex-justify-content-flex-start fusion-content-layout-column\"><div class=\"fusion-image-element \" style=\"text-align:center;--awb-caption-title-font-family:var(--h2_typography-font-family);--awb-caption-title-font-weight:var(--h2_typography-font-weight);--awb-caption-title-font-style:var(--h2_typography-font-style);--awb-caption-title-size:var(--h2_typography-font-size);--awb-caption-title-transform:var(--h2_typography-text-transform);--awb-caption-title-line-height:var(--h2_typography-line-height);--awb-caption-title-letter-spacing:var(--h2_typography-letter-spacing);\"><span class=\" fusion-imageframe imageframe-none imageframe-3 hover-type-none\"><a class=\"fusion-no-lightbox\" href=\"https:\/\/cig-icg.gr\/wp-content\/uploads\/2022\/03\/CIG_Offprints.xls\" target=\"_self\" aria-label=\"library3\"><img decoding=\"async\" width=\"500\" height=\"282\" alt=\"Livres &amp; monographies\" src=\"https:\/\/www.cig-icg.gr\/wp-content\/uploads\/2022\/03\/library3-2.jpg\" data-orig-src=\"https:\/\/www.cig-icg.gr\/wp-content\/uploads\/2022\/03\/library3-2.jpg\" class=\"lazyload img-responsive wp-image-6669\" srcset=\"data:image\/svg+xml,%3Csvg%20xmlns%3D%27http%3A%2F%2Fwww.w3.org%2F2000%2Fsvg%27%20width%3D%27500%27%20height%3D%27282%27%20viewBox%3D%270%200%20500%20282%27%3E%3Crect%20width%3D%27500%27%20height%3D%27282%27%20fill-opacity%3D%220%22%2F%3E%3C%2Fsvg%3E\" data-srcset=\"https:\/\/www.cig-icg.gr\/wp-content\/uploads\/2022\/03\/library3-2-200x113.jpg 200w, https:\/\/www.cig-icg.gr\/wp-content\/uploads\/2022\/03\/library3-2-400x226.jpg 400w, https:\/\/www.cig-icg.gr\/wp-content\/uploads\/2022\/03\/library3-2.jpg 500w\" data-sizes=\"auto\" data-orig-sizes=\"(max-width: 640px) 100vw, 500px\" \/><\/a><\/span><\/div><div style=\"text-align:center;\"><a class=\"fusion-button button-flat fusion-button-default-size button-default fusion-button-default button-3 fusion-button-default-span fusion-button-default-type\" style=\"--awb-margin-top:20px;\" target=\"_blank\" rel=\"noopener noreferrer\" href=\"https:\/\/docs.google.com\/spreadsheets\/d\/18oI18RuWjFwOeRZw3AztNI48VYeFNExl\/edit?usp=sharing&amp;ouid=115220199814130091067&amp;rtpof=true&amp;sd=true\"><span class=\"fusion-button-text awb-button__text awb-button__text--default\">N\u00e9gatifs photographiques<\/span><\/a><\/div><\/div><\/div><\/div><\/div><\/p>\n","protected":false},"excerpt":{"rendered":"","protected":false},"author":1,"featured_media":12098,"parent":0,"menu_order":0,"comment_status":"closed","ping_status":"closed","template":"","meta":{"_EventAllDay":false,"_EventTimezone":"","_EventStartDate":"","_EventEndDate":"","_EventStartDateUTC":"","_EventEndDateUTC":"","_EventShowMap":false,"_EventShowMapLink":false,"_EventURL":"","_EventCost":"","_EventCostDescription":"","_EventCurrencySymbol":"","_EventCurrencyCode":"","_EventCurrencyPosition":"","_EventDateTimeSeparator":"","_EventTimeRangeSeparator":"","_EventOrganizerID":[],"_EventVenueID":[],"_OrganizerEmail":"","_OrganizerPhone":"","_OrganizerWebsite":"","_VenueAddress":"","_VenueCity":"","_VenueCountry":"","_VenueProvince":"","_VenueState":"","_VenueZip":"","_VenuePhone":"","_VenueURL":"","_VenueStateProvince":"","_VenueLat":"","_VenueLng":"","_VenueShowMap":false,"_VenueShowMapLink":false,"footnotes":""},"class_list":["post-6970","page","type-page","status-publish","has-post-thumbnail","hentry"],"_links":{"self":[{"href":"https:\/\/www.cig-icg.gr\/fr\/wp-json\/wp\/v2\/pages\/6970","targetHints":{"allow":["GET"]}}],"collection":[{"href":"https:\/\/www.cig-icg.gr\/fr\/wp-json\/wp\/v2\/pages"}],"about":[{"href":"https:\/\/www.cig-icg.gr\/fr\/wp-json\/wp\/v2\/types\/page"}],"author":[{"embeddable":true,"href":"https:\/\/www.cig-icg.gr\/fr\/wp-json\/wp\/v2\/users\/1"}],"replies":[{"embeddable":true,"href":"https:\/\/www.cig-icg.gr\/fr\/wp-json\/wp\/v2\/comments?post=6970"}],"version-history":[{"count":0,"href":"https:\/\/www.cig-icg.gr\/fr\/wp-json\/wp\/v2\/pages\/6970\/revisions"}],"wp:featuredmedia":[{"embeddable":true,"href":"https:\/\/www.cig-icg.gr\/fr\/wp-json\/wp\/v2\/media\/12098"}],"wp:attachment":[{"href":"https:\/\/www.cig-icg.gr\/fr\/wp-json\/wp\/v2\/media?parent=6970"}],"curies":[{"name":"wp","href":"https:\/\/api.w.org\/{rel}","templated":true}]}}