{"id":6958,"date":"2022-03-13T22:12:16","date_gmt":"2022-03-13T20:12:16","guid":{"rendered":"https:\/\/cig-icg.gr\/historique\/"},"modified":"2025-10-30T15:13:40","modified_gmt":"2025-10-30T13:13:40","slug":"historique","status":"publish","type":"page","link":"https:\/\/www.cig-icg.gr\/fr\/historique\/","title":{"rendered":"Historique"},"content":{"rendered":"<p><div class=\"fusion-fullwidth fullwidth-box fusion-builder-row-1 fusion-flex-container nonhundred-percent-fullwidth non-hundred-percent-height-scrolling\" style=\"--awb-border-radius-top-left:0px;--awb-border-radius-top-right:0px;--awb-border-radius-bottom-right:0px;--awb-border-radius-bottom-left:0px;--awb-flex-wrap:wrap;\" ><div class=\"fusion-builder-row fusion-row fusion-flex-align-items-flex-start fusion-flex-content-wrap\" style=\"max-width:1216.8px;margin-left: calc(-4% \/ 2 );margin-right: calc(-4% \/ 2 );\"><div class=\"fusion-layout-column fusion_builder_column fusion-builder-column-0 fusion_builder_column_1_1 1_1 fusion-flex-column\" style=\"--awb-bg-size:cover;--awb-width-large:100%;--awb-margin-top-large:0px;--awb-spacing-right-large:1.92%;--awb-margin-bottom-large:0px;--awb-spacing-left-large:1.92%;--awb-width-medium:100%;--awb-order-medium:0;--awb-spacing-right-medium:1.92%;--awb-spacing-left-medium:1.92%;--awb-width-small:100%;--awb-order-small:0;--awb-spacing-right-small:1.92%;--awb-spacing-left-small:1.92%;\"><div class=\"fusion-column-wrapper fusion-column-has-shadow fusion-flex-justify-content-flex-start fusion-content-layout-column\"><div class=\"fusion-text fusion-text-1\" style=\"--awb-text-transform:none;\"><p>L\u2019Institut canadien en Gr\u00e8ce fut fond\u00e9 en 1974 (sous le nom d\u2019Institut canadien d\u2019arch\u00e9ologie \u00e0 Ath\u00e8nes; ICAA) en tant qu\u2019\u00e9tablissement \u00e9ducatif \u00e0 but non-lucratif en accord avec la charte f\u00e9d\u00e9rale canadienne sur les organismes charitables. L\u2019ICG fut homologu\u00e9 en tant qu\u2019institut de recherches arch\u00e9ologiques \u00e9tranger par les autorit\u00e9s grecques le 16 f\u00e9vrier 1976, ce qui correspond \u00e0 son entr\u00e9e en fonction officielle en Gr\u00e8ce.<\/p>\n<p>Veuillez contacter le directeur adjoint si vous souhaitez explorer la possibilit\u00e9 d&rsquo;\u00e9tablir une convention de stage entre le CIG et votre institution :<\/p>\n<h3>Les premi\u00e8res ann\u00e9es<\/h3>\n<p>En 1980, l\u2019Institut se dote de bureaux permanents \u00e0 Ath\u00e8nes gr\u00e2ce \u00e0 l\u2019amabilit\u00e9 et l\u2019entraide de l\u2019ambassade canadienne. En 1981, afin d&rsquo;aborder de mani\u00e8re ad\u00e9quate la question du financement, l\u2019Institut canadien de M\u00e9diterran\u00e9en (ICM) est fond\u00e9 prenant sous son aile la direction de l\u2019ICAA et des deux autres instituts de recherches canadiens en M\u00e9diterran\u00e9e le Centre acad\u00e9mique canadien en Italie et la Soci\u00e9t\u00e9 canadienne pour l\u2019\u00e9tude des antiquit\u00e9s \u00e9gyptiennes.<\/p>\n<p>R\u00e9cipiendaire d\u2019une subvention de recherche octroy\u00e9e par le Conseil des recherches en sciences humaines du Canada (CRSH), l\u2019ICM put se munir, d\u00e8s 1982, de nouveaux locaux \u00e0 proximit\u00e9 de l\u2019Ambassade au 2, rue Gennadiou. Toutefois, \u00e0 la fin de cet important financement en 1994, les instituts Rome et du Caire furent contraints \u00e0 la dissolution. L\u2019IMC devint alors le seul centre d\u2019op\u00e9ration de recherche acad\u00e9mique canadien dans toute la M\u00e9diterran\u00e9e.<\/p>\n<\/div><\/div><\/div><\/div><\/div><div class=\"fusion-fullwidth fullwidth-box fusion-builder-row-2 fusion-flex-container nonhundred-percent-fullwidth non-hundred-percent-height-scrolling\" style=\"--awb-border-radius-top-left:0px;--awb-border-radius-top-right:0px;--awb-border-radius-bottom-right:0px;--awb-border-radius-bottom-left:0px;--awb-flex-wrap:wrap;\" ><div class=\"fusion-builder-row fusion-row fusion-flex-align-items-flex-start fusion-flex-content-wrap\" style=\"max-width:1216.8px;margin-left: calc(-4% \/ 2 );margin-right: calc(-4% \/ 2 );\"><div class=\"fusion-layout-column fusion_builder_column fusion-builder-column-1 fusion_builder_column_1_1 1_1 fusion-flex-column\" style=\"--awb-bg-size:cover;--awb-width-large:100%;--awb-margin-top-large:0px;--awb-spacing-right-large:1.92%;--awb-margin-bottom-large:20px;--awb-spacing-left-large:1.92%;--awb-width-medium:100%;--awb-order-medium:0;--awb-spacing-right-medium:1.92%;--awb-spacing-left-medium:1.92%;--awb-width-small:100%;--awb-order-small:0;--awb-spacing-right-small:1.92%;--awb-spacing-left-small:1.92%;\"><div class=\"fusion-column-wrapper fusion-column-has-shadow fusion-flex-justify-content-flex-start fusion-content-layout-column\"><div class=\"fusion-text fusion-text-2\" style=\"--awb-font-size:var(--awb-typography4-font-size);--awb-line-height:var(--awb-typography4-line-height);--awb-letter-spacing:var(--awb-typography4-letter-spacing);--awb-text-transform:var(--awb-typography4-text-transform);\"><h3>Expansion et nouvelles directions<\/h3>\n<p>En 1994, l\u2019Institut acad\u00e9mique canadien \u00e0 Ath\u00e8nes est fond\u00e9 afin d\u2019agir en tant que soci\u00e9t\u00e9 m\u00e8re de l\u2019ICAA d\u00e9sormais ind\u00e9pendant. Une campagne de financement est alors lev\u00e9e dans le but d\u2019acqu\u00e9rir des bases \u00e9conomiques solides. Les recettes serviront \u00e0 l\u2019achat de nouveaux locaux au 7, rue Dionysiou Aiginitou o\u00f9 seront d\u00e9sormais concentr\u00e9s les bureaux, la salle de conf\u00e9rence, la biblioth\u00e8que et l\u2019h\u00f4tellerie de l\u2019Institut.<\/p>\n<p>En 2005, le comit\u00e9 de direction de l\u2019Institut d\u00e9cida de changer le nom de l\u2019organisation pour celui d&rsquo;Institut canadien en Gr\u00e8ce afin de refl\u00e9ter de mani\u00e8re plus ad\u00e9quate les champs d\u2019int\u00e9r\u00eats et d\u2019expertise de l\u2019Institut. L\u2019ann\u00e9e suivante, l\u2019ICG compl\u00e9tait l\u2019achat d\u2019un deuxi\u00e8me appartement au 7, rue Dionysiou Aiginitou, dans l\u2019objectif de fournir aux \u00e9tudiants et aux chercheurs des espaces de travail et d\u2019h\u00e9bergement dignes d\u2019un institut de qualit\u00e9 et de renom.<\/p>\n<\/div><\/div><\/div><\/div><\/div><div class=\"fusion-fullwidth fullwidth-box fusion-builder-row-3 fusion-flex-container nonhundred-percent-fullwidth non-hundred-percent-height-scrolling\" style=\"--awb-border-radius-top-left:0px;--awb-border-radius-top-right:0px;--awb-border-radius-bottom-right:0px;--awb-border-radius-bottom-left:0px;--awb-padding-left:0px;--awb-flex-wrap:wrap;\" ><div class=\"fusion-builder-row fusion-row fusion-flex-align-items-flex-start fusion-flex-justify-content-center fusion-flex-content-wrap\" style=\"max-width:calc( 1170px + 0.5em );margin-left: calc(-0.5em \/ 2 );margin-right: calc(-0.5em \/ 2 );\"><div class=\"fusion-layout-column fusion_builder_column fusion-builder-column-2 fusion_builder_column_1_3 1_3 fusion-flex-column\" style=\"--awb-bg-size:cover;--awb-width-large:33.333333333333%;--awb-margin-top-large:0px;--awb-spacing-right-large:0.25em;--awb-margin-bottom-large:20px;--awb-spacing-left-large:0.25em;--awb-width-medium:33.333333333333%;--awb-order-medium:0;--awb-spacing-right-medium:0.25em;--awb-spacing-left-medium:0.25em;--awb-width-small:100%;--awb-order-small:0;--awb-spacing-right-small:0.25em;--awb-spacing-left-small:0.25em;\"><div class=\"fusion-column-wrapper fusion-column-has-shadow fusion-flex-justify-content-flex-start fusion-content-layout-column\"><div class=\"fusion-image-element \" style=\"--awb-caption-title-font-family:var(--h2_typography-font-family);--awb-caption-title-font-weight:var(--h2_typography-font-weight);--awb-caption-title-font-style:var(--h2_typography-font-style);--awb-caption-title-size:var(--h2_typography-font-size);--awb-caption-title-transform:var(--h2_typography-text-transform);--awb-caption-title-line-height:var(--h2_typography-line-height);--awb-caption-title-letter-spacing:var(--h2_typography-letter-spacing);\"><span class=\" fusion-imageframe imageframe-none imageframe-1 hover-type-none\"><img decoding=\"async\" src=\"data:image\/gif;base64,R0lGODlhAQABAAAAACH5BAEKAAEALAAAAAABAAEAAAICTAEAOw==\" data-orig-src=\"https:\/\/cig-icg.gr\/wp-content\/uploads\/2022\/03\/cig1.jpg\" alt class=\"lazyload img-responsive\"\/><\/span><\/div><\/div><\/div><div class=\"fusion-layout-column fusion_builder_column fusion-builder-column-3 fusion_builder_column_1_3 1_3 fusion-flex-column\" style=\"--awb-bg-size:cover;--awb-width-large:33.333333333333%;--awb-margin-top-large:0px;--awb-spacing-right-large:0.25em;--awb-margin-bottom-large:20px;--awb-spacing-left-large:0.25em;--awb-width-medium:33.333333333333%;--awb-order-medium:0;--awb-spacing-right-medium:0.25em;--awb-spacing-left-medium:0.25em;--awb-width-small:100%;--awb-order-small:0;--awb-spacing-right-small:0.25em;--awb-spacing-left-small:0.25em;\"><div class=\"fusion-column-wrapper fusion-column-has-shadow fusion-flex-justify-content-flex-start fusion-content-layout-column\"><div class=\"fusion-image-element \" style=\"--awb-caption-title-font-family:var(--h2_typography-font-family);--awb-caption-title-font-weight:var(--h2_typography-font-weight);--awb-caption-title-font-style:var(--h2_typography-font-style);--awb-caption-title-size:var(--h2_typography-font-size);--awb-caption-title-transform:var(--h2_typography-text-transform);--awb-caption-title-line-height:var(--h2_typography-line-height);--awb-caption-title-letter-spacing:var(--h2_typography-letter-spacing);\"><span class=\" fusion-imageframe imageframe-none imageframe-2 hover-type-none\"><img decoding=\"async\" src=\"data:image\/gif;base64,R0lGODlhAQABAAAAACH5BAEKAAEALAAAAAABAAEAAAICTAEAOw==\" data-orig-src=\"https:\/\/cig-icg.gr\/wp-content\/uploads\/2022\/03\/cig3.jpg\" alt class=\"lazyload img-responsive\"\/><\/span><\/div><\/div><\/div><div class=\"fusion-layout-column fusion_builder_column fusion-builder-column-4 fusion_builder_column_1_3 1_3 fusion-flex-column\" style=\"--awb-bg-size:cover;--awb-width-large:33.333333333333%;--awb-margin-top-large:0px;--awb-spacing-right-large:0.25em;--awb-margin-bottom-large:20px;--awb-spacing-left-large:0.25em;--awb-width-medium:33.333333333333%;--awb-order-medium:0;--awb-spacing-right-medium:0.25em;--awb-spacing-left-medium:0.25em;--awb-width-small:100%;--awb-order-small:0;--awb-spacing-right-small:0.25em;--awb-spacing-left-small:0.25em;\"><div class=\"fusion-column-wrapper fusion-column-has-shadow fusion-flex-justify-content-flex-start fusion-content-layout-column\"><div class=\"fusion-image-element \" style=\"--awb-caption-title-font-family:var(--h2_typography-font-family);--awb-caption-title-font-weight:var(--h2_typography-font-weight);--awb-caption-title-font-style:var(--h2_typography-font-style);--awb-caption-title-size:var(--h2_typography-font-size);--awb-caption-title-transform:var(--h2_typography-text-transform);--awb-caption-title-line-height:var(--h2_typography-line-height);--awb-caption-title-letter-spacing:var(--h2_typography-letter-spacing);\"><span class=\" fusion-imageframe imageframe-none imageframe-3 hover-type-none\"><img decoding=\"async\" src=\"data:image\/gif;base64,R0lGODlhAQABAAAAACH5BAEKAAEALAAAAAABAAEAAAICTAEAOw==\" data-orig-src=\"https:\/\/cig-icg.gr\/wp-content\/uploads\/2022\/03\/cig4.jpg\" alt class=\"lazyload img-responsive\"\/><\/span><\/div><\/div><\/div><\/div><\/div><\/p>\n","protected":false},"excerpt":{"rendered":"","protected":false},"author":1,"featured_media":6325,"parent":0,"menu_order":0,"comment_status":"closed","ping_status":"closed","template":"","meta":{"_EventAllDay":false,"_EventTimezone":"","_EventStartDate":"","_EventEndDate":"","_EventStartDateUTC":"","_EventEndDateUTC":"","_EventShowMap":false,"_EventShowMapLink":false,"_EventURL":"","_EventCost":"","_EventCostDescription":"","_EventCurrencySymbol":"","_EventCurrencyCode":"","_EventCurrencyPosition":"","_EventDateTimeSeparator":"","_EventTimeRangeSeparator":"","_EventOrganizerID":[],"_EventVenueID":[],"_OrganizerEmail":"","_OrganizerPhone":"","_OrganizerWebsite":"","_VenueAddress":"","_VenueCity":"","_VenueCountry":"","_VenueProvince":"","_VenueState":"","_VenueZip":"","_VenuePhone":"","_VenueURL":"","_VenueStateProvince":"","_VenueLat":"","_VenueLng":"","_VenueShowMap":false,"_VenueShowMapLink":false,"footnotes":""},"class_list":["post-6958","page","type-page","status-publish","has-post-thumbnail","hentry"],"_links":{"self":[{"href":"https:\/\/www.cig-icg.gr\/fr\/wp-json\/wp\/v2\/pages\/6958","targetHints":{"allow":["GET"]}}],"collection":[{"href":"https:\/\/www.cig-icg.gr\/fr\/wp-json\/wp\/v2\/pages"}],"about":[{"href":"https:\/\/www.cig-icg.gr\/fr\/wp-json\/wp\/v2\/types\/page"}],"author":[{"embeddable":true,"href":"https:\/\/www.cig-icg.gr\/fr\/wp-json\/wp\/v2\/users\/1"}],"replies":[{"embeddable":true,"href":"https:\/\/www.cig-icg.gr\/fr\/wp-json\/wp\/v2\/comments?post=6958"}],"version-history":[{"count":0,"href":"https:\/\/www.cig-icg.gr\/fr\/wp-json\/wp\/v2\/pages\/6958\/revisions"}],"wp:featuredmedia":[{"embeddable":true,"href":"https:\/\/www.cig-icg.gr\/fr\/wp-json\/wp\/v2\/media\/6325"}],"wp:attachment":[{"href":"https:\/\/www.cig-icg.gr\/fr\/wp-json\/wp\/v2\/media?parent=6958"}],"curies":[{"name":"wp","href":"https:\/\/api.w.org\/{rel}","templated":true}]}}