{"id":6940,"date":"2022-03-14T13:57:16","date_gmt":"2022-03-14T11:57:16","guid":{"rendered":"https:\/\/cig-icg.gr\/bourses-2\/"},"modified":"2025-11-10T11:38:40","modified_gmt":"2025-11-10T09:38:40","slug":"bourses-2","status":"publish","type":"page","link":"https:\/\/www.cig-icg.gr\/fr\/bourses-2\/","title":{"rendered":"Bourses"},"content":{"rendered":"<p><div class=\"fusion-fullwidth fullwidth-box fusion-builder-row-1 fusion-flex-container nonhundred-percent-fullwidth non-hundred-percent-height-scrolling\" style=\"--awb-border-radius-top-left:0px;--awb-border-radius-top-right:0px;--awb-border-radius-bottom-right:0px;--awb-border-radius-bottom-left:0px;--awb-flex-wrap:wrap;\" ><div class=\"fusion-builder-row fusion-row fusion-flex-align-items-flex-start fusion-flex-content-wrap\" style=\"max-width:1216.8px;margin-left: calc(-4% \/ 2 );margin-right: calc(-4% \/ 2 );\"><div class=\"fusion-layout-column fusion_builder_column fusion-builder-column-0 fusion_builder_column_1_1 1_1 fusion-flex-column\" style=\"--awb-bg-size:cover;--awb-width-large:100%;--awb-margin-top-large:0px;--awb-spacing-right-large:1.92%;--awb-margin-bottom-large:20px;--awb-spacing-left-large:1.92%;--awb-width-medium:100%;--awb-order-medium:0;--awb-spacing-right-medium:1.92%;--awb-spacing-left-medium:1.92%;--awb-width-small:100%;--awb-order-small:0;--awb-spacing-right-small:1.92%;--awb-spacing-left-small:1.92%;\"><div class=\"fusion-column-wrapper fusion-column-has-shadow fusion-flex-justify-content-flex-start fusion-content-layout-column\"><div class=\"fusion-text fusion-text-1\" style=\"--awb-font-size:1.1em;--awb-text-transform:none;\"><p style=\"text-align: center;\">L&rsquo;Institut canadien offre actuellement trois bourses de recherche en Gr\u00e8ce d\u2019une dur\u00e9e de neuf mois pour les \u00e9tudiants de cycles sup\u00e9rieurs et post-doctorants devant poursuivre leurs \u00e9tudes en Gr\u00e8ce:<\/p>\n<\/div><div class=\"fusion-separator fusion-full-width-sep\" style=\"align-self: center;margin-left: auto;margin-right: auto;margin-top:50px;margin-bottom:50px;width:100%;\"><div class=\"fusion-separator-border sep-single sep-solid\" style=\"--awb-height:20px;--awb-amount:20px;border-color:var(--awb-color3);border-top-width:1px;\"><\/div><\/div><\/div><\/div><\/div><\/div><div class=\"fusion-fullwidth fullwidth-box fusion-builder-row-2 fusion-flex-container nonhundred-percent-fullwidth non-hundred-percent-height-scrolling\" style=\"--link_hover_color: var(--awb-color5);--link_color: var(--awb-color4);--awb-border-radius-top-left:0px;--awb-border-radius-top-right:0px;--awb-border-radius-bottom-right:0px;--awb-border-radius-bottom-left:0px;--awb-background-color:var(--awb-color1);--awb-flex-wrap:wrap;\" ><div class=\"fusion-builder-row fusion-row fusion-flex-align-items-flex-start fusion-flex-content-wrap\" style=\"max-width:1216.8px;margin-left: calc(-4% \/ 2 );margin-right: calc(-4% \/ 2 );\"><div class=\"fusion-layout-column fusion_builder_column fusion-builder-column-1 fusion_builder_column_1_3 1_3 fusion-flex-column\" style=\"--awb-bg-color:var(--awb-color1);--awb-bg-color-hover:var(--awb-color1);--awb-bg-image:linear-gradient(180deg, var(--awb-color1) 0%,rgba(255,255,255,0) 100%);--awb-bg-size:cover;--awb-width-large:33.333333333333%;--awb-margin-top-large:0px;--awb-spacing-right-large:5.76%;--awb-margin-bottom-large:20px;--awb-spacing-left-large:5.76%;--awb-width-medium:33.333333333333%;--awb-order-medium:0;--awb-spacing-right-medium:5.76%;--awb-spacing-left-medium:5.76%;--awb-width-small:100%;--awb-order-small:0;--awb-spacing-right-small:1.92%;--awb-spacing-left-small:1.92%;\"><div class=\"fusion-column-wrapper fusion-column-has-shadow fusion-flex-justify-content-flex-start fusion-content-layout-column\"><div class=\"fusion-image-element \" style=\"--awb-caption-title-font-family:var(--h2_typography-font-family);--awb-caption-title-font-weight:var(--h2_typography-font-weight);--awb-caption-title-font-style:var(--h2_typography-font-style);--awb-caption-title-size:var(--h2_typography-font-size);--awb-caption-title-transform:var(--h2_typography-text-transform);--awb-caption-title-line-height:var(--h2_typography-line-height);--awb-caption-title-letter-spacing:var(--h2_typography-letter-spacing);\"><span class=\" fusion-imageframe imageframe-none imageframe-1 hover-type-none\"><img decoding=\"async\" width=\"216\" height=\"254\" title=\"Leipen\" src=\"https:\/\/www.cig-icg.gr\/wp-content\/uploads\/2022\/03\/Leipen.jpg\" data-orig-src=\"https:\/\/www.cig-icg.gr\/wp-content\/uploads\/2022\/03\/Leipen.jpg\" alt class=\"lazyload img-responsive wp-image-6425\" srcset=\"data:image\/svg+xml,%3Csvg%20xmlns%3D%27http%3A%2F%2Fwww.w3.org%2F2000%2Fsvg%27%20width%3D%27216%27%20height%3D%27254%27%20viewBox%3D%270%200%20216%20254%27%3E%3Crect%20width%3D%27216%27%20height%3D%27254%27%20fill-opacity%3D%220%22%2F%3E%3C%2Fsvg%3E\" data-srcset=\"https:\/\/www.cig-icg.gr\/wp-content\/uploads\/2022\/03\/Leipen-200x235.jpg 200w, https:\/\/www.cig-icg.gr\/wp-content\/uploads\/2022\/03\/Leipen.jpg 216w\" data-sizes=\"auto\" data-orig-sizes=\"(max-width: 640px) 100vw, 216px\" \/><\/span><\/div><div class=\"fusion-text fusion-text-2\"><h3>La bourse Neda et Franz Leipen<\/h3>\n<p><strong>Leipen Fellows<\/strong><br \/>\n2023-2024 Justine Lefebvre<br \/>\n2021-2022 Katerina Apokatanidis<br \/>\n2019-2020 Justin Dwyer<br \/>\n2017-2018 Christopher Cornthwaite<br \/>\n2015-2016 Sarah Nash<br \/>\n2013-2014 Myles Chykerda<br \/>\n2011-2012 Christopher Wallace<\/p>\n<\/div><\/div><\/div><div class=\"fusion-layout-column fusion_builder_column fusion-builder-column-2 fusion_builder_column_2_3 2_3 fusion-flex-column\" style=\"--awb-bg-size:cover;--awb-width-large:66.666666666667%;--awb-margin-top-large:0px;--awb-spacing-right-large:2.88%;--awb-margin-bottom-large:20px;--awb-spacing-left-large:2.88%;--awb-width-medium:66.666666666667%;--awb-order-medium:0;--awb-spacing-right-medium:2.88%;--awb-spacing-left-medium:2.88%;--awb-width-small:100%;--awb-order-small:0;--awb-spacing-right-small:1.92%;--awb-spacing-left-small:1.92%;\"><div class=\"fusion-column-wrapper fusion-column-has-shadow fusion-flex-justify-content-flex-start fusion-content-layout-column\"><div class=\"fusion-text fusion-text-3\" style=\"--awb-text-transform:none;\"><p>Les candidats \u00e0 la bourse Neda et Franz Leipen doivent \u00eatre citoyens canadiens ou immigrants re\u00e7us, \u00eatre inscrits dans un programme d&rsquo;\u00e9tudes doctorales ou postdoctorales et doivent d\u00e9montrer un besoin manifeste de s\u00e9journer en Gr\u00e8ce pour approfondir leurs \u00e9tudes.<\/p>\n<p>Outre ses obligations en recherche et une consultation avec le Directeur, le candidat devra s\u00e9journer neuf mois en Gr\u00e8ce, participer aux \u00e9v\u00e8nements et aux activit\u00e9s de l\u2019Institut et contribuer \u00e0 la vie acad\u00e9mique et sociale de l\u2019Institut. La connaissance du pays et de la langue sera consid\u00e9r\u00e9e comme un atout pour les candidats, bien que facultative.<\/p>\n<p>La th\u00e9matique de recherche du r\u00e9cipiendaire doit porter sur le monde hell\u00e9nique, de l&rsquo;antiquit\u00e9 \u00e0 l&rsquo;\u00e9poque m\u00e9di\u00e9vale, peu importe la discipline. Il est toutefois important de signaler que les dossiers portant sur la sculpture grecque des \u00e9poques classique et hell\u00e9nistique seront privil\u00e9gi\u00e9s.<\/p>\n<p>Le b\u00e9n\u00e9ficiaire aura l&rsquo;obligation, dans toute publication ult\u00e9rieure aux travaux de recherche men\u00e9s sous les auspices de la bourse, de souligner le soutien de l&rsquo;Institut canadien en Gr\u00e8ce et de la bourse Neda et Franz Leipen pour la compl\u00e9tion de ses travaux.<\/p>\n<p>Le boursier recevra une allocation de 12 000 $ CAD et sera log\u00e9 gratuitement \u00e0 l&rsquo;ICG pendant les neuf mois de la bourse (du 1er septembre au 31 mai).<\/p>\n<p><strong>La prochaine attribution de cette bourse est pr\u00e9vue pour l&rsquo;ann\u00e9e acad\u00e9mique 2027-2028.<\/strong><\/p>\n<\/div><\/div><\/div><\/div><\/div><div class=\"fusion-fullwidth fullwidth-box fusion-builder-row-3 fusion-flex-container nonhundred-percent-fullwidth non-hundred-percent-height-scrolling\" style=\"--link_hover_color: var(--awb-color5);--link_color: var(--awb-color4);--awb-border-radius-top-left:0px;--awb-border-radius-top-right:0px;--awb-border-radius-bottom-right:0px;--awb-border-radius-bottom-left:0px;--awb-background-color:var(--awb-color1);--awb-flex-wrap:wrap;\" ><\/div><div class=\"fusion-fullwidth fullwidth-box fusion-builder-row-4 fusion-flex-container nonhundred-percent-fullwidth non-hundred-percent-height-scrolling\" style=\"--awb-border-radius-top-left:0px;--awb-border-radius-top-right:0px;--awb-border-radius-bottom-right:0px;--awb-border-radius-bottom-left:0px;--awb-flex-wrap:wrap;\" ><div class=\"fusion-builder-row fusion-row fusion-flex-align-items-flex-start fusion-flex-content-wrap\" style=\"max-width:1216.8px;margin-left: calc(-4% \/ 2 );margin-right: calc(-4% \/ 2 );\"><div class=\"fusion-layout-column fusion_builder_column fusion-builder-column-3 fusion_builder_column_1_1 1_1 fusion-flex-column\" style=\"--awb-bg-size:cover;--awb-width-large:100%;--awb-margin-top-large:0px;--awb-spacing-right-large:1.92%;--awb-margin-bottom-large:20px;--awb-spacing-left-large:1.92%;--awb-width-medium:100%;--awb-order-medium:0;--awb-spacing-right-medium:1.92%;--awb-spacing-left-medium:1.92%;--awb-width-small:100%;--awb-order-small:0;--awb-spacing-right-small:1.92%;--awb-spacing-left-small:1.92%;\"><div class=\"fusion-column-wrapper fusion-column-has-shadow fusion-flex-justify-content-flex-start fusion-content-layout-column\"><div class=\"fusion-separator fusion-full-width-sep\" style=\"align-self: center;margin-left: auto;margin-right: auto;margin-top:50px;margin-bottom:50px;width:100%;\"><div class=\"fusion-separator-border sep-single sep-solid\" style=\"--awb-height:20px;--awb-amount:20px;border-color:var(--awb-color3);border-top-width:1px;\"><\/div><\/div><\/div><\/div><\/div><\/div><div class=\"fusion-fullwidth fullwidth-box fusion-builder-row-5 fusion-flex-container nonhundred-percent-fullwidth non-hundred-percent-height-scrolling\" style=\"--link_hover_color: var(--awb-color5);--link_color: var(--awb-color4);--awb-border-radius-top-left:0px;--awb-border-radius-top-right:0px;--awb-border-radius-bottom-right:0px;--awb-border-radius-bottom-left:0px;--awb-background-color:var(--awb-color1);--awb-flex-wrap:wrap;\" ><div class=\"fusion-builder-row fusion-row fusion-flex-align-items-flex-start fusion-flex-content-wrap\" style=\"max-width:1216.8px;margin-left: calc(-4% \/ 2 );margin-right: calc(-4% \/ 2 );\"><div class=\"fusion-layout-column fusion_builder_column fusion-builder-column-4 fusion_builder_column_1_3 1_3 fusion-flex-column\" style=\"--awb-bg-color:var(--awb-color1);--awb-bg-color-hover:var(--awb-color1);--awb-bg-image:linear-gradient(180deg, var(--awb-color1) 0%,rgba(255,255,255,0) 100%);--awb-bg-size:cover;--awb-width-large:33.333333333333%;--awb-margin-top-large:0px;--awb-spacing-right-large:5.76%;--awb-margin-bottom-large:20px;--awb-spacing-left-large:5.76%;--awb-width-medium:33.333333333333%;--awb-order-medium:0;--awb-spacing-right-medium:5.76%;--awb-spacing-left-medium:5.76%;--awb-width-small:100%;--awb-order-small:0;--awb-spacing-right-small:1.92%;--awb-spacing-left-small:1.92%;\"><div class=\"fusion-column-wrapper fusion-column-has-shadow fusion-flex-justify-content-flex-start fusion-content-layout-column\"><div class=\"fusion-image-element \" style=\"--awb-caption-title-font-family:var(--h2_typography-font-family);--awb-caption-title-font-weight:var(--h2_typography-font-weight);--awb-caption-title-font-style:var(--h2_typography-font-style);--awb-caption-title-size:var(--h2_typography-font-size);--awb-caption-title-transform:var(--h2_typography-text-transform);--awb-caption-title-line-height:var(--h2_typography-line-height);--awb-caption-title-letter-spacing:var(--h2_typography-letter-spacing);\"><span class=\" fusion-imageframe imageframe-none imageframe-2 hover-type-none\"><img decoding=\"async\" width=\"216\" height=\"254\" title=\"Alfoldi\" src=\"https:\/\/www.cig-icg.gr\/wp-content\/uploads\/2022\/03\/Alfoldi.jpg\" data-orig-src=\"https:\/\/www.cig-icg.gr\/wp-content\/uploads\/2022\/03\/Alfoldi.jpg\" alt class=\"lazyload img-responsive wp-image-6427\" srcset=\"data:image\/svg+xml,%3Csvg%20xmlns%3D%27http%3A%2F%2Fwww.w3.org%2F2000%2Fsvg%27%20width%3D%27216%27%20height%3D%27254%27%20viewBox%3D%270%200%20216%20254%27%3E%3Crect%20width%3D%27216%27%20height%3D%27254%27%20fill-opacity%3D%220%22%2F%3E%3C%2Fsvg%3E\" data-srcset=\"https:\/\/www.cig-icg.gr\/wp-content\/uploads\/2022\/03\/Alfoldi-200x235.jpg 200w, https:\/\/www.cig-icg.gr\/wp-content\/uploads\/2022\/03\/Alfoldi.jpg 216w\" data-sizes=\"auto\" data-orig-sizes=\"(max-width: 640px) 100vw, 216px\" \/><\/span><\/div><div class=\"fusion-text fusion-text-4\"><h3>La bourse Elisabeth Alf\u00f6ldi-Rosenbaum<\/h3>\n<p><strong>Boursiers Alf\u00f6ldi-Rosenbaum<br \/>\n<\/strong>2024-2025 Adam Wiznura<br \/>\n2020-2021 Laure Sarah \u00c9thier Boutet<br \/>\n2016-2017 Keven Ouellet et Mark Hammond<br \/>\n2012-2013 Gino Canlas<br \/>\n2007-2008 Allison Surtees<br \/>\n2003-2004 Craig Hardiman<\/p>\n<\/div><\/div><\/div><div class=\"fusion-layout-column fusion_builder_column fusion-builder-column-5 fusion_builder_column_2_3 2_3 fusion-flex-column\" style=\"--awb-bg-size:cover;--awb-width-large:66.666666666667%;--awb-margin-top-large:0px;--awb-spacing-right-large:2.88%;--awb-margin-bottom-large:20px;--awb-spacing-left-large:2.88%;--awb-width-medium:66.666666666667%;--awb-order-medium:0;--awb-spacing-right-medium:2.88%;--awb-spacing-left-medium:2.88%;--awb-width-small:100%;--awb-order-small:0;--awb-spacing-right-small:1.92%;--awb-spacing-left-small:1.92%;\"><div class=\"fusion-column-wrapper fusion-column-has-shadow fusion-flex-justify-content-flex-start fusion-content-layout-column\"><div class=\"fusion-text fusion-text-5\" style=\"--awb-text-transform:none;\"><p>Les candidats \u00e0 la bourse Neda et Franz Leipen doivent \u00eatre citoyens canadiens ou immigrants re\u00e7us, \u00eatre inscrits dans un programme d&rsquo;\u00e9tudes doctorales ou postdoctorales et doivent d\u00e9montrer un besoin manifeste de s\u00e9journer en Gr\u00e8ce pour approfondir leurs \u00e9tudes.<\/p>\n<p>Outre ses obligations en recherche et une consultation avec le Directeur, le candidat devra s\u00e9journer neuf mois en Gr\u00e8ce, participer aux \u00e9v\u00e8nements et aux activit\u00e9s de l\u2019Institut et contribuer \u00e0 la vie acad\u00e9mique et sociale de l\u2019Institut. La connaissance du pays et de la langue sera consid\u00e9r\u00e9e comme un atout pour les candidats, bien que facultative.<\/p>\n<p>Les th\u00e9matiques de recherche doivent s&rsquo;apparenter \u00e0 celles du professeur Alf\u00f6ldi Rosenbaum en l&rsquo;occurrence l&rsquo;arch\u00e9ologie, l&rsquo;histoire de l&rsquo;art, l&rsquo;histoire et l&rsquo;\u00e9pigraphie des p\u00e9riodes hell\u00e9nistique \u00e0 byzantine ancienne.<\/p>\n<p>Le b\u00e9n\u00e9ficiaire aura l&rsquo;obligation, dans toute publication ult\u00e9rieure aux travaux de recherche men\u00e9s sous les auspices de la bourse, de souligner le soutien de l&rsquo;Institut canadien en Gr\u00e8ce et de la bourse Elisabeth Alf\u00f6ldi-Rosenbaum pour la compl\u00e9tion de ses travaux.<\/p>\n<p>Le boursier recevra une allocation de 12 000 $ CAD et sera log\u00e9 gratuitement \u00e0 l&rsquo;ICG pendant les neuf mois de la bourse (du 1er septembre au 31 mai).<\/p>\n<p><strong>La prochaine attribution de cette bourse est pr\u00e9vue pour l&rsquo;ann\u00e9e acad\u00e9mique 2028-2029.<\/strong><\/p>\n<\/div><\/div><\/div><\/div><\/div><div class=\"fusion-fullwidth fullwidth-box fusion-builder-row-6 fusion-flex-container nonhundred-percent-fullwidth non-hundred-percent-height-scrolling\" style=\"--awb-border-radius-top-left:0px;--awb-border-radius-top-right:0px;--awb-border-radius-bottom-right:0px;--awb-border-radius-bottom-left:0px;--awb-flex-wrap:wrap;\" ><div class=\"fusion-builder-row fusion-row fusion-flex-align-items-flex-start fusion-flex-content-wrap\" style=\"max-width:1216.8px;margin-left: calc(-4% \/ 2 );margin-right: calc(-4% \/ 2 );\"><div class=\"fusion-layout-column fusion_builder_column fusion-builder-column-6 fusion_builder_column_1_1 1_1 fusion-flex-column\" style=\"--awb-bg-size:cover;--awb-width-large:100%;--awb-margin-top-large:0px;--awb-spacing-right-large:1.92%;--awb-margin-bottom-large:20px;--awb-spacing-left-large:1.92%;--awb-width-medium:100%;--awb-order-medium:0;--awb-spacing-right-medium:1.92%;--awb-spacing-left-medium:1.92%;--awb-width-small:100%;--awb-order-small:0;--awb-spacing-right-small:1.92%;--awb-spacing-left-small:1.92%;\"><div class=\"fusion-column-wrapper fusion-column-has-shadow fusion-flex-justify-content-flex-start fusion-content-layout-column\"><div class=\"fusion-separator fusion-full-width-sep\" style=\"align-self: center;margin-left: auto;margin-right: auto;margin-top:50px;margin-bottom:50px;width:100%;\"><div class=\"fusion-separator-border sep-single sep-solid\" style=\"--awb-height:20px;--awb-amount:20px;border-color:var(--awb-color3);border-top-width:1px;\"><\/div><\/div><\/div><\/div><\/div><\/div><div class=\"fusion-fullwidth fullwidth-box fusion-builder-row-7 fusion-flex-container nonhundred-percent-fullwidth non-hundred-percent-height-scrolling\" style=\"--link_hover_color: var(--awb-color5);--link_color: var(--awb-color4);--awb-border-radius-top-left:0px;--awb-border-radius-top-right:0px;--awb-border-radius-bottom-right:0px;--awb-border-radius-bottom-left:0px;--awb-background-color:var(--awb-color1);--awb-flex-wrap:wrap;\" ><div class=\"fusion-builder-row fusion-row fusion-flex-align-items-flex-start fusion-flex-content-wrap\" style=\"max-width:1216.8px;margin-left: calc(-4% \/ 2 );margin-right: calc(-4% \/ 2 );\"><div class=\"fusion-layout-column fusion_builder_column fusion-builder-column-7 fusion_builder_column_1_3 1_3 fusion-flex-column\" style=\"--awb-bg-color:var(--awb-color1);--awb-bg-color-hover:var(--awb-color1);--awb-bg-image:linear-gradient(180deg, var(--awb-color1) 0%,rgba(255,255,255,0) 100%);--awb-bg-size:cover;--awb-width-large:33.333333333333%;--awb-margin-top-large:0px;--awb-spacing-right-large:5.76%;--awb-margin-bottom-large:20px;--awb-spacing-left-large:5.76%;--awb-width-medium:33.333333333333%;--awb-order-medium:0;--awb-spacing-right-medium:5.76%;--awb-spacing-left-medium:5.76%;--awb-width-small:100%;--awb-order-small:0;--awb-spacing-right-small:1.92%;--awb-spacing-left-small:1.92%;\"><div class=\"fusion-column-wrapper fusion-column-has-shadow fusion-flex-justify-content-flex-start fusion-content-layout-column\"><div class=\"fusion-image-element \" style=\"--awb-caption-title-font-family:var(--h2_typography-font-family);--awb-caption-title-font-weight:var(--h2_typography-font-weight);--awb-caption-title-font-style:var(--h2_typography-font-style);--awb-caption-title-size:var(--h2_typography-font-size);--awb-caption-title-transform:var(--h2_typography-text-transform);--awb-caption-title-line-height:var(--h2_typography-line-height);--awb-caption-title-letter-spacing:var(--h2_typography-letter-spacing);\"><span class=\" fusion-imageframe imageframe-none imageframe-3 hover-type-none\"><img decoding=\"async\" width=\"216\" height=\"254\" title=\"Thompsons\" src=\"https:\/\/www.cig-icg.gr\/wp-content\/uploads\/2022\/03\/Thompsons.jpg\" data-orig-src=\"https:\/\/www.cig-icg.gr\/wp-content\/uploads\/2022\/03\/Thompsons.jpg\" alt class=\"lazyload img-responsive wp-image-6429\" srcset=\"data:image\/svg+xml,%3Csvg%20xmlns%3D%27http%3A%2F%2Fwww.w3.org%2F2000%2Fsvg%27%20width%3D%27216%27%20height%3D%27254%27%20viewBox%3D%270%200%20216%20254%27%3E%3Crect%20width%3D%27216%27%20height%3D%27254%27%20fill-opacity%3D%220%22%2F%3E%3C%2Fsvg%3E\" data-srcset=\"https:\/\/www.cig-icg.gr\/wp-content\/uploads\/2022\/03\/Thompsons-200x235.jpg 200w, https:\/\/www.cig-icg.gr\/wp-content\/uploads\/2022\/03\/Thompsons.jpg 216w\" data-sizes=\"auto\" data-orig-sizes=\"(max-width: 640px) 100vw, 216px\" \/><\/span><\/div><div class=\"fusion-text fusion-text-6\" style=\"--awb-text-transform:none;\"><h3>La bourse Homer et Dorothy Thompson<\/h3>\n<p><strong>Boursiers Thompson<br \/>\n<\/strong>2022-2023 Shannon Crewson<br \/>\n2018-2019 Barbara Scarfo<br \/>\n2014-2015 Lana Radloff<br \/>\n2009-2010 Matthew Maher &amp; Martin Perron<br \/>\n2005-2006 Kimberley-Anne Pixley<br \/>\n2001-2002 Alison Barclay<br \/>\n1997-1999 Kimberly Beaufils<br \/>\n1995-1997 Melanie Zahab<br \/>\n1993-1994 Susan Young<br \/>\n1990-1991 Josee Sabourin<br \/>\n1988-1990 Jacke Phillips<br \/>\n1987-1988 Elizabeth Lundy-Koubena<br \/>\n1984-1985 Roger Fisher<br \/>\n1983-1984 Lucia Nixon<\/p>\n<\/div><\/div><\/div><div class=\"fusion-layout-column fusion_builder_column fusion-builder-column-8 fusion_builder_column_2_3 2_3 fusion-flex-column\" style=\"--awb-bg-size:cover;--awb-width-large:66.666666666667%;--awb-margin-top-large:0px;--awb-spacing-right-large:2.88%;--awb-margin-bottom-large:20px;--awb-spacing-left-large:2.88%;--awb-width-medium:66.666666666667%;--awb-order-medium:0;--awb-spacing-right-medium:2.88%;--awb-spacing-left-medium:2.88%;--awb-width-small:100%;--awb-order-small:0;--awb-spacing-right-small:1.92%;--awb-spacing-left-small:1.92%;\"><div class=\"fusion-column-wrapper fusion-column-has-shadow fusion-flex-justify-content-flex-start fusion-content-layout-column\"><div class=\"fusion-text fusion-text-7\" style=\"--awb-text-transform:none;\"><p>Les candidats \u00e0 la bourse Neda et Franz Leipen doivent \u00eatre citoyens canadiens ou immigrants re\u00e7us, \u00eatre inscrits dans un programme d&rsquo;\u00e9tudes doctorales ou postdoctorales et doivent d\u00e9montrer un besoin manifeste de s\u00e9journer en Gr\u00e8ce pour approfondir leurs \u00e9tudes.<\/p>\n<p>Outre ses obligations en recherche et une consultation avec le Directeur, le candidat devra s\u00e9journer neuf mois en Gr\u00e8ce, participer aux \u00e9v\u00e8nements et aux activit\u00e9s de l\u2019Institut et contribuer \u00e0 la vie acad\u00e9mique et sociale de l\u2019Institut. La connaissance du pays et de la langue sera consid\u00e9r\u00e9e comme un atout pour les candidats, bien que facultative.<\/p>\n<p>La th\u00e9matique de recherche du r\u00e9cipiendaire doit porter sur le monde hell\u00e9nique, de l&rsquo;antiquit\u00e9 \u00e0 l&rsquo;\u00e9poque m\u00e9di\u00e9vale, peu importe la discipline.<\/p>\n<p>Le b\u00e9n\u00e9ficiaire aura l&rsquo;obligation, dans toute publication ult\u00e9rieure aux travaux de recherche men\u00e9s sous les auspices de la bourse, de souligner le soutien de l&rsquo;Institut canadien en Gr\u00e8ce et de la bourse Homer et Dorothy Thompson pour la compl\u00e9tion de ses travaux.<\/p>\n<p>Le boursier recevra une allocation de 12 000 $ CAD et sera log\u00e9 gratuitement \u00e0 l&rsquo;ICG pendant les neuf mois de la bourse (du 1er septembre au 31 mai).<\/p>\n<p><strong><a href=\"https:\/\/www.cig-icg.gr\/wp-content\/uploads\/2025\/11\/Bourse_annonce_Thompson.pdf\" target=\"_blank\" rel=\"noopener\">Appel \u00e0 candidatures pour la bourse Homer et Dorothy Thompson pour l&rsquo;ann\u00e9e acad\u00e9mique 2026-2027<\/a> (du 1er septembre 2026 au 31 mai 2027)<\/strong><\/p>\n<\/div><\/div><\/div><\/div><\/div><\/p>\n","protected":false},"excerpt":{"rendered":"","protected":false},"author":1,"featured_media":6415,"parent":0,"menu_order":0,"comment_status":"closed","ping_status":"closed","template":"","meta":{"_EventAllDay":false,"_EventTimezone":"","_EventStartDate":"","_EventEndDate":"","_EventStartDateUTC":"","_EventEndDateUTC":"","_EventShowMap":false,"_EventShowMapLink":false,"_EventURL":"","_EventCost":"","_EventCostDescription":"","_EventCurrencySymbol":"","_EventCurrencyCode":"","_EventCurrencyPosition":"","_EventDateTimeSeparator":"","_EventTimeRangeSeparator":"","_EventOrganizerID":[],"_EventVenueID":[],"_OrganizerEmail":"","_OrganizerPhone":"","_OrganizerWebsite":"","_VenueAddress":"","_VenueCity":"","_VenueCountry":"","_VenueProvince":"","_VenueState":"","_VenueZip":"","_VenuePhone":"","_VenueURL":"","_VenueStateProvince":"","_VenueLat":"","_VenueLng":"","_VenueShowMap":false,"_VenueShowMapLink":false,"footnotes":""},"class_list":["post-6940","page","type-page","status-publish","has-post-thumbnail","hentry"],"_links":{"self":[{"href":"https:\/\/www.cig-icg.gr\/fr\/wp-json\/wp\/v2\/pages\/6940","targetHints":{"allow":["GET"]}}],"collection":[{"href":"https:\/\/www.cig-icg.gr\/fr\/wp-json\/wp\/v2\/pages"}],"about":[{"href":"https:\/\/www.cig-icg.gr\/fr\/wp-json\/wp\/v2\/types\/page"}],"author":[{"embeddable":true,"href":"https:\/\/www.cig-icg.gr\/fr\/wp-json\/wp\/v2\/users\/1"}],"replies":[{"embeddable":true,"href":"https:\/\/www.cig-icg.gr\/fr\/wp-json\/wp\/v2\/comments?post=6940"}],"version-history":[{"count":0,"href":"https:\/\/www.cig-icg.gr\/fr\/wp-json\/wp\/v2\/pages\/6940\/revisions"}],"wp:featuredmedia":[{"embeddable":true,"href":"https:\/\/www.cig-icg.gr\/fr\/wp-json\/wp\/v2\/media\/6415"}],"wp:attachment":[{"href":"https:\/\/www.cig-icg.gr\/fr\/wp-json\/wp\/v2\/media?parent=6940"}],"curies":[{"name":"wp","href":"https:\/\/api.w.org\/{rel}","templated":true}]}}