{"id":6917,"date":"2022-03-14T00:00:15","date_gmt":"2022-03-13T22:00:15","guid":{"rendered":"https:\/\/cig-icg.gr\/location-evenementielle\/"},"modified":"2024-01-28T14:23:53","modified_gmt":"2024-01-28T12:23:53","slug":"location-evenementielle","status":"publish","type":"page","link":"https:\/\/www.cig-icg.gr\/fr\/location-evenementielle\/","title":{"rendered":"Location \u00e9v\u00e9nementielle"},"content":{"rendered":"<p><div class=\"fusion-fullwidth fullwidth-box fusion-builder-row-1 fusion-flex-container nonhundred-percent-fullwidth non-hundred-percent-height-scrolling\" style=\"--awb-border-radius-top-left:0px;--awb-border-radius-top-right:0px;--awb-border-radius-bottom-right:0px;--awb-border-radius-bottom-left:0px;--awb-flex-wrap:wrap;\" ><div class=\"fusion-builder-row fusion-row fusion-flex-align-items-flex-start fusion-flex-content-wrap\" style=\"max-width:1216.8px;margin-left: calc(-4% \/ 2 );margin-right: calc(-4% \/ 2 );\"><div class=\"fusion-layout-column fusion_builder_column fusion-builder-column-0 fusion_builder_column_1_1 1_1 fusion-flex-column\" style=\"--awb-bg-size:cover;--awb-width-large:100%;--awb-margin-top-large:0px;--awb-spacing-right-large:1.92%;--awb-margin-bottom-large:20px;--awb-spacing-left-large:1.92%;--awb-width-medium:100%;--awb-order-medium:0;--awb-spacing-right-medium:1.92%;--awb-spacing-left-medium:1.92%;--awb-width-small:100%;--awb-order-small:0;--awb-spacing-right-small:1.92%;--awb-spacing-left-small:1.92%;\"><div class=\"fusion-column-wrapper fusion-column-has-shadow fusion-flex-justify-content-flex-start fusion-content-layout-column\"><div class=\"fusion-text fusion-text-1\" style=\"--awb-font-size:18px;--awb-text-transform:none;\"><p>Le deuxi\u00e8me \u00e9tage de l&rsquo;Institut est un espace semi-autonome et multifonctionnel comprenant un auditorium, deux salles de s\u00e9minaire et une cuisine autour d&rsquo;un couloir central. Il est enti\u00e8rement \u00e9quip\u00e9 pour accueillir un large \u00e9ventail d&rsquo;\u00e9v\u00e9nements, notamment des cours, des conf\u00e9rences, des r\u00e9unions et des expositions.<br \/>\nPour les demandes de location, veuillez contacter le directeur adjoint : <a href=\"mailto:ad@cig-icg.gr\" target=\"_blank\" rel=\"noopener\">ad@cig-icg.gr<\/a><\/p>\n<\/div><\/div><\/div><\/div><\/div><div class=\"fusion-fullwidth fullwidth-box fusion-builder-row-2 fusion-flex-container nonhundred-percent-fullwidth non-hundred-percent-height-scrolling\" style=\"--awb-border-radius-top-left:0px;--awb-border-radius-top-right:0px;--awb-border-radius-bottom-right:0px;--awb-border-radius-bottom-left:0px;--awb-flex-wrap:wrap;\" ><div class=\"fusion-builder-row fusion-row fusion-flex-align-items-flex-start fusion-flex-content-wrap\" style=\"max-width:1216.8px;margin-left: calc(-4% \/ 2 );margin-right: calc(-4% \/ 2 );\"><div class=\"fusion-layout-column fusion_builder_column fusion-builder-column-1 fusion_builder_column_1_1 1_1 fusion-flex-column\" style=\"--awb-bg-size:cover;--awb-width-large:100%;--awb-margin-top-large:0px;--awb-spacing-right-large:1.92%;--awb-margin-bottom-large:20px;--awb-spacing-left-large:1.92%;--awb-width-medium:100%;--awb-order-medium:0;--awb-spacing-right-medium:1.92%;--awb-spacing-left-medium:1.92%;--awb-width-small:100%;--awb-order-small:0;--awb-spacing-right-small:1.92%;--awb-spacing-left-small:1.92%;\"><div class=\"fusion-column-wrapper fusion-column-has-shadow fusion-flex-justify-content-flex-start fusion-content-layout-column\"><div class=\"fusion-separator fusion-full-width-sep\" style=\"align-self: center;margin-left: auto;margin-right: auto;margin-bottom:1em;width:100%;\"><div class=\"fusion-separator-border sep-single sep-solid\" style=\"--awb-height:20px;--awb-amount:20px;border-color:var(--awb-color3);border-top-width:1px;\"><\/div><\/div><\/div><\/div><\/div><\/div><div class=\"fusion-fullwidth fullwidth-box fusion-builder-row-3 fusion-flex-container nonhundred-percent-fullwidth non-hundred-percent-height-scrolling\" style=\"--awb-border-radius-top-left:0px;--awb-border-radius-top-right:0px;--awb-border-radius-bottom-right:0px;--awb-border-radius-bottom-left:0px;--awb-flex-wrap:wrap;\" ><div class=\"fusion-builder-row fusion-row fusion-flex-align-items-flex-start fusion-flex-content-wrap\" style=\"max-width:1216.8px;margin-left: calc(-4% \/ 2 );margin-right: calc(-4% \/ 2 );\"><div class=\"fusion-layout-column fusion_builder_column fusion-builder-column-2 fusion_builder_column_1_1 1_1 fusion-flex-column\" style=\"--awb-bg-size:cover;--awb-width-large:100%;--awb-margin-top-large:0px;--awb-spacing-right-large:1.92%;--awb-margin-bottom-large:20px;--awb-spacing-left-large:1.92%;--awb-width-medium:100%;--awb-order-medium:0;--awb-spacing-right-medium:1.92%;--awb-spacing-left-medium:1.92%;--awb-width-small:100%;--awb-order-small:0;--awb-spacing-right-small:1.92%;--awb-spacing-left-small:1.92%;\"><div class=\"fusion-column-wrapper fusion-column-has-shadow fusion-flex-justify-content-flex-start fusion-content-layout-column\"><div class=\"awb-gallery-wrapper awb-gallery-wrapper-1 button-span-no\"><div style=\"margin:-5px;--awb-bordersize:0px;\" class=\"fusion-gallery fusion-gallery-container fusion-grid-3 fusion-columns-total-9 fusion-gallery-layout-grid fusion-gallery-1\"><div style=\"padding:5px;\" class=\"fusion-grid-column fusion-gallery-column fusion-gallery-column-3 hover-type-none\"><div class=\"fusion-gallery-image\"><a href=\"https:\/\/www.cig-icg.gr\/wp-content\/uploads\/2024\/01\/event1-jpg.webp\" rel=\"noreferrer\" data-rel=\"iLightbox[gallery_image_1]\" class=\"fusion-lightbox\" target=\"_self\"><img decoding=\"async\" src=\"https:\/\/www.cig-icg.gr\/wp-content\/uploads\/2024\/01\/event1-jpg.webp\" data-orig-src=\"https:\/\/www.cig-icg.gr\/wp-content\/uploads\/2024\/01\/event1-jpg.webp\" width=\"1000\" height=\"636\" alt=\"\" title=\"event1\" aria-label=\"event1\" class=\"lazyload img-responsive wp-image-11935\" srcset=\"data:image\/svg+xml,%3Csvg%20xmlns%3D%27http%3A%2F%2Fwww.w3.org%2F2000%2Fsvg%27%20width%3D%271000%27%20height%3D%27636%27%20viewBox%3D%270%200%201000%20636%27%3E%3Crect%20width%3D%271000%27%20height%3D%27636%27%20fill-opacity%3D%220%22%2F%3E%3C%2Fsvg%3E\" data-srcset=\"https:\/\/www.cig-icg.gr\/wp-content\/uploads\/2024\/01\/event1-200x127.webp 200w, https:\/\/www.cig-icg.gr\/wp-content\/uploads\/2024\/01\/event1-400x254.webp 400w, https:\/\/www.cig-icg.gr\/wp-content\/uploads\/2024\/01\/event1-600x382.webp 600w, https:\/\/www.cig-icg.gr\/wp-content\/uploads\/2024\/01\/event1-800x509.webp 800w, https:\/\/www.cig-icg.gr\/wp-content\/uploads\/2024\/01\/event1-jpg.webp 1000w\" data-sizes=\"auto\" data-orig-sizes=\"(min-width: 2200px) 100vw, (min-width: 824px) 387px, (min-width: 732px) 580px, (min-width: 640px) 732px, \" \/><\/a><\/div><\/div><div style=\"padding:5px;\" class=\"fusion-grid-column fusion-gallery-column fusion-gallery-column-3 hover-type-none\"><div class=\"fusion-gallery-image\"><a href=\"https:\/\/www.cig-icg.gr\/wp-content\/uploads\/2024\/01\/event2-1-jpg.webp\" rel=\"noreferrer\" data-rel=\"iLightbox[gallery_image_1]\" class=\"fusion-lightbox\" target=\"_self\"><img decoding=\"async\" src=\"https:\/\/www.cig-icg.gr\/wp-content\/uploads\/2024\/01\/event2-1-jpg.webp\" data-orig-src=\"https:\/\/www.cig-icg.gr\/wp-content\/uploads\/2024\/01\/event2-1-jpg.webp\" width=\"2000\" height=\"1282\" alt=\"\" title=\"event2-1\" aria-label=\"event2-1\" class=\"lazyload img-responsive wp-image-11944\" srcset=\"data:image\/svg+xml,%3Csvg%20xmlns%3D%27http%3A%2F%2Fwww.w3.org%2F2000%2Fsvg%27%20width%3D%272000%27%20height%3D%271282%27%20viewBox%3D%270%200%202000%201282%27%3E%3Crect%20width%3D%272000%27%20height%3D%271282%27%20fill-opacity%3D%220%22%2F%3E%3C%2Fsvg%3E\" data-srcset=\"https:\/\/www.cig-icg.gr\/wp-content\/uploads\/2024\/01\/event2-1-200x128.webp 200w, https:\/\/www.cig-icg.gr\/wp-content\/uploads\/2024\/01\/event2-1-400x256.webp 400w, https:\/\/www.cig-icg.gr\/wp-content\/uploads\/2024\/01\/event2-1-600x385.webp 600w, https:\/\/www.cig-icg.gr\/wp-content\/uploads\/2024\/01\/event2-1-800x513.webp 800w, https:\/\/www.cig-icg.gr\/wp-content\/uploads\/2024\/01\/event2-1-1200x769.webp 1200w, https:\/\/www.cig-icg.gr\/wp-content\/uploads\/2024\/01\/event2-1-jpg.webp 2000w\" data-sizes=\"auto\" data-orig-sizes=\"(min-width: 2200px) 100vw, (min-width: 824px) 387px, (min-width: 732px) 580px, (min-width: 640px) 732px, \" \/><\/a><\/div><\/div><div style=\"padding:5px;\" class=\"fusion-grid-column fusion-gallery-column fusion-gallery-column-3 hover-type-none\"><div class=\"fusion-gallery-image\"><a href=\"https:\/\/www.cig-icg.gr\/wp-content\/uploads\/2024\/01\/event3-jpg.webp\" rel=\"noreferrer\" data-rel=\"iLightbox[gallery_image_1]\" class=\"fusion-lightbox\" target=\"_self\"><img decoding=\"async\" src=\"https:\/\/www.cig-icg.gr\/wp-content\/uploads\/2024\/01\/event3-jpg.webp\" data-orig-src=\"https:\/\/www.cig-icg.gr\/wp-content\/uploads\/2024\/01\/event3-jpg.webp\" width=\"1000\" height=\"636\" alt=\"\" title=\"event3\" aria-label=\"event3\" class=\"lazyload img-responsive wp-image-11947\" srcset=\"data:image\/svg+xml,%3Csvg%20xmlns%3D%27http%3A%2F%2Fwww.w3.org%2F2000%2Fsvg%27%20width%3D%271000%27%20height%3D%27636%27%20viewBox%3D%270%200%201000%20636%27%3E%3Crect%20width%3D%271000%27%20height%3D%27636%27%20fill-opacity%3D%220%22%2F%3E%3C%2Fsvg%3E\" data-srcset=\"https:\/\/www.cig-icg.gr\/wp-content\/uploads\/2024\/01\/event3-200x127.webp 200w, https:\/\/www.cig-icg.gr\/wp-content\/uploads\/2024\/01\/event3-400x254.webp 400w, https:\/\/www.cig-icg.gr\/wp-content\/uploads\/2024\/01\/event3-600x382.webp 600w, https:\/\/www.cig-icg.gr\/wp-content\/uploads\/2024\/01\/event3-800x509.webp 800w, https:\/\/www.cig-icg.gr\/wp-content\/uploads\/2024\/01\/event3-jpg.webp 1000w\" data-sizes=\"auto\" data-orig-sizes=\"(min-width: 2200px) 100vw, (min-width: 824px) 387px, (min-width: 732px) 580px, (min-width: 640px) 732px, \" \/><\/a><\/div><\/div><div class=\"clearfix\"><\/div><div style=\"padding:5px;\" class=\"fusion-grid-column fusion-gallery-column fusion-gallery-column-3 hover-type-none\"><div class=\"fusion-gallery-image\"><a href=\"https:\/\/www.cig-icg.gr\/wp-content\/uploads\/2024\/01\/event3-1-jpg.webp\" rel=\"noreferrer\" data-rel=\"iLightbox[gallery_image_1]\" class=\"fusion-lightbox\" target=\"_self\"><img decoding=\"async\" src=\"https:\/\/www.cig-icg.gr\/wp-content\/uploads\/2024\/01\/event3-1-jpg.webp\" data-orig-src=\"https:\/\/www.cig-icg.gr\/wp-content\/uploads\/2024\/01\/event3-1-jpg.webp\" width=\"2000\" height=\"1282\" alt=\"\" title=\"event3-1\" aria-label=\"event3-1\" class=\"lazyload img-responsive wp-image-11950\" srcset=\"data:image\/svg+xml,%3Csvg%20xmlns%3D%27http%3A%2F%2Fwww.w3.org%2F2000%2Fsvg%27%20width%3D%272000%27%20height%3D%271282%27%20viewBox%3D%270%200%202000%201282%27%3E%3Crect%20width%3D%272000%27%20height%3D%271282%27%20fill-opacity%3D%220%22%2F%3E%3C%2Fsvg%3E\" data-srcset=\"https:\/\/www.cig-icg.gr\/wp-content\/uploads\/2024\/01\/event3-1-200x128.webp 200w, https:\/\/www.cig-icg.gr\/wp-content\/uploads\/2024\/01\/event3-1-400x256.webp 400w, https:\/\/www.cig-icg.gr\/wp-content\/uploads\/2024\/01\/event3-1-600x385.webp 600w, https:\/\/www.cig-icg.gr\/wp-content\/uploads\/2024\/01\/event3-1-800x513.webp 800w, https:\/\/www.cig-icg.gr\/wp-content\/uploads\/2024\/01\/event3-1-1200x769.webp 1200w, https:\/\/www.cig-icg.gr\/wp-content\/uploads\/2024\/01\/event3-1-jpg.webp 2000w\" data-sizes=\"auto\" data-orig-sizes=\"(min-width: 2200px) 100vw, (min-width: 824px) 387px, (min-width: 732px) 580px, (min-width: 640px) 732px, \" \/><\/a><\/div><\/div><div style=\"padding:5px;\" class=\"fusion-grid-column fusion-gallery-column fusion-gallery-column-3 hover-type-none\"><div class=\"fusion-gallery-image\"><a href=\"https:\/\/www.cig-icg.gr\/wp-content\/uploads\/2024\/01\/event4-1-jpg.webp\" rel=\"noreferrer\" data-rel=\"iLightbox[gallery_image_1]\" class=\"fusion-lightbox\" target=\"_self\"><img decoding=\"async\" src=\"https:\/\/www.cig-icg.gr\/wp-content\/uploads\/2024\/01\/event4-1-jpg.webp\" data-orig-src=\"https:\/\/www.cig-icg.gr\/wp-content\/uploads\/2024\/01\/event4-1-jpg.webp\" width=\"1000\" height=\"636\" alt=\"\" title=\"event4-1\" aria-label=\"event4-1\" class=\"lazyload img-responsive wp-image-11956\" srcset=\"data:image\/svg+xml,%3Csvg%20xmlns%3D%27http%3A%2F%2Fwww.w3.org%2F2000%2Fsvg%27%20width%3D%271000%27%20height%3D%27636%27%20viewBox%3D%270%200%201000%20636%27%3E%3Crect%20width%3D%271000%27%20height%3D%27636%27%20fill-opacity%3D%220%22%2F%3E%3C%2Fsvg%3E\" data-srcset=\"https:\/\/www.cig-icg.gr\/wp-content\/uploads\/2024\/01\/event4-1-200x127.webp 200w, https:\/\/www.cig-icg.gr\/wp-content\/uploads\/2024\/01\/event4-1-400x254.webp 400w, https:\/\/www.cig-icg.gr\/wp-content\/uploads\/2024\/01\/event4-1-600x382.webp 600w, https:\/\/www.cig-icg.gr\/wp-content\/uploads\/2024\/01\/event4-1-800x509.webp 800w, https:\/\/www.cig-icg.gr\/wp-content\/uploads\/2024\/01\/event4-1-jpg.webp 1000w\" data-sizes=\"auto\" data-orig-sizes=\"(min-width: 2200px) 100vw, (min-width: 824px) 387px, (min-width: 732px) 580px, (min-width: 640px) 732px, \" \/><\/a><\/div><\/div><div style=\"padding:5px;\" class=\"fusion-grid-column fusion-gallery-column fusion-gallery-column-3 hover-type-none\"><div class=\"fusion-gallery-image\"><a href=\"https:\/\/www.cig-icg.gr\/wp-content\/uploads\/2024\/01\/event5-jpg.webp\" rel=\"noreferrer\" data-rel=\"iLightbox[gallery_image_1]\" class=\"fusion-lightbox\" target=\"_self\"><img decoding=\"async\" src=\"https:\/\/www.cig-icg.gr\/wp-content\/uploads\/2024\/01\/event5-jpg.webp\" data-orig-src=\"https:\/\/www.cig-icg.gr\/wp-content\/uploads\/2024\/01\/event5-jpg.webp\" width=\"1000\" height=\"636\" alt=\"\" title=\"event5\" aria-label=\"event5\" class=\"lazyload img-responsive wp-image-11959\" srcset=\"data:image\/svg+xml,%3Csvg%20xmlns%3D%27http%3A%2F%2Fwww.w3.org%2F2000%2Fsvg%27%20width%3D%271000%27%20height%3D%27636%27%20viewBox%3D%270%200%201000%20636%27%3E%3Crect%20width%3D%271000%27%20height%3D%27636%27%20fill-opacity%3D%220%22%2F%3E%3C%2Fsvg%3E\" data-srcset=\"https:\/\/www.cig-icg.gr\/wp-content\/uploads\/2024\/01\/event5-200x127.webp 200w, https:\/\/www.cig-icg.gr\/wp-content\/uploads\/2024\/01\/event5-400x254.webp 400w, https:\/\/www.cig-icg.gr\/wp-content\/uploads\/2024\/01\/event5-600x382.webp 600w, https:\/\/www.cig-icg.gr\/wp-content\/uploads\/2024\/01\/event5-800x509.webp 800w, https:\/\/www.cig-icg.gr\/wp-content\/uploads\/2024\/01\/event5-jpg.webp 1000w\" data-sizes=\"auto\" data-orig-sizes=\"(min-width: 2200px) 100vw, (min-width: 824px) 387px, (min-width: 732px) 580px, (min-width: 640px) 732px, \" \/><\/a><\/div><\/div><div class=\"clearfix\"><\/div><div style=\"padding:5px;\" class=\"fusion-grid-column fusion-gallery-column fusion-gallery-column-3 hover-type-none\"><div class=\"fusion-gallery-image\"><a href=\"https:\/\/www.cig-icg.gr\/wp-content\/uploads\/2024\/01\/event6-jpg.webp\" rel=\"noreferrer\" data-rel=\"iLightbox[gallery_image_1]\" class=\"fusion-lightbox\" target=\"_self\"><img decoding=\"async\" src=\"https:\/\/www.cig-icg.gr\/wp-content\/uploads\/2024\/01\/event6-jpg.webp\" data-orig-src=\"https:\/\/www.cig-icg.gr\/wp-content\/uploads\/2024\/01\/event6-jpg.webp\" width=\"1000\" height=\"636\" alt=\"\" title=\"event6\" aria-label=\"event6\" class=\"lazyload img-responsive wp-image-11962\" srcset=\"data:image\/svg+xml,%3Csvg%20xmlns%3D%27http%3A%2F%2Fwww.w3.org%2F2000%2Fsvg%27%20width%3D%271000%27%20height%3D%27636%27%20viewBox%3D%270%200%201000%20636%27%3E%3Crect%20width%3D%271000%27%20height%3D%27636%27%20fill-opacity%3D%220%22%2F%3E%3C%2Fsvg%3E\" data-srcset=\"https:\/\/www.cig-icg.gr\/wp-content\/uploads\/2024\/01\/event6-200x127.webp 200w, https:\/\/www.cig-icg.gr\/wp-content\/uploads\/2024\/01\/event6-400x254.webp 400w, https:\/\/www.cig-icg.gr\/wp-content\/uploads\/2024\/01\/event6-600x382.webp 600w, https:\/\/www.cig-icg.gr\/wp-content\/uploads\/2024\/01\/event6-800x509.webp 800w, https:\/\/www.cig-icg.gr\/wp-content\/uploads\/2024\/01\/event6-jpg.webp 1000w\" data-sizes=\"auto\" data-orig-sizes=\"(min-width: 2200px) 100vw, (min-width: 824px) 387px, (min-width: 732px) 580px, (min-width: 640px) 732px, \" \/><\/a><\/div><\/div><div style=\"padding:5px;\" class=\"fusion-grid-column fusion-gallery-column fusion-gallery-column-3 hover-type-none\"><div class=\"fusion-gallery-image\"><a href=\"https:\/\/www.cig-icg.gr\/wp-content\/uploads\/2024\/01\/event8-jpg.webp\" rel=\"noreferrer\" data-rel=\"iLightbox[gallery_image_1]\" class=\"fusion-lightbox\" target=\"_self\"><img decoding=\"async\" src=\"https:\/\/www.cig-icg.gr\/wp-content\/uploads\/2024\/01\/event8-jpg.webp\" data-orig-src=\"https:\/\/www.cig-icg.gr\/wp-content\/uploads\/2024\/01\/event8-jpg.webp\" width=\"1000\" height=\"636\" alt=\"\" title=\"event8\" aria-label=\"event8\" class=\"lazyload img-responsive wp-image-11968\" srcset=\"data:image\/svg+xml,%3Csvg%20xmlns%3D%27http%3A%2F%2Fwww.w3.org%2F2000%2Fsvg%27%20width%3D%271000%27%20height%3D%27636%27%20viewBox%3D%270%200%201000%20636%27%3E%3Crect%20width%3D%271000%27%20height%3D%27636%27%20fill-opacity%3D%220%22%2F%3E%3C%2Fsvg%3E\" data-srcset=\"https:\/\/www.cig-icg.gr\/wp-content\/uploads\/2024\/01\/event8-200x127.webp 200w, https:\/\/www.cig-icg.gr\/wp-content\/uploads\/2024\/01\/event8-400x254.webp 400w, https:\/\/www.cig-icg.gr\/wp-content\/uploads\/2024\/01\/event8-600x382.webp 600w, https:\/\/www.cig-icg.gr\/wp-content\/uploads\/2024\/01\/event8-800x509.webp 800w, https:\/\/www.cig-icg.gr\/wp-content\/uploads\/2024\/01\/event8-jpg.webp 1000w\" data-sizes=\"auto\" data-orig-sizes=\"(min-width: 2200px) 100vw, (min-width: 824px) 387px, (min-width: 732px) 580px, (min-width: 640px) 732px, \" \/><\/a><\/div><\/div><div style=\"padding:5px;\" class=\"fusion-grid-column fusion-gallery-column fusion-gallery-column-3 hover-type-none\"><div class=\"fusion-gallery-image\"><a href=\"https:\/\/www.cig-icg.gr\/wp-content\/uploads\/2024\/01\/event9-jpg.webp\" rel=\"noreferrer\" data-rel=\"iLightbox[gallery_image_1]\" class=\"fusion-lightbox\" target=\"_self\"><img decoding=\"async\" src=\"https:\/\/www.cig-icg.gr\/wp-content\/uploads\/2024\/01\/event9-jpg.webp\" data-orig-src=\"https:\/\/www.cig-icg.gr\/wp-content\/uploads\/2024\/01\/event9-jpg.webp\" width=\"1000\" height=\"636\" alt=\"\" title=\"event9\" aria-label=\"event9\" class=\"lazyload img-responsive wp-image-11971\" srcset=\"data:image\/svg+xml,%3Csvg%20xmlns%3D%27http%3A%2F%2Fwww.w3.org%2F2000%2Fsvg%27%20width%3D%271000%27%20height%3D%27636%27%20viewBox%3D%270%200%201000%20636%27%3E%3Crect%20width%3D%271000%27%20height%3D%27636%27%20fill-opacity%3D%220%22%2F%3E%3C%2Fsvg%3E\" data-srcset=\"https:\/\/www.cig-icg.gr\/wp-content\/uploads\/2024\/01\/event9-200x127.webp 200w, https:\/\/www.cig-icg.gr\/wp-content\/uploads\/2024\/01\/event9-400x254.webp 400w, https:\/\/www.cig-icg.gr\/wp-content\/uploads\/2024\/01\/event9-600x382.webp 600w, https:\/\/www.cig-icg.gr\/wp-content\/uploads\/2024\/01\/event9-800x509.webp 800w, https:\/\/www.cig-icg.gr\/wp-content\/uploads\/2024\/01\/event9-jpg.webp 1000w\" data-sizes=\"auto\" data-orig-sizes=\"(min-width: 2200px) 100vw, (min-width: 824px) 387px, (min-width: 732px) 580px, (min-width: 640px) 732px, \" \/><\/a><\/div><\/div><div class=\"clearfix\"><\/div><\/div><\/div><\/div><\/div><\/div><\/div><\/p>\n","protected":false},"excerpt":{"rendered":"","protected":false},"author":1,"featured_media":15317,"parent":0,"menu_order":0,"comment_status":"closed","ping_status":"closed","template":"","meta":{"_EventAllDay":false,"_EventTimezone":"","_EventStartDate":"","_EventEndDate":"","_EventStartDateUTC":"","_EventEndDateUTC":"","_EventShowMap":false,"_EventShowMapLink":false,"_EventURL":"","_EventCost":"","_EventCostDescription":"","_EventCurrencySymbol":"","_EventCurrencyCode":"","_EventCurrencyPosition":"","_EventDateTimeSeparator":"","_EventTimeRangeSeparator":"","_EventOrganizerID":[],"_EventVenueID":[],"_OrganizerEmail":"","_OrganizerPhone":"","_OrganizerWebsite":"","_VenueAddress":"","_VenueCity":"","_VenueCountry":"","_VenueProvince":"","_VenueState":"","_VenueZip":"","_VenuePhone":"","_VenueURL":"","_VenueStateProvince":"","_VenueLat":"","_VenueLng":"","_VenueShowMap":false,"_VenueShowMapLink":false,"footnotes":""},"class_list":["post-6917","page","type-page","status-publish","has-post-thumbnail","hentry"],"_links":{"self":[{"href":"https:\/\/www.cig-icg.gr\/fr\/wp-json\/wp\/v2\/pages\/6917","targetHints":{"allow":["GET"]}}],"collection":[{"href":"https:\/\/www.cig-icg.gr\/fr\/wp-json\/wp\/v2\/pages"}],"about":[{"href":"https:\/\/www.cig-icg.gr\/fr\/wp-json\/wp\/v2\/types\/page"}],"author":[{"embeddable":true,"href":"https:\/\/www.cig-icg.gr\/fr\/wp-json\/wp\/v2\/users\/1"}],"replies":[{"embeddable":true,"href":"https:\/\/www.cig-icg.gr\/fr\/wp-json\/wp\/v2\/comments?post=6917"}],"version-history":[{"count":0,"href":"https:\/\/www.cig-icg.gr\/fr\/wp-json\/wp\/v2\/pages\/6917\/revisions"}],"wp:featuredmedia":[{"embeddable":true,"href":"https:\/\/www.cig-icg.gr\/fr\/wp-json\/wp\/v2\/media\/15317"}],"wp:attachment":[{"href":"https:\/\/www.cig-icg.gr\/fr\/wp-json\/wp\/v2\/media?parent=6917"}],"curies":[{"name":"wp","href":"https:\/\/api.w.org\/{rel}","templated":true}]}}