{"id":6905,"date":"2022-03-14T13:50:03","date_gmt":"2022-03-14T11:50:03","guid":{"rendered":"https:\/\/cig-icg.gr\/bourses\/"},"modified":"2025-11-10T11:17:13","modified_gmt":"2025-11-10T09:17:13","slug":"bourses","status":"publish","type":"page","link":"https:\/\/www.cig-icg.gr\/fr\/bourses\/","title":{"rendered":"Bourses d&rsquo;\u00e9tudes et de voyages"},"content":{"rendered":"<div class=\"fusion-fullwidth fullwidth-box fusion-builder-row-1 fusion-flex-container nonhundred-percent-fullwidth non-hundred-percent-height-scrolling\" style=\"--link_hover_color: var(--awb-color5);--link_color: var(--awb-color4);--awb-border-radius-top-left:0px;--awb-border-radius-top-right:0px;--awb-border-radius-bottom-right:0px;--awb-border-radius-bottom-left:0px;--awb-flex-wrap:wrap;\" ><div class=\"fusion-builder-row fusion-row fusion-flex-align-items-flex-start fusion-flex-content-wrap\" style=\"max-width:1216.8px;margin-left: calc(-4% \/ 2 );margin-right: calc(-4% \/ 2 );\"><div class=\"fusion-layout-column fusion_builder_column fusion-builder-column-0 fusion_builder_column_1_1 1_1 fusion-flex-column\" style=\"--awb-bg-size:cover;--awb-width-large:100%;--awb-margin-top-large:0px;--awb-spacing-right-large:1.92%;--awb-margin-bottom-large:20px;--awb-spacing-left-large:1.92%;--awb-width-medium:100%;--awb-order-medium:0;--awb-spacing-right-medium:1.92%;--awb-spacing-left-medium:1.92%;--awb-width-small:100%;--awb-order-small:0;--awb-spacing-right-small:1.92%;--awb-spacing-left-small:1.92%;\"><div class=\"fusion-column-wrapper fusion-column-has-shadow fusion-flex-justify-content-flex-start fusion-content-layout-column\"><div class=\"fusion-text fusion-text-1\" style=\"--awb-text-transform:none;\"><h3 style=\"text-align: center;\">La bourse d\u2019\u00e9tude et de voyage Frederick et Joan Winter<br \/>\npour les \u00e9tudiants qui poursuivent des \u00e9tudes sup\u00e9rieures et postdoctorales en Gr\u00e8ce et dans la r\u00e9gion m\u00e9diterran\u00e9enne \u00e9largie<\/h3>\n<p>Ancien professeur d\u2019histoire de l\u2019art \u00e0 l\u2019Universit\u00e9 de Toronto, Frederick Winter (1922\u20132011) a publi\u00e9 de nombreux travaux sur l\u2019arch\u00e9ologie du monde classique. Il est connu surtout pour deux ouvrages, <em>Greek Fortifications<\/em> (1971) et <em>Studies in Hellenistic Architecture<\/em> (2006), et pour une s\u00e9rie d\u2019articles dans <em>l\u2019American Journal of Archaeology<\/em> (1976\u20131982) intitul\u00e9e \u00ab Tradition and Innovation in Doric Design I\u2013IV \u00bb. Sa femme, Joan, compagne ins\u00e9parable durant ses recherches sur le terrain, a jou\u00e9 un r\u00f4le crucial autant dans la collecte que dans l\u2019analyse des donn\u00e9es. Fred et Joan ont visit\u00e9 ensemble un grand nombre de sites, jugeant que l\u2019exp\u00e9rience personnelle acquise sur le terrain \u00e9tait indispensable.<\/p>\n<p>Afin de soutenir et d\u2019assister les \u00e9tudes sur le terrain d\u2019\u00e9tudiant.es canadien.nes en Gr\u00e8ce et dans le monde m\u00e9diterran\u00e9en, la famille du professeur Winter a cr\u00e9\u00e9 la \u00abBourse d\u2019\u00e9tude et de voyage Frederick et Joan Winter\u00bb avec l\u2019assistance de l\u2019Institut canadien en Gr\u00e8ce (ICG).<\/p>\n<p>La personne candidate doit e\u0302tre citoyenne canadienne ou immigrante rec\u0327ue et inscrite dans un programme d\u2019\u00e9tudes gradu\u00e9es ou postdoctorales. Elle doit aussi d\u00e9montrer un besoin manifeste de s\u00e9journer en Gr\u00e8ce ou ailleurs en M\u00e9diterran\u00e9e pour mener des recherches sur le monde hell\u00e9nique, de l&rsquo;Antiquit\u00e9 \u00e0 l&rsquo;\u00e9poque m\u00e9di\u00e9vale, dans la discipline de leur choix.<\/p>\n<p>Dans les trois mois qui suivront la fin de la p\u00e9riode de recherche, le ou la boursier.\u00e8re devra envoyer, au pr\u00e9sident du comit\u00e9 des bourses de l\u2019ICG, un court rapport d\u00e9crivant le travail accompli.<\/p>\n<p>Le ou la b\u00e9n\u00e9ficiaire aura l\u2019obligation, dans toute publication r\u00e9sultant des travaux de recherche men\u00e9s gr\u00e2ce \u00e0 cette bourse, de souligner le soutien de l\u2019Institut canadien en Gr\u00e8ce et de la bourse Frederick et Joan Winter.<\/p>\n<p>Une ou plusieurs bourses seront offertes chaque ann\u00e9e, pour un montant total de 3000 $ CAD.<\/p>\n<p><a href=\"https:\/\/www.cig-icg.gr\/wp-content\/uploads\/2025\/11\/Bourse_annonce_Winter.pdf\" target=\"_blank\" rel=\"noopener\">Appel \u00e0 candidatures pour la bourse de voyage pour \u00e9tudiants Frederick et Joan Winter pour 2026<\/a><\/p>\n<\/div><div class=\"fusion-separator fusion-full-width-sep\" style=\"align-self: center;margin-left: auto;margin-right: auto;margin-top:50px;margin-bottom:30px;width:100%;\"><div class=\"fusion-separator-border sep-single sep-solid\" style=\"--awb-height:20px;--awb-amount:20px;border-color:var(--awb-color3);border-top-width:1px;\"><\/div><\/div><div class=\"fusion-text fusion-text-2\" style=\"--awb-text-transform:none;\"><h3 style=\"text-align: center;\">La bourse de voyage d\u2019\u00e9tude ICEM-ICG<br \/>\npour les \u00e9tudiants qui suivent les \u00e9tudes du premier cycle en Gr\u00e8ce<\/h3>\n<p>Gr\u00e2ce \u00e0 un don g\u00e9n\u00e9reux de l&rsquo;Institut canadien d&rsquo;\u00e9tudes m\u00e9diterran\u00e9ennes (ICEM), l&rsquo;Institut canadien en Gr\u00e8ce (ICG) est fier de pouvoir offrir la bourse de voyage d&rsquo;\u00e9tude ICEM-ICG. La bourse vise \u00e0 soutenir les \u00e9tudiants du premier cycle des universit\u00e9s canadiennes qui veulent effectuer un voyage en Gr\u00e8ce. Le voyage pourrait \u00eatre li\u00e9 \u00e0 leur participation \u00e0 un projet arch\u00e9ologique, ou \u00e0 un programme d&rsquo;\u00e9t\u00e9, une session d&rsquo;\u00e9tudes \u00e0 l&rsquo;\u00e9tranger, ou encore \u00e0 toute autre activit\u00e9 acad\u00e9mique qui n\u00e9cessite la pr\u00e9sence de l&rsquo;\u00e9tudiant en Gr\u00e8ce. Nous sommes particuli\u00e8rement int\u00e9ress\u00e9s \u00e0 offrir notre appui aux \u00e9tudiants qui s&rsquo;identifient comme membres de groupes historiquement sous-repr\u00e9sent\u00e9s.<\/p>\n<p>La personne candidate doit \u00eatre citoyen canadien ou immigrant re\u00e7u et inscrit dans un programme d&rsquo;\u00e9tudes de premier cycle. De plus, il doit justifier son s\u00e9jour en Gr\u00e8ce pour des recherches sur le monde hell\u00e9nique, de l&rsquo;Antiquit\u00e9 \u00e0 l\u2019\u00e9poque moderne, dans la discipline de son choix.<\/p>\n<p>Dans les trois mois qui suivront la fin du se\u0301jour, le ou la boursier.\u00e8re devra envoyer, au pr\u00e9sident du comit\u00e9 des bourses de l\u2019ICG, un court rapport d\u00e9crivant le travail accompli.<\/p>\n<p>Le ou la b\u00e9n\u00e9ficiaire aura l&rsquo;obligation, dans toute publication r\u00e9sultant des travaux de recherche men\u00e9s gr\u00e2ce \u00e0 cette bourse, de souligner le soutien de l&rsquo;Institut canadien d&rsquo;\u00e9tudes m\u00e9diterran\u00e9ennes, de l&rsquo;institut canadien en Gr\u00e8ce et de la bourse de voyage d&rsquo;\u00e9tude ICEM-ICG.<\/p>\n<p>Une ou plusieurs bourses seront offertes chaque ann\u00e9e jusqu&rsquo;\u00e0 concurrence de 2500 $ CAD (total des bourses).<\/p>\n<p><a href=\"https:\/\/www.cig-icg.gr\/wp-content\/uploads\/2025\/11\/Bourse_annonce_ICEM-ICG.pdf\" target=\"_blank\" rel=\"noopener\">Appel \u00e0 candidatures pour la bourse de voyage \u00e9tudiant ICEM-ICG pour 2026<\/a><\/p>\n<\/div><div class=\"fusion-separator fusion-full-width-sep\" style=\"align-self: center;margin-left: auto;margin-right: auto;margin-top:50px;margin-bottom:30px;width:100%;\"><div class=\"fusion-separator-border sep-single sep-solid\" style=\"--awb-height:20px;--awb-amount:20px;border-color:var(--awb-color3);border-top-width:1px;\"><\/div><\/div><div class=\"fusion-text fusion-text-3\" style=\"--awb-text-transform:none;\"><h3 style=\"text-align: center;\">La bourse d\u2019\u00e9tude en Gr\u00e8ce Dr Leander Tryphonas<\/h3>\n<p>Gr\u00e2ce \u00e0 un don g\u00e9n\u00e9reux de l&rsquo;Institut canadien d&rsquo;\u00e9tudes m\u00e9diterran\u00e9ennes (section d&rsquo;Ottawa) et de la Parnassos Cultural Society of Ottawa, l&rsquo;Institut canadien en Gr\u00e8ce (ICG) est fier de pouvoir offrir la Bourse d\u2019\u00e9tude en Gr\u00e8ce Dr Leander Tryphonas. La bourse vise \u00e0 soutenir les \u00e9tudiants du premier cycle des universit\u00e9s canadiennes qui veulent effectuer un s\u00e9jour en Gr\u00e8ce.<\/p>\n<p>Il s&rsquo;agit d&rsquo;une bourse au m\u00e9rite qui vise \u00e0 encourager la diversit\u00e9 \u00e9tudiante dans les projets arch\u00e9ologiques ou les voyages d&rsquo;\u00e9tudes en Gr\u00e8ce. Une attention particuli\u00e8re pourrait \u00eatre accord\u00e9e aux \u00e9tudiants.es des universit\u00e9s d&rsquo;Ottawa, la ville o\u00f9 le Dr Tryphonas a v\u00e9cu et travaill\u00e9 pendant la majeure partie de sa carri\u00e8re professionnelle.<\/p>\n<p>La personne candidate doit \u00eatre citoyen canadien ou immigrant re\u00e7u et inscrit dans un programme d&rsquo;\u00e9tudes de premier cycle. De plus, elle doit justifier son s\u00e9jour en Gr\u00e8ce, par exemple pour participer \u00e0 un projet arch\u00e9ologique, \u00e0 une \u00e9cole d&rsquo;\u00e9t\u00e9 ou \u00e0 toute autre activit\u00e9 universitaire qui n\u00e9cessite une pr\u00e9sence en Gr\u00e8ce.<\/p>\n<p>Dans les trois mois qui suivront la fin du se\u0301jour, le ou la boursier.\u00e8re devra envoyer, au pr\u00e9sident du comit\u00e9 des bourses de l&rsquo;ICG, un court rapport d\u00e9crivant le travail accompli.<\/p>\n<p>Le ou la b\u00e9n\u00e9ficiaire aura l&rsquo;obligation, dans toute publication r\u00e9sultant des travaux de recherche men\u00e9s gr\u00e2ce \u00e0 cette bourse, de souligner le soutien de l&rsquo;Institut canadien d&rsquo;\u00e9tudes m\u00e9diterran\u00e9ennes, de la Parnassos Cultural Society of Ottawa, de l&rsquo;institut canadien en Gr\u00e8ce, et\u00a0de la Bourse d\u2019\u00e9tude en Gr\u00e8ce Dr Leander Tryphonas.<\/p>\n<p>Une bourse sera offerte chaque ann\u00e9e, pour un montant total de 2000 $ CAD. Cette bourse est principalement destin\u00e9e \u00e0 couvrir les frais de subsistance sur place (logement, repas, etc.) plut\u00f4t que les frais de transport.<\/p>\n<p><em>Nota bene : Ce prix, \u00e0 la discr\u00e9tion du comit\u00e9 de s\u00e9lection, peut \u00eatre attribu\u00e9 conjointement avec la \u00ab <\/em><em>Bourse de voyage d\u2019\u00e9tude ICEM-ICG \u00bb qui couvre les d\u00e9penses li\u00e9es au voyage.<\/em><\/p>\n<p><a href=\"https:\/\/www.cig-icg.gr\/wp-content\/uploads\/2025\/11\/Bourse_annonce_Tryphonas.pdf\" target=\"_blank\" rel=\"noopener\">Appel \u00e0 candidatures pour la bourse d\u2019\u00e9tude en Gr\u00e8ce Dr Leander Tryphonas pour 2026<\/a><\/p>\n<\/div><\/div><\/div><\/div><\/div>\n","protected":false},"excerpt":{"rendered":"","protected":false},"author":1,"featured_media":6413,"parent":0,"menu_order":0,"comment_status":"closed","ping_status":"closed","template":"","meta":{"_EventAllDay":false,"_EventTimezone":"","_EventStartDate":"","_EventEndDate":"","_EventStartDateUTC":"","_EventEndDateUTC":"","_EventShowMap":false,"_EventShowMapLink":false,"_EventURL":"","_EventCost":"","_EventCostDescription":"","_EventCurrencySymbol":"","_EventCurrencyCode":"","_EventCurrencyPosition":"","_EventDateTimeSeparator":"","_EventTimeRangeSeparator":"","_EventOrganizerID":[],"_EventVenueID":[],"_OrganizerEmail":"","_OrganizerPhone":"","_OrganizerWebsite":"","_VenueAddress":"","_VenueCity":"","_VenueCountry":"","_VenueProvince":"","_VenueState":"","_VenueZip":"","_VenuePhone":"","_VenueURL":"","_VenueStateProvince":"","_VenueLat":"","_VenueLng":"","_VenueShowMap":false,"_VenueShowMapLink":false,"footnotes":""},"class_list":["post-6905","page","type-page","status-publish","has-post-thumbnail","hentry"],"_links":{"self":[{"href":"https:\/\/www.cig-icg.gr\/fr\/wp-json\/wp\/v2\/pages\/6905","targetHints":{"allow":["GET"]}}],"collection":[{"href":"https:\/\/www.cig-icg.gr\/fr\/wp-json\/wp\/v2\/pages"}],"about":[{"href":"https:\/\/www.cig-icg.gr\/fr\/wp-json\/wp\/v2\/types\/page"}],"author":[{"embeddable":true,"href":"https:\/\/www.cig-icg.gr\/fr\/wp-json\/wp\/v2\/users\/1"}],"replies":[{"embeddable":true,"href":"https:\/\/www.cig-icg.gr\/fr\/wp-json\/wp\/v2\/comments?post=6905"}],"version-history":[{"count":0,"href":"https:\/\/www.cig-icg.gr\/fr\/wp-json\/wp\/v2\/pages\/6905\/revisions"}],"wp:featuredmedia":[{"embeddable":true,"href":"https:\/\/www.cig-icg.gr\/fr\/wp-json\/wp\/v2\/media\/6413"}],"wp:attachment":[{"href":"https:\/\/www.cig-icg.gr\/fr\/wp-json\/wp\/v2\/media?parent=6905"}],"curies":[{"name":"wp","href":"https:\/\/api.w.org\/{rel}","templated":true}]}}