{"id":6899,"date":"2022-03-14T17:02:36","date_gmt":"2022-03-14T15:02:36","guid":{"rendered":"https:\/\/cig-icg.gr\/bulletin\/"},"modified":"2024-11-26T14:26:04","modified_gmt":"2024-11-26T12:26:04","slug":"bulletin","status":"publish","type":"page","link":"https:\/\/www.cig-icg.gr\/fr\/bulletin\/","title":{"rendered":"Bulletin"},"content":{"rendered":"<p><div class=\"fusion-fullwidth fullwidth-box fusion-builder-row-1 fusion-flex-container nonhundred-percent-fullwidth non-hundred-percent-height-scrolling\" style=\"--awb-border-radius-top-left:0px;--awb-border-radius-top-right:0px;--awb-border-radius-bottom-right:0px;--awb-border-radius-bottom-left:0px;--awb-flex-wrap:wrap;\" ><div class=\"fusion-builder-row fusion-row fusion-flex-align-items-flex-start fusion-flex-content-wrap\" style=\"max-width:1216.8px;margin-left: calc(-4% \/ 2 );margin-right: calc(-4% \/ 2 );\"><div class=\"fusion-layout-column fusion_builder_column fusion-builder-column-0 fusion_builder_column_1_1 1_1 fusion-flex-column\" style=\"--awb-bg-size:cover;--awb-width-large:100%;--awb-margin-top-large:0px;--awb-spacing-right-large:1.92%;--awb-margin-bottom-large:20px;--awb-spacing-left-large:1.92%;--awb-width-medium:100%;--awb-order-medium:0;--awb-spacing-right-medium:1.92%;--awb-spacing-left-medium:1.92%;--awb-width-small:100%;--awb-order-small:0;--awb-spacing-right-small:1.92%;--awb-spacing-left-small:1.92%;\"><div class=\"fusion-column-wrapper fusion-column-has-shadow fusion-flex-justify-content-flex-start fusion-content-layout-column\"><div class=\"fusion-text fusion-text-1\"><p>L\u2019Institut publie un bulletin bimestriel destin\u00e9 \u00e0 garder ses membres inform\u00e9s des derniers \u00e9v\u00e9nements ayant eu lieu \u00e0 l\u2019Institut et des activit\u00e9s de ses membres. Le Bulletin comprend en outre les rapports ponctuels de la direction, les rapports financiers, les rapports de missions, et des articles r\u00e9dig\u00e9s par les stagiaires et les boursiers. Le plus r\u00e9cent num\u00e9ro du Bulletin (volume 47) est paru en octobre 2021. Des copies \u00e9lectroniques des pr\u00e9c\u00e9dents num\u00e9ros peuvent \u00eatre consult\u00e9es ci-dessous:<\/p>\n<\/div><\/div><\/div><\/div><\/div><div class=\"fusion-fullwidth fullwidth-box fusion-builder-row-2 fusion-flex-container nonhundred-percent-fullwidth non-hundred-percent-height-scrolling\" style=\"--awb-border-radius-top-left:0px;--awb-border-radius-top-right:0px;--awb-border-radius-bottom-right:0px;--awb-border-radius-bottom-left:0px;--awb-flex-wrap:wrap;\" ><div class=\"fusion-builder-row fusion-row fusion-flex-align-items-flex-start fusion-flex-content-wrap\" style=\"max-width:1216.8px;margin-left: calc(-4% \/ 2 );margin-right: calc(-4% \/ 2 );\"><div class=\"fusion-layout-column fusion_builder_column fusion-builder-column-1 fusion_builder_column_1_4 1_4 fusion-flex-column\" style=\"--awb-bg-size:cover;--awb-width-large:25%;--awb-margin-top-large:0px;--awb-spacing-right-large:7.68%;--awb-margin-bottom-large:20px;--awb-spacing-left-large:7.68%;--awb-width-medium:25%;--awb-order-medium:0;--awb-spacing-right-medium:7.68%;--awb-spacing-left-medium:7.68%;--awb-width-small:100%;--awb-order-small:0;--awb-spacing-right-small:1.92%;--awb-spacing-left-small:1.92%;\"><div class=\"fusion-column-wrapper fusion-column-has-shadow fusion-flex-justify-content-flex-start fusion-content-layout-column\"><div ><a class=\"fusion-button button-flat fusion-button-default-size button-default fusion-button-default button-1 fusion-button-span-yes fusion-button-default-type\" style=\"--awb-margin-bottom:20px;\" target=\"_self\" href=\"https:\/\/cig-icg.gr\/wp-content\/uploads\/2022\/03\/Bulletin46.pdf\"><span class=\"fusion-button-text awb-button__text awb-button__text--default\">Bulletin 46 &#8211; Automne 2020<\/span><\/a><\/div><div ><a class=\"fusion-button button-flat fusion-button-default-size button-default fusion-button-default button-2 fusion-button-span-yes fusion-button-default-type\" style=\"--awb-margin-bottom:20px;\" target=\"_self\" href=\"https:\/\/cig-icg.gr\/wp-content\/uploads\/2022\/03\/Bulletin45.pdf\"><span class=\"fusion-button-text awb-button__text awb-button__text--default\">Bulletin 45 &#8211; Printemps 2020<\/span><\/a><\/div><div ><a class=\"fusion-button button-flat fusion-button-default-size button-default fusion-button-default button-3 fusion-button-span-yes fusion-button-default-type\" style=\"--awb-margin-bottom:20px;\" target=\"_self\" href=\"https:\/\/cig-icg.gr\/wp-content\/uploads\/2022\/03\/Bulletin44.pdf\"><span class=\"fusion-button-text awb-button__text awb-button__text--default\">Bulletin 44 &#8211; Automne 2019<\/span><\/a><\/div><div ><a class=\"fusion-button button-flat fusion-button-default-size button-default fusion-button-default button-4 fusion-button-span-yes fusion-button-default-type\" style=\"--awb-margin-bottom:20px;\" target=\"_self\" href=\"https:\/\/cig-icg.gr\/wp-content\/uploads\/2022\/03\/Bulletin43.pdf\"><span class=\"fusion-button-text awb-button__text awb-button__text--default\">Bulletin 43 &#8211; Printemps 2019<\/span><\/a><\/div><div ><a class=\"fusion-button button-flat fusion-button-default-size button-default fusion-button-default button-5 fusion-button-span-yes fusion-button-default-type\" style=\"--awb-margin-bottom:20px;\" target=\"_self\" href=\"https:\/\/cig-icg.gr\/wp-content\/uploads\/2022\/03\/Bulletin42.pdf\"><span class=\"fusion-button-text awb-button__text awb-button__text--default\">Bulletin 42 &#8211; Automne 2018<\/span><\/a><\/div><div ><a class=\"fusion-button button-flat fusion-button-default-size button-default fusion-button-default button-6 fusion-button-span-yes fusion-button-default-type\" style=\"--awb-margin-bottom:20px;\" target=\"_self\" href=\"https:\/\/cig-icg.gr\/wp-content\/uploads\/2022\/03\/Bulletin41.pdf\"><span class=\"fusion-button-text awb-button__text awb-button__text--default\">Bulletin 41 &#8211; Printemps 2018<\/span><\/a><\/div><div ><a class=\"fusion-button button-flat fusion-button-default-size button-default fusion-button-default button-7 fusion-button-span-yes fusion-button-default-type\" style=\"--awb-margin-bottom:20px;\" target=\"_self\" href=\"https:\/\/cig-icg.gr\/wp-content\/uploads\/2022\/03\/Bulletin40.pdf\"><span class=\"fusion-button-text awb-button__text awb-button__text--default\">Bulletin 40 &#8211; Automne 2017<\/span><\/a><\/div><\/div><\/div><div class=\"fusion-layout-column fusion_builder_column fusion-builder-column-2 fusion_builder_column_1_4 1_4 fusion-flex-column\" style=\"--awb-bg-size:cover;--awb-width-large:25%;--awb-margin-top-large:0px;--awb-spacing-right-large:7.68%;--awb-margin-bottom-large:20px;--awb-spacing-left-large:7.68%;--awb-width-medium:25%;--awb-order-medium:0;--awb-spacing-right-medium:7.68%;--awb-spacing-left-medium:7.68%;--awb-width-small:100%;--awb-order-small:0;--awb-spacing-right-small:1.92%;--awb-spacing-left-small:1.92%;\"><div class=\"fusion-column-wrapper fusion-column-has-shadow fusion-flex-justify-content-flex-start fusion-content-layout-column\"><div ><a class=\"fusion-button button-flat fusion-button-default-size button-default fusion-button-default button-8 fusion-button-span-yes fusion-button-default-type\" style=\"--awb-margin-bottom:20px;\" target=\"_self\" href=\"https:\/\/cig-icg.gr\/wp-content\/uploads\/2022\/03\/Bulletin39.pdf\"><span class=\"fusion-button-text awb-button__text awb-button__text--default\">Bulletin 39 &#8211; Printemps 2017<\/span><\/a><\/div><div ><a class=\"fusion-button button-flat fusion-button-default-size button-default fusion-button-default button-9 fusion-button-span-yes fusion-button-default-type\" style=\"--awb-margin-bottom:20px;\" target=\"_self\" href=\"https:\/\/cig-icg.gr\/wp-content\/uploads\/2022\/03\/Bulletin38.pdf\"><span class=\"fusion-button-text awb-button__text awb-button__text--default\">Bulletin 38 &#8211; Automne 2016<\/span><\/a><\/div><div ><a class=\"fusion-button button-flat fusion-button-default-size button-default fusion-button-default button-10 fusion-button-span-yes fusion-button-default-type\" style=\"--awb-margin-bottom:20px;\" target=\"_self\" href=\"https:\/\/cig-icg.gr\/wp-content\/uploads\/2022\/03\/Bulletin37.pdf\"><span class=\"fusion-button-text awb-button__text awb-button__text--default\">Bulletin 37 &#8211; Printemps 2016<\/span><\/a><\/div><div ><a class=\"fusion-button button-flat fusion-button-default-size button-default fusion-button-default button-11 fusion-button-span-yes fusion-button-default-type\" style=\"--awb-margin-bottom:20px;\" target=\"_self\" href=\"https:\/\/cig-icg.gr\/wp-content\/uploads\/2022\/03\/Bulletin36.pdf\"><span class=\"fusion-button-text awb-button__text awb-button__text--default\">Bulletin 36 &#8211; Automne 2015<\/span><\/a><\/div><div ><a class=\"fusion-button button-flat fusion-button-default-size button-default fusion-button-default button-12 fusion-button-span-yes fusion-button-default-type\" style=\"--awb-margin-bottom:20px;\" target=\"_self\" href=\"https:\/\/cig-icg.gr\/wp-content\/uploads\/2022\/03\/Bulletin35.pdf\"><span class=\"fusion-button-text awb-button__text awb-button__text--default\">Bulletin 35 &#8211; Printemps 2015<\/span><\/a><\/div><div ><a class=\"fusion-button button-flat fusion-button-default-size button-default fusion-button-default button-13 fusion-button-span-yes fusion-button-default-type\" style=\"--awb-margin-bottom:20px;\" target=\"_self\" href=\"https:\/\/cig-icg.gr\/wp-content\/uploads\/2022\/03\/Bulletin34.pdf\"><span class=\"fusion-button-text awb-button__text awb-button__text--default\">Bulletin 34 &#8211; Automne 2014<\/span><\/a><\/div><div ><a class=\"fusion-button button-flat fusion-button-default-size button-default fusion-button-default button-14 fusion-button-span-yes fusion-button-default-type\" style=\"--awb-margin-bottom:20px;\" target=\"_self\" href=\"https:\/\/cig-icg.gr\/wp-content\/uploads\/2022\/03\/Bulletin33.pdf\"><span class=\"fusion-button-text awb-button__text awb-button__text--default\">Bulletin 33 &#8211; Printemps 2014<\/span><\/a><\/div><div ><a class=\"fusion-button button-flat fusion-button-default-size button-default fusion-button-default button-15 fusion-button-span-yes fusion-button-default-type\" style=\"--awb-margin-bottom:20px;\" target=\"_self\" href=\"https:\/\/cig-icg.gr\/wp-content\/uploads\/2022\/03\/Bulletin32.pdf\"><span class=\"fusion-button-text awb-button__text awb-button__text--default\">Bulletin 32 &#8211; Automne 2013<\/span><\/a><\/div><div ><a class=\"fusion-button button-flat fusion-button-default-size button-default fusion-button-default button-16 fusion-button-span-yes fusion-button-default-type\" style=\"--awb-margin-bottom:20px;\" target=\"_self\" href=\"https:\/\/cig-icg.gr\/wp-content\/uploads\/2022\/03\/Bulletin31.pdf\"><span class=\"fusion-button-text awb-button__text awb-button__text--default\">Bulletin 31 &#8211; Printemps 2013<\/span><\/a><\/div><div ><a class=\"fusion-button button-flat fusion-button-default-size button-default fusion-button-default button-17 fusion-button-span-yes fusion-button-default-type\" style=\"--awb-margin-bottom:20px;\" target=\"_self\" href=\"https:\/\/cig-icg.gr\/wp-content\/uploads\/2022\/03\/Bulletin30.pdf\"><span class=\"fusion-button-text awb-button__text awb-button__text--default\">Bulletin 30 &#8211; Automne 2012<\/span><\/a><\/div><\/div><\/div><div class=\"fusion-layout-column fusion_builder_column fusion-builder-column-3 fusion_builder_column_1_4 1_4 fusion-flex-column\" style=\"--awb-bg-size:cover;--awb-width-large:25%;--awb-margin-top-large:0px;--awb-spacing-right-large:7.68%;--awb-margin-bottom-large:20px;--awb-spacing-left-large:7.68%;--awb-width-medium:25%;--awb-order-medium:0;--awb-spacing-right-medium:7.68%;--awb-spacing-left-medium:7.68%;--awb-width-small:100%;--awb-order-small:0;--awb-spacing-right-small:1.92%;--awb-spacing-left-small:1.92%;\"><div class=\"fusion-column-wrapper fusion-column-has-shadow fusion-flex-justify-content-flex-start fusion-content-layout-column\"><div ><a class=\"fusion-button button-flat fusion-button-default-size button-default fusion-button-default button-18 fusion-button-span-yes fusion-button-default-type\" style=\"--awb-margin-bottom:20px;\" target=\"_self\" href=\"https:\/\/cig-icg.gr\/wp-content\/uploads\/2022\/03\/Bulletin29.pdf\"><span class=\"fusion-button-text awb-button__text awb-button__text--default\">Bulletin 29 &#8211; Printemps 2012<\/span><\/a><\/div><div ><a class=\"fusion-button button-flat fusion-button-default-size button-default fusion-button-default button-19 fusion-button-span-yes fusion-button-default-type\" style=\"--awb-margin-bottom:20px;\" target=\"_self\" href=\"https:\/\/cig-icg.gr\/wp-content\/uploads\/2022\/03\/Bulletin28.pdf\"><span class=\"fusion-button-text awb-button__text awb-button__text--default\">Bulletin 28 &#8211; Automne 2011<\/span><\/a><\/div><div ><a class=\"fusion-button button-flat fusion-button-default-size button-default fusion-button-default button-20 fusion-button-span-yes fusion-button-default-type\" style=\"--awb-margin-bottom:20px;\" target=\"_self\" href=\"https:\/\/cig-icg.gr\/wp-content\/uploads\/2022\/03\/Bulletin27.pdf\"><span class=\"fusion-button-text awb-button__text awb-button__text--default\">Bulletin 27 &#8211; Printemps 2011<\/span><\/a><\/div><div ><a class=\"fusion-button button-flat fusion-button-default-size button-default fusion-button-default button-21 fusion-button-span-yes fusion-button-default-type\" style=\"--awb-margin-bottom:20px;\" target=\"_self\" href=\"https:\/\/cig-icg.gr\/wp-content\/uploads\/2022\/03\/Bulletin26.pdf\"><span class=\"fusion-button-text awb-button__text awb-button__text--default\">Bulletin 26 &#8211; Automne 2010<\/span><\/a><\/div><div ><a class=\"fusion-button button-flat fusion-button-default-size button-default fusion-button-default button-22 fusion-button-span-yes fusion-button-default-type\" style=\"--awb-margin-bottom:20px;\" target=\"_self\" href=\"https:\/\/cig-icg.gr\/wp-content\/uploads\/2022\/03\/Bulletin25.pdf\"><span class=\"fusion-button-text awb-button__text awb-button__text--default\">Bulletin 25 &#8211; Printemps 2010<\/span><\/a><\/div><div ><a class=\"fusion-button button-flat fusion-button-default-size button-default fusion-button-default button-23 fusion-button-span-yes fusion-button-default-type\" style=\"--awb-margin-bottom:20px;\" target=\"_self\" href=\"https:\/\/cig-icg.gr\/wp-content\/uploads\/2022\/03\/Bulletin24.pdf\"><span class=\"fusion-button-text awb-button__text awb-button__text--default\">Bulletin 24 &#8211; Automne 2009<\/span><\/a><\/div><div ><a class=\"fusion-button button-flat fusion-button-default-size button-default fusion-button-default button-24 fusion-button-span-yes fusion-button-default-type\" style=\"--awb-margin-bottom:20px;\" target=\"_self\" href=\"https:\/\/cig-icg.gr\/wp-content\/uploads\/2022\/03\/Bulletin23.pdf\"><span class=\"fusion-button-text awb-button__text awb-button__text--default\">Bulletin 23 &#8211; Printemps 2009<\/span><\/a><\/div><\/div><\/div><div class=\"fusion-layout-column fusion_builder_column fusion-builder-column-4 fusion_builder_column_1_4 1_4 fusion-flex-column\" style=\"--awb-bg-size:cover;--awb-width-large:25%;--awb-margin-top-large:0px;--awb-spacing-right-large:7.68%;--awb-margin-bottom-large:20px;--awb-spacing-left-large:7.68%;--awb-width-medium:25%;--awb-order-medium:0;--awb-spacing-right-medium:7.68%;--awb-spacing-left-medium:7.68%;--awb-width-small:100%;--awb-order-small:0;--awb-spacing-right-small:1.92%;--awb-spacing-left-small:1.92%;\"><div class=\"fusion-column-wrapper fusion-column-has-shadow fusion-flex-justify-content-flex-start fusion-content-layout-column\"><\/div><\/div><\/div><\/div><\/p>\n","protected":false},"excerpt":{"rendered":"","protected":false},"author":1,"featured_media":6445,"parent":0,"menu_order":0,"comment_status":"closed","ping_status":"closed","template":"","meta":{"_EventAllDay":false,"_EventTimezone":"","_EventStartDate":"","_EventEndDate":"","_EventStartDateUTC":"","_EventEndDateUTC":"","_EventShowMap":false,"_EventShowMapLink":false,"_EventURL":"","_EventCost":"","_EventCostDescription":"","_EventCurrencySymbol":"","_EventCurrencyCode":"","_EventCurrencyPosition":"","_EventDateTimeSeparator":"","_EventTimeRangeSeparator":"","_EventOrganizerID":[],"_EventVenueID":[],"_OrganizerEmail":"","_OrganizerPhone":"","_OrganizerWebsite":"","_VenueAddress":"","_VenueCity":"","_VenueCountry":"","_VenueProvince":"","_VenueState":"","_VenueZip":"","_VenuePhone":"","_VenueURL":"","_VenueStateProvince":"","_VenueLat":"","_VenueLng":"","_VenueShowMap":false,"_VenueShowMapLink":false,"footnotes":""},"class_list":["post-6899","page","type-page","status-publish","has-post-thumbnail","hentry"],"_links":{"self":[{"href":"https:\/\/www.cig-icg.gr\/fr\/wp-json\/wp\/v2\/pages\/6899","targetHints":{"allow":["GET"]}}],"collection":[{"href":"https:\/\/www.cig-icg.gr\/fr\/wp-json\/wp\/v2\/pages"}],"about":[{"href":"https:\/\/www.cig-icg.gr\/fr\/wp-json\/wp\/v2\/types\/page"}],"author":[{"embeddable":true,"href":"https:\/\/www.cig-icg.gr\/fr\/wp-json\/wp\/v2\/users\/1"}],"replies":[{"embeddable":true,"href":"https:\/\/www.cig-icg.gr\/fr\/wp-json\/wp\/v2\/comments?post=6899"}],"version-history":[{"count":0,"href":"https:\/\/www.cig-icg.gr\/fr\/wp-json\/wp\/v2\/pages\/6899\/revisions"}],"wp:featuredmedia":[{"embeddable":true,"href":"https:\/\/www.cig-icg.gr\/fr\/wp-json\/wp\/v2\/media\/6445"}],"wp:attachment":[{"href":"https:\/\/www.cig-icg.gr\/fr\/wp-json\/wp\/v2\/media?parent=6899"}],"curies":[{"name":"wp","href":"https:\/\/api.w.org\/{rel}","templated":true}]}}