{"id":6869,"date":"2022-03-13T23:38:53","date_gmt":"2022-03-13T21:38:53","guid":{"rendered":"https:\/\/cig-icg.gr\/hebergement\/"},"modified":"2025-11-14T17:52:07","modified_gmt":"2025-11-14T15:52:07","slug":"hebergement","status":"publish","type":"page","link":"https:\/\/www.cig-icg.gr\/fr\/hebergement\/","title":{"rendered":"H\u00e9bergement"},"content":{"rendered":"<p><div class=\"fusion-fullwidth fullwidth-box fusion-builder-row-1 fusion-flex-container nonhundred-percent-fullwidth non-hundred-percent-height-scrolling\" style=\"--awb-border-radius-top-left:0px;--awb-border-radius-top-right:0px;--awb-border-radius-bottom-right:0px;--awb-border-radius-bottom-left:0px;--awb-flex-wrap:wrap;\" ><div class=\"fusion-builder-row fusion-row fusion-flex-align-items-flex-start fusion-flex-content-wrap\" style=\"max-width:1216.8px;margin-left: calc(-4% \/ 2 );margin-right: calc(-4% \/ 2 );\"><div class=\"fusion-layout-column fusion_builder_column fusion-builder-column-0 fusion_builder_column_1_1 1_1 fusion-flex-column\" style=\"--awb-bg-size:cover;--awb-width-large:100%;--awb-margin-top-large:0px;--awb-spacing-right-large:1.92%;--awb-margin-bottom-large:20px;--awb-spacing-left-large:1.92%;--awb-width-medium:100%;--awb-order-medium:0;--awb-spacing-right-medium:1.92%;--awb-spacing-left-medium:1.92%;--awb-width-small:100%;--awb-order-small:0;--awb-spacing-right-small:1.92%;--awb-spacing-left-small:1.92%;\"><div class=\"fusion-column-wrapper fusion-column-has-shadow fusion-flex-justify-content-flex-start fusion-content-layout-column\"><div class=\"fusion-text fusion-text-1\"><p>L&rsquo;Institut canadien est dot\u00e9 de logements ind\u00e9pendants dont la location est offerte aux membres. L&rsquo;h\u00e9bergement est situ\u00e9 au troisi\u00e8me \u00e9tage du immeuble at Dionysiou Aiginitou 7 (just a 7-8-minute walk from the Institute itself), et comprend cinq chambres \u00e0 coucher (avec espace de travail) et trois salles de bains. Des couvertures, draps et serviettes propres ainsi que le nettoyage complet des chambres sont offerts par l&rsquo;Institut sur une base hebdomadaire.<\/p>\n<p>Des couvertures, draps et serviettes propres ainsi que le nettoyage complet des chambres sont offerts par l&rsquo;Institut sur une base hebdomadaire. Les personnes voyageant avec leur propre ordinateur peuvent b\u00e9n\u00e9ficier d&rsquo;un acc\u00e8s sans fil \u00e0 l&rsquo;Internet \u00e0 haut d\u00e9bit. et d&rsquo;un t\u00e9l\u00e9phone capable de recevoir les appels entrants [+30 (211) 418-8174] et les appels sortants within Greece.<\/p>\n<p>Toutes les chambres peuvent recevoir une ou deux personnes. Elles comprennent un syst\u00e8me de chauffage central et de climatisation. La chambre 1 poss\u00e8de un balcon et une salle de bain priv\u00e9e. Les chambres 2 et 3 se partagent une salle d&rsquo;eau et un balcon. Les chambres 4 et 5 ont des toilettes communes; la chambre 4 poss\u00e8de une large fen\u00eatre donnant sur la rue; la chambre 5 consiste en une pi\u00e8ce ferm\u00e9e.<\/p>\n<\/div><\/div><\/div><\/div><\/div><div class=\"fusion-fullwidth fullwidth-box fusion-builder-row-2 fusion-flex-container fusion-parallax-none nonhundred-percent-fullwidth non-hundred-percent-height-scrolling lazyload fusion-animated\" style=\"--awb-background-position:center top;--awb-border-radius-top-left:0px;--awb-border-radius-top-right:0px;--awb-border-radius-bottom-right:0px;--awb-border-radius-bottom-left:0px;--awb-padding-top:160px;--awb-padding-right:154px;--awb-padding-bottom:160px;--awb-padding-left:128px;--awb-padding-top-medium:110px;--awb-padding-bottom-medium:110px;--awb-padding-top-small:2em;--awb-padding-right-small:0px;--awb-padding-bottom-small:2em;--awb-padding-left-small:0px;--awb-margin-top:100px;--awb-margin-bottom:100px;--awb-margin-bottom-medium:80px;--awb-margin-bottom-small:0.5em;--awb-background-color:hsla(var(--awb-color8-h),var(--awb-color8-s),calc( var(--awb-color8-l) + 10% ),var(--awb-color8-a));--awb-background-image:linear-gradient(180deg, hsla(var(--awb-color8-h),var(--awb-color8-s),var(--awb-color8-l),calc( var(--awb-color8-a) - 65% )) 0%,hsla(var(--awb-color8-h),var(--awb-color8-s),var(--awb-color8-l),calc( var(--awb-color8-a) - 70% )) 100%);;--awb-background-size:cover;--awb-flex-wrap:wrap;\" data-bg=\"https:\/\/cig-icg.gr\/wp-content\/uploads\/2024\/01\/accomodation_video_screenshot-1024x576.webp\" data-bg-gradient=\"linear-gradient(180deg, hsla(var(--awb-color8-h),var(--awb-color8-s),var(--awb-color8-l),calc( var(--awb-color8-a) - 65% )) 0%,hsla(var(--awb-color8-h),var(--awb-color8-s),var(--awb-color8-l),calc( var(--awb-color8-a) - 70% )) 100%)\" data-animationType=\"fadeIn\" data-animationDuration=\"1.3\" data-animationOffset=\"top-into-view\" ><div class=\"fusion-builder-row fusion-row fusion-flex-align-items-flex-start fusion-flex-content-wrap\" style=\"max-width:calc( 1170px + 0px );margin-left: calc(-0px \/ 2 );margin-right: calc(-0px \/ 2 );\"><div class=\"fusion-layout-column fusion_builder_column fusion-builder-column-1 fusion_builder_column_1_1 1_1 fusion-flex-column fusion-animated\" style=\"--awb-padding-top:70px;--awb-padding-bottom:70px;--awb-padding-right-medium:1em;--awb-padding-left-medium:1em;--awb-overflow:hidden;--awb-bg-color:rgba(38,38,38,0.73);--awb-bg-color-hover:rgba(38,38,38,0.73);--awb-bg-blend:overlay;--awb-bg-size:cover;--awb-border-color:#2b0c68;--awb-border-style:solid;--awb-border-radius:5px 5px 5px 5px;--awb-width-large:100%;--awb-margin-top-large:0px;--awb-spacing-right-large:0px;--awb-margin-bottom-large:0px;--awb-spacing-left-large:0px;--awb-width-medium:100%;--awb-spacing-right-medium:0px;--awb-spacing-left-medium:0px;--awb-width-small:100%;--awb-spacing-right-small:0px;--awb-spacing-left-small:0px;\" data-animationType=\"fadeInUp\" data-animationDuration=\"0.8\" data-animationOffset=\"top-into-view\"><div class=\"fusion-column-wrapper fusion-flex-justify-content-flex-start fusion-content-layout-column\"><div class=\"fusion-separator fusion-full-width-sep\" style=\"align-self: center;margin-left: auto;margin-right: auto;margin-top:10px;width:100%;\"><\/div><div class=\"fusion-title title fusion-title-1 fusion-sep-none fusion-title-center fusion-title-text fusion-title-size-two\" style=\"--awb-text-color:var(--awb-color1);--awb-margin-bottom:20px;--awb-margin-top-small:10px;--awb-margin-right-small:0px;--awb-margin-bottom-small:10px;--awb-margin-left-small:0px;\"><h2 class=\"fusion-title-heading title-heading-center fusion-responsive-typography-calculated\" style=\"font-family:&quot;Roboto Slab&quot;;font-style:normal;font-weight:400;margin:0;--fontSize:42;line-height:var(--awb-typography1-line-height);\">Disponibilit\u00e9s et r\u00e9servations<\/h2><\/div><div class=\"fusion-text fusion-text-2\" style=\"--awb-content-alignment:center;--awb-text-color:var(--awb-color1);--awb-margin-right:0.5em;--awb-margin-left:0.5em;\"><p>Les places d&rsquo;h\u00e9bergement \u00e9tant limit\u00e9es et tr\u00e8s demand\u00e9es (particuli\u00e8rement au printemps et en \u00e9t\u00e9), veuillez prendre contact avec nos responsables plusieurs semaines avant votre arriv\u00e9e \u00e0 Ath\u00e8nes afin de r\u00e9server votre h\u00e9bergement.<\/p>\n<\/div><div style=\"text-align:center;\"><a class=\"fusion-button button-flat fusion-button-default-size button-custom fusion-button-default button-1 fusion-button-span-no fusion-button-default-type\" style=\"--awb-padding-top:1em;--awb-padding-right:5em;--awb-padding-bottom:1em;--awb-padding-left:5em;--button_accent_color:var(--awb-color1);--button_accent_hover_color:var(--awb-color1);--button_border_hover_color:var(--awb-color1);--button-border-radius-top-left:5px;--button-border-radius-top-right:5px;--button-border-radius-bottom-right:5px;--button-border-radius-bottom-left:5px;--button_gradient_top_color:#6d0700;--button_gradient_bottom_color:#6d0700;--button_gradient_top_color_hover:#300900;--button_gradient_bottom_color_hover:#300900;--button_text_transform:uppercase;\" target=\"_self\" href=\"mailto:ad@cig-icg.gr\"><span class=\"fusion-button-text awb-button__text awb-button__text--default\">R\u00e9server maintenant<\/span><\/a><\/div><div class=\"fusion-separator fusion-full-width-sep\" style=\"align-self: center;margin-left: auto;margin-right: auto;margin-top:16px;width:100%;\"><\/div><\/div><\/div><\/div><\/div><div class=\"fusion-fullwidth fullwidth-box fusion-builder-row-3 fusion-flex-container nonhundred-percent-fullwidth non-hundred-percent-height-scrolling\" style=\"--awb-border-radius-top-left:0px;--awb-border-radius-top-right:0px;--awb-border-radius-bottom-right:0px;--awb-border-radius-bottom-left:0px;--awb-flex-wrap:wrap;\" ><div class=\"fusion-builder-row fusion-row fusion-flex-align-items-flex-start fusion-flex-content-wrap\" style=\"max-width:1216.8px;margin-left: calc(-4% \/ 2 );margin-right: calc(-4% \/ 2 );\"><div class=\"fusion-layout-column fusion_builder_column fusion-builder-column-2 fusion_builder_column_1_1 1_1 fusion-flex-column\" style=\"--awb-bg-size:cover;--awb-width-large:100%;--awb-margin-top-large:0px;--awb-spacing-right-large:1.92%;--awb-margin-bottom-large:20px;--awb-spacing-left-large:1.92%;--awb-width-medium:100%;--awb-order-medium:0;--awb-spacing-right-medium:1.92%;--awb-spacing-left-medium:1.92%;--awb-width-small:100%;--awb-order-small:0;--awb-spacing-right-small:1.92%;--awb-spacing-left-small:1.92%;\"><div class=\"fusion-column-wrapper fusion-column-has-shadow fusion-flex-justify-content-flex-start fusion-content-layout-column\"><div class=\"awb-gallery-wrapper awb-gallery-wrapper-1 button-span-no\" style=\"--more-btn-alignment:center;\"><div style=\"margin:-5px;--awb-bordersize:0px;\" class=\"fusion-gallery fusion-gallery-container fusion-grid-2 fusion-columns-total-4 fusion-gallery-layout-grid fusion-gallery-1\"><div style=\"padding:5px;\" class=\"fusion-grid-column fusion-gallery-column fusion-gallery-column-2 hover-type-none\"><div class=\"fusion-gallery-image\"><a href=\"https:\/\/www.cig-icg.gr\/wp-content\/uploads\/2024\/01\/accomodation_1-jpg.webp\" rel=\"noreferrer\" data-rel=\"iLightbox[gallery_image_1]\" class=\"fusion-lightbox\" target=\"_self\"><img decoding=\"async\" src=\"https:\/\/www.cig-icg.gr\/wp-content\/uploads\/2024\/01\/accomodation_1-jpg.webp\" data-orig-src=\"https:\/\/www.cig-icg.gr\/wp-content\/uploads\/2024\/01\/accomodation_1-jpg.webp\" width=\"1424\" height=\"1068\" alt=\"\" title=\"accomodation_1\" aria-label=\"accomodation_1\" class=\"lazyload img-responsive wp-image-11999\" srcset=\"data:image\/svg+xml,%3Csvg%20xmlns%3D%27http%3A%2F%2Fwww.w3.org%2F2000%2Fsvg%27%20width%3D%271424%27%20height%3D%271068%27%20viewBox%3D%270%200%201424%201068%27%3E%3Crect%20width%3D%271424%27%20height%3D%271068%27%20fill-opacity%3D%220%22%2F%3E%3C%2Fsvg%3E\" data-srcset=\"https:\/\/www.cig-icg.gr\/wp-content\/uploads\/2024\/01\/accomodation_1-200x150.webp 200w, https:\/\/www.cig-icg.gr\/wp-content\/uploads\/2024\/01\/accomodation_1-400x300.webp 400w, https:\/\/www.cig-icg.gr\/wp-content\/uploads\/2024\/01\/accomodation_1-600x450.webp 600w, https:\/\/www.cig-icg.gr\/wp-content\/uploads\/2024\/01\/accomodation_1-800x600.webp 800w, https:\/\/www.cig-icg.gr\/wp-content\/uploads\/2024\/01\/accomodation_1-1200x900.webp 1200w, https:\/\/www.cig-icg.gr\/wp-content\/uploads\/2024\/01\/accomodation_1-jpg.webp 1424w\" data-sizes=\"auto\" data-orig-sizes=\"(min-width: 2200px) 100vw, (min-width: 732px) 583px, (min-width: 640px) 732px, \" \/><\/a><\/div><\/div><div style=\"padding:5px;\" class=\"fusion-grid-column fusion-gallery-column fusion-gallery-column-2 hover-type-none\"><div class=\"fusion-gallery-image\"><a href=\"https:\/\/www.cig-icg.gr\/wp-content\/uploads\/2024\/01\/accomodation_2-jpg.webp\" rel=\"noreferrer\" data-rel=\"iLightbox[gallery_image_1]\" class=\"fusion-lightbox\" target=\"_self\"><img decoding=\"async\" src=\"https:\/\/www.cig-icg.gr\/wp-content\/uploads\/2024\/01\/accomodation_2-jpg.webp\" data-orig-src=\"https:\/\/www.cig-icg.gr\/wp-content\/uploads\/2024\/01\/accomodation_2-jpg.webp\" width=\"1418\" height=\"1064\" alt=\"\" title=\"accomodation_2\" aria-label=\"accomodation_2\" class=\"lazyload img-responsive wp-image-12002\" srcset=\"data:image\/svg+xml,%3Csvg%20xmlns%3D%27http%3A%2F%2Fwww.w3.org%2F2000%2Fsvg%27%20width%3D%271418%27%20height%3D%271064%27%20viewBox%3D%270%200%201418%201064%27%3E%3Crect%20width%3D%271418%27%20height%3D%271064%27%20fill-opacity%3D%220%22%2F%3E%3C%2Fsvg%3E\" data-srcset=\"https:\/\/www.cig-icg.gr\/wp-content\/uploads\/2024\/01\/accomodation_2-200x150.webp 200w, https:\/\/www.cig-icg.gr\/wp-content\/uploads\/2024\/01\/accomodation_2-400x300.webp 400w, https:\/\/www.cig-icg.gr\/wp-content\/uploads\/2024\/01\/accomodation_2-600x450.webp 600w, https:\/\/www.cig-icg.gr\/wp-content\/uploads\/2024\/01\/accomodation_2-800x600.webp 800w, https:\/\/www.cig-icg.gr\/wp-content\/uploads\/2024\/01\/accomodation_2-1200x900.webp 1200w, https:\/\/www.cig-icg.gr\/wp-content\/uploads\/2024\/01\/accomodation_2-jpg.webp 1418w\" data-sizes=\"auto\" data-orig-sizes=\"(min-width: 2200px) 100vw, (min-width: 732px) 583px, (min-width: 640px) 732px, \" \/><\/a><\/div><\/div><div class=\"clearfix\"><\/div><div style=\"padding:5px;\" class=\"fusion-grid-column fusion-gallery-column fusion-gallery-column-2 hover-type-none\"><div class=\"fusion-gallery-image\"><a href=\"https:\/\/www.cig-icg.gr\/wp-content\/uploads\/2024\/01\/accomodation_kitchen-jpg.webp\" rel=\"noreferrer\" data-rel=\"iLightbox[gallery_image_1]\" class=\"fusion-lightbox\" target=\"_self\"><img decoding=\"async\" src=\"https:\/\/www.cig-icg.gr\/wp-content\/uploads\/2024\/01\/accomodation_kitchen-jpg.webp\" data-orig-src=\"https:\/\/www.cig-icg.gr\/wp-content\/uploads\/2024\/01\/accomodation_kitchen-jpg.webp\" width=\"1387\" height=\"1040\" alt=\"\" title=\"accomodation_kitchen\" aria-label=\"accomodation_kitchen\" class=\"lazyload img-responsive wp-image-12005\" srcset=\"data:image\/svg+xml,%3Csvg%20xmlns%3D%27http%3A%2F%2Fwww.w3.org%2F2000%2Fsvg%27%20width%3D%271387%27%20height%3D%271040%27%20viewBox%3D%270%200%201387%201040%27%3E%3Crect%20width%3D%271387%27%20height%3D%271040%27%20fill-opacity%3D%220%22%2F%3E%3C%2Fsvg%3E\" data-srcset=\"https:\/\/www.cig-icg.gr\/wp-content\/uploads\/2024\/01\/accomodation_kitchen-200x150.webp 200w, https:\/\/www.cig-icg.gr\/wp-content\/uploads\/2024\/01\/accomodation_kitchen-400x300.webp 400w, https:\/\/www.cig-icg.gr\/wp-content\/uploads\/2024\/01\/accomodation_kitchen-600x450.webp 600w, https:\/\/www.cig-icg.gr\/wp-content\/uploads\/2024\/01\/accomodation_kitchen-800x600.webp 800w, https:\/\/www.cig-icg.gr\/wp-content\/uploads\/2024\/01\/accomodation_kitchen-1200x900.webp 1200w, https:\/\/www.cig-icg.gr\/wp-content\/uploads\/2024\/01\/accomodation_kitchen-jpg.webp 1387w\" data-sizes=\"auto\" data-orig-sizes=\"(min-width: 2200px) 100vw, (min-width: 732px) 583px, (min-width: 640px) 732px, \" \/><\/a><\/div><\/div><div style=\"padding:5px;\" class=\"fusion-grid-column fusion-gallery-column fusion-gallery-column-2 hover-type-none\"><div class=\"fusion-gallery-image\"><a href=\"https:\/\/www.cig-icg.gr\/wp-content\/uploads\/2024\/01\/accomodation_3-jpg.webp\" rel=\"noreferrer\" data-rel=\"iLightbox[gallery_image_1]\" class=\"fusion-lightbox\" target=\"_self\"><img decoding=\"async\" src=\"https:\/\/www.cig-icg.gr\/wp-content\/uploads\/2024\/01\/accomodation_3-jpg.webp\" data-orig-src=\"https:\/\/www.cig-icg.gr\/wp-content\/uploads\/2024\/01\/accomodation_3-jpg.webp\" width=\"1440\" height=\"1080\" alt=\"\" title=\"accomodation_3\" aria-label=\"accomodation_3\" class=\"lazyload img-responsive wp-image-12008\" srcset=\"data:image\/svg+xml,%3Csvg%20xmlns%3D%27http%3A%2F%2Fwww.w3.org%2F2000%2Fsvg%27%20width%3D%271440%27%20height%3D%271080%27%20viewBox%3D%270%200%201440%201080%27%3E%3Crect%20width%3D%271440%27%20height%3D%271080%27%20fill-opacity%3D%220%22%2F%3E%3C%2Fsvg%3E\" data-srcset=\"https:\/\/www.cig-icg.gr\/wp-content\/uploads\/2024\/01\/accomodation_3-200x150.webp 200w, https:\/\/www.cig-icg.gr\/wp-content\/uploads\/2024\/01\/accomodation_3-400x300.webp 400w, https:\/\/www.cig-icg.gr\/wp-content\/uploads\/2024\/01\/accomodation_3-600x450.webp 600w, https:\/\/www.cig-icg.gr\/wp-content\/uploads\/2024\/01\/accomodation_3-800x600.webp 800w, https:\/\/www.cig-icg.gr\/wp-content\/uploads\/2024\/01\/accomodation_3-1200x900.webp 1200w, https:\/\/www.cig-icg.gr\/wp-content\/uploads\/2024\/01\/accomodation_3-jpg.webp 1440w\" data-sizes=\"auto\" data-orig-sizes=\"(min-width: 2200px) 100vw, (min-width: 732px) 583px, (min-width: 640px) 732px, \" \/><\/a><\/div><\/div><div class=\"clearfix\"><\/div><\/div><\/div><\/div><\/div><\/div><\/div><\/p>\n","protected":false},"excerpt":{"rendered":"","protected":false},"author":1,"featured_media":12128,"parent":0,"menu_order":0,"comment_status":"closed","ping_status":"closed","template":"","meta":{"_EventAllDay":false,"_EventTimezone":"","_EventStartDate":"","_EventEndDate":"","_EventStartDateUTC":"","_EventEndDateUTC":"","_EventShowMap":false,"_EventShowMapLink":false,"_EventURL":"","_EventCost":"","_EventCostDescription":"","_EventCurrencySymbol":"","_EventCurrencyCode":"","_EventCurrencyPosition":"","_EventDateTimeSeparator":"","_EventTimeRangeSeparator":"","_EventOrganizerID":[],"_EventVenueID":[],"_OrganizerEmail":"","_OrganizerPhone":"","_OrganizerWebsite":"","_VenueAddress":"","_VenueCity":"","_VenueCountry":"","_VenueProvince":"","_VenueState":"","_VenueZip":"","_VenuePhone":"","_VenueURL":"","_VenueStateProvince":"","_VenueLat":"","_VenueLng":"","_VenueShowMap":false,"_VenueShowMapLink":false,"footnotes":""},"class_list":["post-6869","page","type-page","status-publish","has-post-thumbnail","hentry"],"_links":{"self":[{"href":"https:\/\/www.cig-icg.gr\/fr\/wp-json\/wp\/v2\/pages\/6869","targetHints":{"allow":["GET"]}}],"collection":[{"href":"https:\/\/www.cig-icg.gr\/fr\/wp-json\/wp\/v2\/pages"}],"about":[{"href":"https:\/\/www.cig-icg.gr\/fr\/wp-json\/wp\/v2\/types\/page"}],"author":[{"embeddable":true,"href":"https:\/\/www.cig-icg.gr\/fr\/wp-json\/wp\/v2\/users\/1"}],"replies":[{"embeddable":true,"href":"https:\/\/www.cig-icg.gr\/fr\/wp-json\/wp\/v2\/comments?post=6869"}],"version-history":[{"count":0,"href":"https:\/\/www.cig-icg.gr\/fr\/wp-json\/wp\/v2\/pages\/6869\/revisions"}],"wp:featuredmedia":[{"embeddable":true,"href":"https:\/\/www.cig-icg.gr\/fr\/wp-json\/wp\/v2\/media\/12128"}],"wp:attachment":[{"href":"https:\/\/www.cig-icg.gr\/fr\/wp-json\/wp\/v2\/media?parent=6869"}],"curies":[{"name":"wp","href":"https:\/\/api.w.org\/{rel}","templated":true}]}}