{"id":12092,"date":"2024-02-19T09:58:43","date_gmt":"2024-02-19T07:58:43","guid":{"rendered":"https:\/\/cig-icg.gr\/product\/%ce%ac%cf%81%ce%b3%ce%b9%ce%bb%ce%bf%cf%82-4-les-defenses-de-la-grece-du-nord\/"},"modified":"2024-02-20T09:04:58","modified_gmt":"2024-02-20T07:04:58","slug":"%ce%ac%cf%81%ce%b3%ce%b9%ce%bb%ce%bf%cf%82-4-les-defenses-de-la-grece-du-nord","status":"publish","type":"product","link":"https:\/\/www.cig-icg.gr\/el\/product\/%ce%ac%cf%81%ce%b3%ce%b9%ce%bb%ce%bf%cf%82-4-les-defenses-de-la-grece-du-nord\/","title":{"rendered":"Argilos 4. Les d\u00e9fenses de la Gr\u00e8ce du Nord"},"content":{"rendered":"<p><strong>Argilos 4. Les d\u00e9fenses de la Gr\u00e8ce du Nord : architecture, g\u00e9ographie, histoire et ph\u00e9nom\u00e8nes r\u00e9gionaux aux p\u00e9riodes archa\u00efque, classique et hell\u00e9nistique<\/strong><br \/>\nKeven Ouellet<\/p>\n<p>\u0395\u03ba\u03b4\u03cc\u03c3\u03b5\u03b9\u03c2 \u03c4\u03bf\u03c5 \u039a\u03b1\u03bd\u03b1\u03b4\u03b9\u03ba\u03bf\u03cd \u0399\u03bd\u03c3\u03c4\u03b9\u03c4\u03bf\u03cd\u03c4\u03bf\u03c5 \u03c3\u03c4\u03b7\u03bd \u0395\u03bb\u03bb\u03ac\u03b4\u03b1, \u03b1\u03c1\u03b9\u03b8. 14<br \/>\n2024<\/p>\n<p><a href=\"https:\/\/cig-icg.gr\/wp-content\/uploads\/2024\/02\/Argilos4.pdf\">\u03a0\u03af\u03bd\u03b1\u03ba\u03b1\u03c2 \u03a0\u03b5\u03c1\u03b9\u03b5\u03c7\u03bf\u03bc\u03ad\u03bd\u03c9\u03bd<\/a><\/p>\n","protected":false},"excerpt":{"rendered":"<p>Argilos 4. Les d\u00e9fenses de la Gr\u00e8ce du Nord : architecture, g\u00e9ographie, histoire et ph\u00e9nom\u00e8nes r\u00e9gionaux aux p\u00e9riodes archa\u00efque, classique et hell\u00e9nistique Keven Ouellet \u0395\u03ba\u03b4\u03cc\u03c3\u03b5\u03b9\u03c2 \u03c4\u03bf\u03c5 \u039a\u03b1\u03bd\u03b1\u03b4\u03b9\u03ba\u03bf\u03cd \u0399\u03bd\u03c3\u03c4\u03b9\u03c4\u03bf\u03cd\u03c4\u03bf\u03c5 \u03c3\u03c4\u03b7\u03bd \u0395\u03bb\u03bb\u03ac\u03b4\u03b1, \u03b1\u03c1\u03b9\u03b8. 14 2024 \u03a0\u03af\u03bd\u03b1\u03ba\u03b1\u03c2 \u03a0\u03b5\u03c1\u03b9\u03b5\u03c7\u03bf\u03bc\u03ad\u03bd\u03c9\u03bd<\/p>\n","protected":false},"featured_media":12086,"template":"","meta":{"_EventAllDay":false,"_EventTimezone":"","_EventStartDate":"","_EventEndDate":"","_EventStartDateUTC":"","_EventEndDateUTC":"","_EventShowMap":false,"_EventShowMapLink":false,"_EventURL":"","_EventCost":"","_EventCostDescription":"","_EventCurrencySymbol":"","_EventCurrencyCode":"","_EventCurrencyPosition":"","_EventDateTimeSeparator":"","_EventTimeRangeSeparator":"","_EventOrganizerID":[],"_EventVenueID":[],"_OrganizerEmail":"","_OrganizerPhone":"","_OrganizerWebsite":"","_VenueAddress":"","_VenueCity":"","_VenueCountry":"","_VenueProvince":"","_VenueState":"","_VenueZip":"","_VenuePhone":"","_VenueURL":"","_VenueStateProvince":"","_VenueLat":"","_VenueLng":"","_VenueShowMap":false,"_VenueShowMapLink":false},"product_brand":[],"product_cat":[142],"product_tag":[],"class_list":{"0":"post-12092","1":"product","2":"type-product","3":"status-publish","4":"has-post-thumbnail","6":"product_cat-monographs-el","8":"first","9":"instock","10":"shipping-taxable","11":"purchasable","12":"product-type-variable"},"_links":{"self":[{"href":"https:\/\/www.cig-icg.gr\/el\/wp-json\/wp\/v2\/product\/12092","targetHints":{"allow":["GET"]}}],"collection":[{"href":"https:\/\/www.cig-icg.gr\/el\/wp-json\/wp\/v2\/product"}],"about":[{"href":"https:\/\/www.cig-icg.gr\/el\/wp-json\/wp\/v2\/types\/product"}],"wp:featuredmedia":[{"embeddable":true,"href":"https:\/\/www.cig-icg.gr\/el\/wp-json\/wp\/v2\/media\/12086"}],"wp:attachment":[{"href":"https:\/\/www.cig-icg.gr\/el\/wp-json\/wp\/v2\/media?parent=12092"}],"wp:term":[{"taxonomy":"product_brand","embeddable":true,"href":"https:\/\/www.cig-icg.gr\/el\/wp-json\/wp\/v2\/product_brand?post=12092"},{"taxonomy":"product_cat","embeddable":true,"href":"https:\/\/www.cig-icg.gr\/el\/wp-json\/wp\/v2\/product_cat?post=12092"},{"taxonomy":"product_tag","embeddable":true,"href":"https:\/\/www.cig-icg.gr\/el\/wp-json\/wp\/v2\/product_tag?post=12092"}],"curies":[{"name":"wp","href":"https:\/\/api.w.org\/{rel}","templated":true}]}}